{"id":1473,"date":"2025-11-20T13:41:54","date_gmt":"2025-11-20T13:41:54","guid":{"rendered":"https:\/\/acecoll.com\/?post_type=product&#038;p=1473"},"modified":"2026-04-07T08:13:18","modified_gmt":"2026-04-07T08:13:18","slug":"ac034-ylimitoitettu-erittain-pitka-kerailykappale-kukri-machete","status":"publish","type":"product","link":"https:\/\/acecoll.com\/fi\/product\/ac034-ylimitoitettu-erittain-pitka-kerailykappale-kukri-machete\/","title":{"rendered":"AC034 Ylimitoitettu ja erikoispitk\u00e4 ker\u00e4ilykappale Kukri Machete"},"content":{"rendered":"<p>AC034 on ylisuuri ker\u00e4ilykappale Kukri Machete. Sen muotoilussa keskityt\u00e4\u00e4n ensiluokkaiseen n\u00e4ytt\u00f6\u00f6n.Samanaikaisesti t\u00e4m\u00e4 veitsi on poikkeuksellisen suorituskykyinen.<\/p>\n<p>Sill\u00e4 on tehokkaat pilkkomis- ja ulkoiluominaisuudet.AC034:n kokonaispituus on vaikuttava $600mm\\ (23.62\\ tuumaa)$, joten se on eritt\u00e4in suuri ker\u00e4ilyesine.Ter\u00e4ss\u00e4 k\u00e4ytet\u00e4\u00e4n korkealaatuista DC53-ter\u00e4st\u00e4. Selk\u00e4rangan paksuus on $6mm$. Se tarjoaa erinomaista sitkeytt\u00e4, kulutuskest\u00e4vyytt\u00e4 ja kovuutta.<\/p>\n<p>T\u00e4m\u00e4 takaa luotettavuuden raskaana ty\u00f6kaluna ker\u00e4ilyarvon lis\u00e4ksi.Kahva on valmistettu harvinaisesta Pao Ferro -puusta, jossa on kaunis luonnollinen jyv\u00e4. Se tarjoaa mukavan otteen.<\/p>\n<p>Se sis\u00e4lt\u00e4\u00e4 mukautetun, paksun, korkealaatuisen nahkatupen. Yhdistelm\u00e4 takaa erottuvuuden sek\u00e4 n\u00e4yt\u00f6ss\u00e4 ett\u00e4 s\u00e4ilytyksess\u00e4. T\u00e4m\u00e4 nostaa merkitt\u00e4v\u00e4sti AC034:n kokoelma-arvoa ja yleist\u00e4 arvostusta.<\/p>","protected":false},"excerpt":{"rendered":"<p>Ylisuuret tekniset tiedot: $600mm\\ (23.62\\ tuumaa)$ kokonaispituus, mik\u00e4 vahvistaa sen aseman eritt\u00e4in suurena ker\u00e4ilyesineen\u00e4. Suunniteltu huippuluokan harrastajille, tarjoaa voimakkaan visuaalisen vaikutuksen ja merkitt\u00e4v\u00e4n sijoitusarvon.<br \/>\nPremium puukahva: K\u00e4densija on valmistettu harvinaisesta Pao Ferrosta (afrikkalainen mustapuu), jossa on kaunis luonnollinen v\u00e4ri. Tarjoaa mukavan ja turvallisen otteen; materiaali ja viimeistely kuvastavat tinkim\u00e4t\u00f6nt\u00e4 laatua ja ylellisyytt\u00e4.<br \/>\nMukautettu nahkatuppi: Sis\u00e4lt\u00e4\u00e4 r\u00e4\u00e4t\u00e4l\u00f6idyn, paksun aitoa nahkaa olevan tupen. Tuppi parantaa veitsen esittely\u00e4 ja tarjoaa erinomaisen ratkaisun sek\u00e4 esittelyyn ett\u00e4 s\u00e4ilytykseen.<br \/>\nDC53 High-Performance Steel: Ter\u00e4 k\u00e4ytt\u00e4\u00e4 korkealaatuista DC53-ter\u00e4st\u00e4. T\u00e4m\u00e4 materiaali takaa erinomaisen sitkeyden, kulutuskest\u00e4vyyden ja kovuuden, mik\u00e4 takaa erinomaiset leikkuu- ja pilkkomisominaisuudet sek\u00e4 ker\u00e4ilyarvon.<br \/>\nIhanteellinen lahja ja esittelykappale: Tarjoaa vertaansa vailla olevaa arvoa ja silmiinpist\u00e4v\u00e4\u00e4 l\u00e4sn\u00e4oloa.<\/p>","protected":false},"featured_media":1479,"comment_status":"open","ping_status":"closed","template":"","meta":{"_acf_changed":false,"inline_featured_image":false,"slim_seo":{"title":"AC034 Oversized & Extra-Long Collectible Kukri Machete - ACECOLL","description":"Ylisuuret tekniset tiedot: $600mm\\ (23.62\\ tuumaa)$ kokonaispituus, mik\u00e4 vahvistaa sen aseman eritt\u00e4in suurena ker\u00e4ilyesineen\u00e4. Suunniteltu korkealuokkaisille harrastajille."}},"product_brand":[],"product_cat":[16,26],"product_tag":[],"class_list":{"0":"post-1473","1":"product","2":"type-product","3":"status-publish","4":"has-post-thumbnail","6":"product_cat-fixed-blade-knife","7":"product_cat-kukri-style-knives","9":"first","10":"instock","11":"taxable","12":"shipping-taxable","13":"purchasable","14":"product-type-simple"},"acf":[],"_links":{"self":[{"href":"https:\/\/acecoll.com\/fi\/wp-json\/wp\/v2\/product\/1473","targetHints":{"allow":["GET"]}}],"collection":[{"href":"https:\/\/acecoll.com\/fi\/wp-json\/wp\/v2\/product"}],"about":[{"href":"https:\/\/acecoll.com\/fi\/wp-json\/wp\/v2\/types\/product"}],"replies":[{"embeddable":true,"href":"https:\/\/acecoll.com\/fi\/wp-json\/wp\/v2\/comments?post=1473"}],"version-history":[{"count":3,"href":"https:\/\/acecoll.com\/fi\/wp-json\/wp\/v2\/product\/1473\/revisions"}],"predecessor-version":[{"id":2035,"href":"https:\/\/acecoll.com\/fi\/wp-json\/wp\/v2\/product\/1473\/revisions\/2035"}],"wp:featuredmedia":[{"embeddable":true,"href":"https:\/\/acecoll.com\/fi\/wp-json\/wp\/v2\/media\/1479"}],"wp:attachment":[{"href":"https:\/\/acecoll.com\/fi\/wp-json\/wp\/v2\/media?parent=1473"}],"wp:term":[{"taxonomy":"product_brand","embeddable":true,"href":"https:\/\/acecoll.com\/fi\/wp-json\/wp\/v2\/product_brand?post=1473"},{"taxonomy":"product_cat","embeddable":true,"href":"https:\/\/acecoll.com\/fi\/wp-json\/wp\/v2\/product_cat?post=1473"},{"taxonomy":"product_tag","embeddable":true,"href":"https:\/\/acecoll.com\/fi\/wp-json\/wp\/v2\/product_tag?post=1473"}],"curies":[{"name":"wp","href":"https:\/\/api.w.org\/{rel}","templated":true}]}}