{"id":1481,"date":"2025-11-20T13:47:11","date_gmt":"2025-11-20T13:47:11","guid":{"rendered":"https:\/\/acecoll.com\/?post_type=product&#038;p=1481"},"modified":"2026-04-07T09:38:19","modified_gmt":"2026-04-07T09:38:19","slug":"ac035-pitka-suora-taktinen-selviytymisveitsi","status":"publish","type":"product","link":"https:\/\/acecoll.com\/fi\/product\/ac035-pitka-suora-taktinen-selviytymisveitsi\/","title":{"rendered":"AC035 Pitk\u00e4 suora taktinen selviytymisveitsi"},"content":{"rendered":"<p>AC035 on eritt\u00e4in kest\u00e4v\u00e4 pitk\u00e4 suora taktinen machete. Ker\u00e4ily\u00e4 ja esittely\u00e4 pidemm\u00e4lle menev\u00e4ll\u00e4 veitsell\u00e4 on vankka rakenne ja poikkeuksellinen suorituskyky.<\/p>\n<p>Sen h\u00e4mm\u00e4stytt\u00e4v\u00e4 8 mm:n ter\u00e4paksuus ja Full-Tang-rakenne takaavat raskaan pilkkomisen ja \u00e4\u00e4rimm\u00e4iset selviytymisominaisuudet ulkona.<\/p>\n<p>Ter\u00e4ss\u00e4 k\u00e4ytet\u00e4\u00e4n korkealaatuista T440 Powder Steel -ter\u00e4st\u00e4. T\u00e4m\u00e4 on ensiluokkainen ter\u00e4s, joka tarjoaa erinomaisen korkean kovuuden, kulutuskest\u00e4vyyden ja korroosionkest\u00e4vyyden. Se takaa pitk\u00e4kestoisen ter\u00e4n s\u00e4ilymisen.<\/p>\n<p>Kahva on valmistettu valitusta puumateriaalista. Se tarjoaa vankan ja luotettavan otteen, joka kuvastaa klassisen taisteluveitsen p\u00e4\u00e4tt\u00e4v\u00e4ist\u00e4 luonnetta.<\/p>\n<p>Se sis\u00e4lt\u00e4\u00e4 mukautetun, laadukkaan nahkatupen. T\u00e4m\u00e4 lis\u00e4\u00e4 merkitt\u00e4v\u00e4sti AC035:n kokoelman arvoa ja yleist\u00e4 arvostusta. Tuppi tekee siit\u00e4 my\u00f6s helposti kannettavan puskien raivaukseen tai ulkoilmassa selviytymisteht\u00e4viin.<\/p>","protected":false},"excerpt":{"rendered":"<p>Eritt\u00e4in kest\u00e4v\u00e4 rakenne ja suorituskyky: Se tarjoaa vertaansa vailla olevaa kest\u00e4vyytt\u00e4 ja iskunkest\u00e4vyytt\u00e4, joka ylitt\u00e4\u00e4 tavanomaiset machete-m\u00e4\u00e4rittelyt. Full-Tang-muotoilu takaa poikkeuksellisen suorituskyvyn \u00e4\u00e4rimm\u00e4isiss\u00e4 pilkkomis- ja kentt\u00e4t\u00f6iss\u00e4.<br \/>\nT440 pulveriter\u00e4ksest\u00e4 valmistettu ter\u00e4: T440 Powder Steel. T\u00e4m\u00e4 on ensiluokkainen ter\u00e4s, jossa yhdistyv\u00e4t korkea kovuus, erinomainen kulutuskest\u00e4vyys ja luotettava korroosionkest\u00e4vyys, mik\u00e4 takaa erinomaisen ja pitk\u00e4aikaisen ter\u00e4n s\u00e4ilymisen.<br \/>\nPitk\u00e4 suora taktinen muotoilu: (16,14 tuumaa) pitk\u00e4 suora ter\u00e4 ja ainutlaatuinen kaksitoiminen sahan selk\u00e4ranka. Se yhdist\u00e4\u00e4 pilkkomis-, halkaisu- ja leikkausominaisuudet, jotka on suunniteltu taktiseen selviytymiseen ja raskaaseen ulkoilman raivaukseen.<br \/>\nKer\u00e4ilymateriaalit ja k\u00e4sity\u00f6taito: AC035 saavuttaa suuren ker\u00e4ily- ja esittelyarvon tasapainottamalla hy\u00f6ty- ja esteettiset ominaisuudet. T\u00e4m\u00e4 n\u00e4kyy sen tehokkaassa ter\u00e4ksess\u00e4, valikoiduissa puukahvoissa (jotka antavat tukevan otteen) sek\u00e4 sen yleisess\u00e4 korkealaatuisessa viimeistelyss\u00e4 ja k\u00e4sity\u00f6taidossa.<\/p>","protected":false},"featured_media":1482,"comment_status":"open","ping_status":"closed","template":"","meta":{"_acf_changed":false,"inline_featured_image":false,"slim_seo":{"description":"AC035 Pitk\u00e4 taktinen selviytymisveitsi: Soveltuu ensiluokkaiseen ker\u00e4ilyyn, \u00e4\u00e4rimm\u00e4iseen puskaty\u00f6h\u00f6n ja raskaaseen raivaukseen. Nyt t\u00e4ysin julkaistu. Tutustu suorituskykyyn.","title":"AC035 Long Straight Tactical Survival Machete - ACECOLL"}},"product_brand":[],"product_cat":[16,17,18],"product_tag":[],"class_list":{"0":"post-1481","1":"product","2":"type-product","3":"status-publish","4":"has-post-thumbnail","6":"product_cat-fixed-blade-knife","7":"product_cat-full-tang-knives","8":"product_cat-survival-knives","10":"first","11":"instock","12":"taxable","13":"shipping-taxable","14":"purchasable","15":"product-type-simple"},"acf":[],"_links":{"self":[{"href":"https:\/\/acecoll.com\/fi\/wp-json\/wp\/v2\/product\/1481","targetHints":{"allow":["GET"]}}],"collection":[{"href":"https:\/\/acecoll.com\/fi\/wp-json\/wp\/v2\/product"}],"about":[{"href":"https:\/\/acecoll.com\/fi\/wp-json\/wp\/v2\/types\/product"}],"replies":[{"embeddable":true,"href":"https:\/\/acecoll.com\/fi\/wp-json\/wp\/v2\/comments?post=1481"}],"version-history":[{"count":4,"href":"https:\/\/acecoll.com\/fi\/wp-json\/wp\/v2\/product\/1481\/revisions"}],"predecessor-version":[{"id":2039,"href":"https:\/\/acecoll.com\/fi\/wp-json\/wp\/v2\/product\/1481\/revisions\/2039"}],"wp:featuredmedia":[{"embeddable":true,"href":"https:\/\/acecoll.com\/fi\/wp-json\/wp\/v2\/media\/1482"}],"wp:attachment":[{"href":"https:\/\/acecoll.com\/fi\/wp-json\/wp\/v2\/media?parent=1481"}],"wp:term":[{"taxonomy":"product_brand","embeddable":true,"href":"https:\/\/acecoll.com\/fi\/wp-json\/wp\/v2\/product_brand?post=1481"},{"taxonomy":"product_cat","embeddable":true,"href":"https:\/\/acecoll.com\/fi\/wp-json\/wp\/v2\/product_cat?post=1481"},{"taxonomy":"product_tag","embeddable":true,"href":"https:\/\/acecoll.com\/fi\/wp-json\/wp\/v2\/product_tag?post=1481"}],"curies":[{"name":"wp","href":"https:\/\/api.w.org\/{rel}","templated":true}]}}