{"id":1726,"date":"2025-12-10T09:31:49","date_gmt":"2025-12-10T09:31:49","guid":{"rendered":"https:\/\/acecoll.com\/?post_type=product&#038;p=1726"},"modified":"2025-12-10T11:29:32","modified_gmt":"2025-12-10T11:29:32","slug":"af007-keihaankarkinen-taittoveitsi","status":"publish","type":"product","link":"https:\/\/acecoll.com\/fi\/product\/af007-keihaankarkinen-taittoveitsi\/","title":{"rendered":"AF007 Spear Point taittoveitsi"},"content":{"rendered":"","protected":false},"excerpt":{"rendered":"<p>Hy\u00f6tysuunnittelu: muotoilu on rohkea ja minimalistinen, virtaviivainen ter\u00e4 yhdistettyn\u00e4 khakinv\u00e4riseen kahvaan, mik\u00e4 t\u00e4ytt\u00e4\u00e4 toiveesi suorituskykyisen ty\u00f6kalun ulkon\u00e4\u00f6st\u00e4.<\/p>\n<p>Premium Ter\u00e4n materiaali: Ter\u00e4 on valmistettu D2-luokan korkeahiilisest\u00e4 ty\u00f6kaluter\u00e4ksest\u00e4, joka tarjoaa erinomaisen ter\u00e4n s\u00e4ilymisen ja kulutuskest\u00e4vyyden. Varmistaa ter\u00e4n kest\u00e4vyyden ja luotettavuuden leikkausteht\u00e4vien aikana.<\/p>\n<p>Mukava ote: Kahva tarjoaa mukavan otteen, joka takaa vakauden, luistoneston ja vankan otteen, mik\u00e4 tekee siit\u00e4 luotettavan EDC-ty\u00f6kalun.<\/p>","protected":false},"featured_media":1733,"comment_status":"open","ping_status":"closed","template":"","meta":{"_acf_changed":false,"inline_featured_image":false,"slim_seo":{"title":"AF007 Spear Point Folding Knife - ACECOLL","description":"Hy\u00f6tysuunnittelu: Suunnittelu on rohkea ja minimalistinen, virtaviivainen ter\u00e4 yhdistettyn\u00e4 khakinv\u00e4riseen kahvaan, joka tyydytt\u00e4\u00e4 halusi korkean suorituskyvyn ulkon\u00e4k\u00f6\u00f6n."}},"product_brand":[],"product_cat":[66,65],"product_tag":[],"class_list":{"0":"post-1726","1":"product","2":"type-product","3":"status-publish","4":"has-post-thumbnail","6":"product_cat-edc-knives","7":"product_cat-folding-knife","9":"first","10":"instock","11":"taxable","12":"shipping-taxable","13":"purchasable","14":"product-type-simple"},"acf":[],"_links":{"self":[{"href":"https:\/\/acecoll.com\/fi\/wp-json\/wp\/v2\/product\/1726","targetHints":{"allow":["GET"]}}],"collection":[{"href":"https:\/\/acecoll.com\/fi\/wp-json\/wp\/v2\/product"}],"about":[{"href":"https:\/\/acecoll.com\/fi\/wp-json\/wp\/v2\/types\/product"}],"replies":[{"embeddable":true,"href":"https:\/\/acecoll.com\/fi\/wp-json\/wp\/v2\/comments?post=1726"}],"version-history":[{"count":4,"href":"https:\/\/acecoll.com\/fi\/wp-json\/wp\/v2\/product\/1726\/revisions"}],"predecessor-version":[{"id":1738,"href":"https:\/\/acecoll.com\/fi\/wp-json\/wp\/v2\/product\/1726\/revisions\/1738"}],"wp:featuredmedia":[{"embeddable":true,"href":"https:\/\/acecoll.com\/fi\/wp-json\/wp\/v2\/media\/1733"}],"wp:attachment":[{"href":"https:\/\/acecoll.com\/fi\/wp-json\/wp\/v2\/media?parent=1726"}],"wp:term":[{"taxonomy":"product_brand","embeddable":true,"href":"https:\/\/acecoll.com\/fi\/wp-json\/wp\/v2\/product_brand?post=1726"},{"taxonomy":"product_cat","embeddable":true,"href":"https:\/\/acecoll.com\/fi\/wp-json\/wp\/v2\/product_cat?post=1726"},{"taxonomy":"product_tag","embeddable":true,"href":"https:\/\/acecoll.com\/fi\/wp-json\/wp\/v2\/product_tag?post=1726"}],"curies":[{"name":"wp","href":"https:\/\/api.w.org\/{rel}","templated":true}]}}