{"id":1739,"date":"2025-12-10T15:22:49","date_gmt":"2025-12-10T15:22:49","guid":{"rendered":"https:\/\/acecoll.com\/?post_type=product&#038;p=1739"},"modified":"2025-12-10T15:22:49","modified_gmt":"2025-12-10T15:22:49","slug":"af006-raskas-taittoveitsi","status":"publish","type":"product","link":"https:\/\/acecoll.com\/fi\/product\/af006-raskas-taittoveitsi\/","title":{"rendered":"AF006 Heavy-Duty taittoveitsi"},"content":{"rendered":"","protected":false},"excerpt":{"rendered":"<p>\u00c4\u00e4rimm\u00e4inen rakenteellinen lujuus: Paksu ja leve\u00e4 ter\u00e4muotoilu takaa poikkeuksellisen korkean ter\u00e4vyyden ja rakenteellisen j\u00e4ykkyyden.<\/p>\n<p>Erottuva esteettinen muotoilu: Se parantaa mekaanista tuntumaa ja antaa veitselle ainutlaatuisen, karun teollisen estetiikan.<\/p>\n<p>Premium D2 -ter\u00e4s Materiaali: Se on tunnettu erinomaisesta kulutuskest\u00e4vyydest\u00e4\u00e4n ja ter\u00e4n kest\u00e4vyydest\u00e4\u00e4n. T\u00e4m\u00e4 takaa, ett\u00e4 AF006 s\u00e4ilytt\u00e4\u00e4 ter\u00e4v\u00e4n leikkaustehon pitk\u00e4kestoisessa ulkoilmaeloonj\u00e4\u00e4mis- tai retkeilyk\u00e4yt\u00f6ss\u00e4.<\/p>","protected":false},"featured_media":1740,"comment_status":"open","ping_status":"closed","template":"","meta":{"_acf_changed":false,"inline_featured_image":false,"slim_seo":{"description":"AF006 raskas taittoveitsi. Rakennettu poikkeuksellisen kest\u00e4v\u00e4ll\u00e4 rakenteella, jossa yhdistyv\u00e4t luotettavuus ja voiman tuntu. Sopii er\u00e4maassa selviytymiseen, retkeilyyn ja EDC:hen. Klikkaa nyt saadaksesi lis\u00e4tietoja!","title":"AF006 Heavy-Duty Folding Knife - ACECOLL"}},"product_brand":[],"product_cat":[66,65],"product_tag":[],"class_list":{"0":"post-1739","1":"product","2":"type-product","3":"status-publish","4":"has-post-thumbnail","6":"product_cat-edc-knives","7":"product_cat-folding-knife","9":"first","10":"instock","11":"taxable","12":"shipping-taxable","13":"purchasable","14":"product-type-simple"},"acf":[],"_links":{"self":[{"href":"https:\/\/acecoll.com\/fi\/wp-json\/wp\/v2\/product\/1739","targetHints":{"allow":["GET"]}}],"collection":[{"href":"https:\/\/acecoll.com\/fi\/wp-json\/wp\/v2\/product"}],"about":[{"href":"https:\/\/acecoll.com\/fi\/wp-json\/wp\/v2\/types\/product"}],"replies":[{"embeddable":true,"href":"https:\/\/acecoll.com\/fi\/wp-json\/wp\/v2\/comments?post=1739"}],"version-history":[{"count":1,"href":"https:\/\/acecoll.com\/fi\/wp-json\/wp\/v2\/product\/1739\/revisions"}],"predecessor-version":[{"id":1746,"href":"https:\/\/acecoll.com\/fi\/wp-json\/wp\/v2\/product\/1739\/revisions\/1746"}],"wp:featuredmedia":[{"embeddable":true,"href":"https:\/\/acecoll.com\/fi\/wp-json\/wp\/v2\/media\/1740"}],"wp:attachment":[{"href":"https:\/\/acecoll.com\/fi\/wp-json\/wp\/v2\/media?parent=1739"}],"wp:term":[{"taxonomy":"product_brand","embeddable":true,"href":"https:\/\/acecoll.com\/fi\/wp-json\/wp\/v2\/product_brand?post=1739"},{"taxonomy":"product_cat","embeddable":true,"href":"https:\/\/acecoll.com\/fi\/wp-json\/wp\/v2\/product_cat?post=1739"},{"taxonomy":"product_tag","embeddable":true,"href":"https:\/\/acecoll.com\/fi\/wp-json\/wp\/v2\/product_tag?post=1739"}],"curies":[{"name":"wp","href":"https:\/\/api.w.org\/{rel}","templated":true}]}}