{"id":1940,"date":"2026-01-05T14:01:53","date_gmt":"2026-01-05T14:01:53","guid":{"rendered":"https:\/\/acecoll.com\/?post_type=product&#038;p=1940"},"modified":"2026-04-08T13:53:32","modified_gmt":"2026-04-08T13:53:32","slug":"ac036-nayttoluokan-pitka-kiinteaterainen-veitsi","status":"publish","type":"product","link":"https:\/\/acecoll.com\/fi\/product\/ac036-nayttoluokan-pitka-kiinteaterainen-veitsi\/","title":{"rendered":"AC036 Display-luokan pitk\u00e4 kiinte\u00e4ter\u00e4inen veitsi"},"content":{"rendered":"<p>AC036 Display-Grade Collector's Long Fixed Blade -veitsess\u00e4 on suora, puhdas ter\u00e4profiili ja hienostunut, minimalistinen ulkon\u00e4k\u00f6. AUS-10-ter\u00e4ksest\u00e4 taottu ja nahkatupen kanssa yhdistetty veitsi on suunniteltu ker\u00e4ilyyn, n\u00e4ytteillepanoon.<\/p>","protected":false},"excerpt":{"rendered":"<ul>\n<li>Suora, puhdas, pitk\u00e4 ter\u00e4profiili<\/li>\n<li>Taottu AUS-10 ter\u00e4ksest\u00e4<\/li>\n<li>Sis\u00e4lt\u00e4\u00e4 nahkatupen<\/li>\n<li>Soveltuu ker\u00e4ilyyn ja esillepanoon<\/li>\n<\/ul>","protected":false},"featured_media":2052,"comment_status":"open","ping_status":"closed","template":"","meta":{"_acf_changed":false,"inline_featured_image":false,"slim_seo":{"description":"AC036 Display-Grade Collector's Long Fixed Blade -veitsi, joka on taottu AUS-10-ter\u00e4ksest\u00e4 ja jossa on suora ter\u00e4profiili. Mukana nahkatuppi, Klikkaa lis\u00e4tietoja!","title":"AC036 Display-Grade Long Fixed Blade Knife - ACECOLL"}},"product_brand":[],"product_cat":[16],"product_tag":[],"class_list":{"0":"post-1940","1":"product","2":"type-product","3":"status-publish","4":"has-post-thumbnail","6":"product_cat-fixed-blade-knife","8":"first","9":"instock","10":"taxable","11":"shipping-taxable","12":"purchasable","13":"product-type-simple"},"acf":[],"_links":{"self":[{"href":"https:\/\/acecoll.com\/fi\/wp-json\/wp\/v2\/product\/1940","targetHints":{"allow":["GET"]}}],"collection":[{"href":"https:\/\/acecoll.com\/fi\/wp-json\/wp\/v2\/product"}],"about":[{"href":"https:\/\/acecoll.com\/fi\/wp-json\/wp\/v2\/types\/product"}],"replies":[{"embeddable":true,"href":"https:\/\/acecoll.com\/fi\/wp-json\/wp\/v2\/comments?post=1940"}],"version-history":[{"count":7,"href":"https:\/\/acecoll.com\/fi\/wp-json\/wp\/v2\/product\/1940\/revisions"}],"predecessor-version":[{"id":2060,"href":"https:\/\/acecoll.com\/fi\/wp-json\/wp\/v2\/product\/1940\/revisions\/2060"}],"wp:featuredmedia":[{"embeddable":true,"href":"https:\/\/acecoll.com\/fi\/wp-json\/wp\/v2\/media\/2052"}],"wp:attachment":[{"href":"https:\/\/acecoll.com\/fi\/wp-json\/wp\/v2\/media?parent=1940"}],"wp:term":[{"taxonomy":"product_brand","embeddable":true,"href":"https:\/\/acecoll.com\/fi\/wp-json\/wp\/v2\/product_brand?post=1940"},{"taxonomy":"product_cat","embeddable":true,"href":"https:\/\/acecoll.com\/fi\/wp-json\/wp\/v2\/product_cat?post=1940"},{"taxonomy":"product_tag","embeddable":true,"href":"https:\/\/acecoll.com\/fi\/wp-json\/wp\/v2\/product_tag?post=1940"}],"curies":[{"name":"wp","href":"https:\/\/api.w.org\/{rel}","templated":true}]}}