{"id":2087,"date":"2026-04-14T02:58:42","date_gmt":"2026-04-14T02:58:42","guid":{"rendered":"https:\/\/acecoll.com\/?post_type=product&#038;p=2087"},"modified":"2026-04-14T02:58:44","modified_gmt":"2026-04-14T02:58:44","slug":"ac041-collector-grade-full-tang-outdoor-machete","status":"publish","type":"product","link":"https:\/\/acecoll.com\/fi\/product\/ac041-collector-grade-full-tang-outdoor-machete\/","title":{"rendered":"AC041 Collector-luokan t\u00e4ysk\u00e4rkinen ulkoilmakiv\u00e4\u00e4ri"},"content":{"rendered":"<p>AC041 on t\u00e4ysimittainen machete, jossa on tasapainossa ulkoiluk\u00e4ytt\u00f6 ja taiteellinen ker\u00e4ilyarvo. Koko ter\u00e4 on taottu AS-10-ter\u00e4ksest\u00e4, ja t\u00e4yskangen rakenne takaa poikkeuksellisen rakenteellisen eheyden ja pitk\u00e4aikaisen s\u00e4ilyvyyden.<\/p>\n<p>Kokonaispituudeltaan 48,5 cm:n (19,1 tuumaa) profiili on sopusuhtainen ja voimakas, ja se korostaa kylmien aseiden ainutlaatuista rakenteellista estetiikkaa. Sen 13,2 tuuman (33,5 cm) ter\u00e4 on tarkkaan teroitettu erinomaisen ter\u00e4vyyden ja kest\u00e4vyyden varmistamiseksi. Kahva on valmistettu huolellisesti kiillotetusta massiivipuusta, joka tarjoaa vankan ja luonnollisen otteen, joka ei ainoastaan tarjoa mukavaa k\u00e4ytt\u00f6kokemusta vaan my\u00f6s kehitt\u00e4\u00e4 ajan my\u00f6t\u00e4 ainutlaatuisen puun tekstuurin.<\/p>\n<p>Ker\u00e4ilyominaisuuksien lis\u00e4\u00e4miseksi tuote on varustettu erikoisvalmisteisella kohokuvioidulla nahkatupella. Yhdess\u00e4 integroidun hihnaj\u00e4rjestelm\u00e4n kanssa sit\u00e4 voidaan kantaa helposti sel\u00e4ss\u00e4.<\/p>\n<p>AC041 on vankkojen materiaaliensa ja hienon k\u00e4sity\u00f6taitonsa ansiosta sek\u00e4 suorituskykyinen ulkoiluty\u00f6kalu ett\u00e4 ker\u00e4ilyesine, jolla on merkitt\u00e4v\u00e4 visuaalinen ilme.<\/p>","protected":false},"excerpt":{"rendered":"<p>Full-tang construction, ensuring the structural integrity and stability of the blade.<br \/>\nAS-10 steel is durable, with a sharp and long-lasting edge.<br \/>\nEquipped with a carefully polished solid wood handle for a solid and natural grip.<br \/>\nCrafted embossed leather sheath, can be carried on the back.<br \/>\nWith solid materials and exquisite manufacturing craftsmanship, it balances outdoor utility with collection value.<\/p>","protected":false},"featured_media":2089,"comment_status":"open","ping_status":"closed","template":"","meta":{"_acf_changed":false,"inline_featured_image":false,"slim_seo":{"title":"AC041 Collector-Grade Full-Tang Outdoor Machete - ACECOLL","description":"AC041 Collector-Grade Full-Tang Outdoor Machete. Forged from AS-10 steel with an embossed back-carry leather sheath. Perfect for both outdoor utility and high-end collection"}},"product_brand":[],"product_cat":[16,17,18],"product_tag":[],"class_list":{"0":"post-2087","1":"product","2":"type-product","3":"status-publish","4":"has-post-thumbnail","6":"product_cat-fixed-blade-knife","7":"product_cat-full-tang-knives","8":"product_cat-survival-knives","10":"first","11":"instock","12":"taxable","13":"shipping-taxable","14":"purchasable","15":"product-type-simple"},"acf":[],"_links":{"self":[{"href":"https:\/\/acecoll.com\/fi\/wp-json\/wp\/v2\/product\/2087","targetHints":{"allow":["GET"]}}],"collection":[{"href":"https:\/\/acecoll.com\/fi\/wp-json\/wp\/v2\/product"}],"about":[{"href":"https:\/\/acecoll.com\/fi\/wp-json\/wp\/v2\/types\/product"}],"replies":[{"embeddable":true,"href":"https:\/\/acecoll.com\/fi\/wp-json\/wp\/v2\/comments?post=2087"}],"version-history":[{"count":1,"href":"https:\/\/acecoll.com\/fi\/wp-json\/wp\/v2\/product\/2087\/revisions"}],"predecessor-version":[{"id":2097,"href":"https:\/\/acecoll.com\/fi\/wp-json\/wp\/v2\/product\/2087\/revisions\/2097"}],"wp:featuredmedia":[{"embeddable":true,"href":"https:\/\/acecoll.com\/fi\/wp-json\/wp\/v2\/media\/2089"}],"wp:attachment":[{"href":"https:\/\/acecoll.com\/fi\/wp-json\/wp\/v2\/media?parent=2087"}],"wp:term":[{"taxonomy":"product_brand","embeddable":true,"href":"https:\/\/acecoll.com\/fi\/wp-json\/wp\/v2\/product_brand?post=2087"},{"taxonomy":"product_cat","embeddable":true,"href":"https:\/\/acecoll.com\/fi\/wp-json\/wp\/v2\/product_cat?post=2087"},{"taxonomy":"product_tag","embeddable":true,"href":"https:\/\/acecoll.com\/fi\/wp-json\/wp\/v2\/product_tag?post=2087"}],"curies":[{"name":"wp","href":"https:\/\/api.w.org\/{rel}","templated":true}]}}