{"id":2135,"date":"2026-05-12T03:17:23","date_gmt":"2026-05-12T03:17:23","guid":{"rendered":"https:\/\/acecoll.com\/?post_type=product&#038;p=2135"},"modified":"2026-05-12T03:25:21","modified_gmt":"2026-05-12T03:25:21","slug":"acm01-keskikokoinen-pudotuskarkinen-kiinteaterainen-veitsi","status":"publish","type":"product","link":"https:\/\/acecoll.com\/fi\/product\/acm01-keskikokoinen-pudotuskarkinen-kiinteaterainen-veitsi\/","title":{"rendered":"ACM01 Keskikokoinen Drop Point Fixed Blade -veitsi"},"content":{"rendered":"<p>ACM01 Mid-Size Drop Point Fixed Blade Knife on keskikokoinen kiinte\u00e4n ter\u00e4n veitsi, jossa on t\u00e4ysi tang-rakenne, kerroksittaiset G10-kahvan asteikot ja Kydex-tuppi. Suunniteltu klassisella profiililla jokap\u00e4iv\u00e4iseen ulkoilu- ja ker\u00e4ilyk\u00e4ytt\u00f6\u00f6n.<\/p>","protected":false},"excerpt":{"rendered":"<ul>\n<li>Mukava kahvan ote ja hyv\u00e4nn\u00e4k\u00f6inen ulkon\u00e4k\u00f6<\/li>\n<li>Kydex-tuppi k\u00e4tev\u00e4\u00e4 kuljettamista ja nopeaa k\u00e4ytt\u00f6\u00e4 varten<\/li>\n<li>T\u00e4ysi tang-rakenne<\/li>\n<li>Klassinen profiili<\/li>\n<\/ul>","protected":false},"featured_media":2131,"comment_status":"open","ping_status":"closed","template":"","meta":{"_acf_changed":false,"inline_featured_image":false,"slim_seo":{"description":"ACM01 on kiinte\u00e4n ter\u00e4n veitsi, jossa on t\u00e4ysi tang-rakenne, kerroksellinen G10-kahva-asteikko ja Kydex-tuppi. Suunniteltu klassisella profiililla jokap\u00e4iv\u00e4iseen ulkoilu- ja ker\u00e4ilyk\u00e4ytt\u00f6\u00f6n.","title":"ACM01 Mid-Size Drop Point Fixed Blade Knife - ACECOLL"}},"product_brand":[],"product_cat":[16],"product_tag":[],"class_list":{"0":"post-2135","1":"product","2":"type-product","3":"status-publish","4":"has-post-thumbnail","6":"product_cat-fixed-blade-knife","8":"first","9":"instock","10":"taxable","11":"shipping-taxable","12":"purchasable","13":"product-type-simple"},"acf":[],"_links":{"self":[{"href":"https:\/\/acecoll.com\/fi\/wp-json\/wp\/v2\/product\/2135","targetHints":{"allow":["GET"]}}],"collection":[{"href":"https:\/\/acecoll.com\/fi\/wp-json\/wp\/v2\/product"}],"about":[{"href":"https:\/\/acecoll.com\/fi\/wp-json\/wp\/v2\/types\/product"}],"replies":[{"embeddable":true,"href":"https:\/\/acecoll.com\/fi\/wp-json\/wp\/v2\/comments?post=2135"}],"version-history":[{"count":3,"href":"https:\/\/acecoll.com\/fi\/wp-json\/wp\/v2\/product\/2135\/revisions"}],"predecessor-version":[{"id":2139,"href":"https:\/\/acecoll.com\/fi\/wp-json\/wp\/v2\/product\/2135\/revisions\/2139"}],"wp:featuredmedia":[{"embeddable":true,"href":"https:\/\/acecoll.com\/fi\/wp-json\/wp\/v2\/media\/2131"}],"wp:attachment":[{"href":"https:\/\/acecoll.com\/fi\/wp-json\/wp\/v2\/media?parent=2135"}],"wp:term":[{"taxonomy":"product_brand","embeddable":true,"href":"https:\/\/acecoll.com\/fi\/wp-json\/wp\/v2\/product_brand?post=2135"},{"taxonomy":"product_cat","embeddable":true,"href":"https:\/\/acecoll.com\/fi\/wp-json\/wp\/v2\/product_cat?post=2135"},{"taxonomy":"product_tag","embeddable":true,"href":"https:\/\/acecoll.com\/fi\/wp-json\/wp\/v2\/product_tag?post=2135"}],"curies":[{"name":"wp","href":"https:\/\/api.w.org\/{rel}","templated":true}]}}