{"id":219,"date":"2025-10-28T07:38:40","date_gmt":"2025-10-28T07:38:40","guid":{"rendered":"https:\/\/acecoll.com\/?post_type=product&#038;p=219"},"modified":"2025-11-12T16:29:18","modified_gmt":"2025-11-12T16:29:18","slug":"af004-keskikokoinen-tanto-taktinen-selviytymisveitsi","status":"publish","type":"product","link":"https:\/\/acecoll.com\/fi\/product\/af004-keskikokoinen-tanto-taktinen-selviytymisveitsi\/","title":{"rendered":"AC004 Medium Tanto taktinen ja selviytymisveitsi"},"content":{"rendered":"<p>ACECOLL AC004, joka on suunniteltu ulkotutkimukseen ja monik\u00e4ytt\u00f6\u00f6n. SKD-11-ter\u00e4ksest\u00e4 valmistettu ter\u00e4 on k\u00e4sin viimeistelty satiinipesulla, joka on sek\u00e4 houkutteleva ett\u00e4 k\u00e4yt\u00e4nn\u00f6llinen.<\/p>\n<p>T\u00e4ysimittainen rakenne ja ergonominen, liukastumista est\u00e4v\u00e4 G10-kahva takaavat tukevan ja luotettavan otteen my\u00f6s m\u00e4r\u00e4ss\u00e4 tai raskaassa k\u00e4yt\u00f6ss\u00e4.<\/p>\n<p>S\u00e4\u00e4dett\u00e4v\u00e4 Kydex-tuppi, jossa on kahvan p\u00e4\u00e4ss\u00e4 oleva reik\u00e4, tekee siit\u00e4 helpon s\u00e4ilytt\u00e4\u00e4 ja kuljettaa, olipa se sitten vy\u00f6ll\u00e4si tai repussasi.<\/p>\n<p>AC004 on luotettava kumppani retkeilyss\u00e4, vaelluksella, bushcraftissa tai muissa ulkoilmaseikkailuissa.<\/p>","protected":false},"excerpt":{"rendered":"<p>Ammattimainen ter\u00e4n muotoilu: 8,46-tuumainen tantoter\u00e4, jossa on k\u00e4sin viimeistelty satiinipesu. 6 mm paksu, jossa yhdistyv\u00e4t leikkaava, l\u00e4vist\u00e4v\u00e4 ja pilkkova suorituskyky erilaisiin ulkoiluteht\u00e4viin.<\/p>\n<p>Premium-ter\u00e4s: K\u00e4sin taottu SKD-11-ter\u00e4s, jonka kovuus on 61 HRC. Ter\u00e4v\u00e4, kest\u00e4v\u00e4, kulutusta ja korroosiota kest\u00e4v\u00e4.<\/p>\n<p>Full-Tang-rakenne: G10-luistamaton kahva, joka takaa tukevan ja turvallisen otteen: Yksiosainen ter\u00e4muotoilu yhdistettyn\u00e4 G10-luistamattomaan kahvaan.<\/p>\n<p>Kydex-tuppi: tukee useita kantokulmia, k\u00e4tev\u00e4 vy\u00f6- tai reppukiinnitys: Musta ja punainen s\u00e4\u00e4dett\u00e4v\u00e4 tuppi, tukee useita kantokulmia, k\u00e4tev\u00e4 vy\u00f6- tai reppukiinnitys.<\/p>\n<p>Monipuolinen k\u00e4ytt\u00f6: Sopii retkeilyyn, vaellukseen ja viidakon selviytymiseen.<\/p>","protected":false},"featured_media":249,"comment_status":"open","ping_status":"closed","template":"","meta":{"_acf_changed":false,"inline_featured_image":false,"slim_seo":{"description":"AC004 Tanto Tactical Survival Knife, k\u00e4sin taottu SKD-11 ter\u00e4s, satiinipesty ter\u00e4, full tang, G10 kahva, Kydex tuppi. Ihanteellinen retkeilyyn, vaellukseen ja bushcraftiin. Osta nyt saadaksesi lis\u00e4tietoja.","title":"AC004 Medium Tanto Tactical & Survival Knife - ACECOLL"}},"product_brand":[],"product_cat":[16,18,19,21],"product_tag":[],"class_list":{"0":"post-219","1":"product","2":"type-product","3":"status-publish","4":"has-post-thumbnail","6":"product_cat-fixed-blade-knife","7":"product_cat-survival-knives","8":"product_cat-tactical-knives","9":"product_cat-tanto-knives","11":"first","12":"instock","13":"taxable","14":"shipping-taxable","15":"purchasable","16":"product-type-simple"},"acf":[],"_links":{"self":[{"href":"https:\/\/acecoll.com\/fi\/wp-json\/wp\/v2\/product\/219","targetHints":{"allow":["GET"]}}],"collection":[{"href":"https:\/\/acecoll.com\/fi\/wp-json\/wp\/v2\/product"}],"about":[{"href":"https:\/\/acecoll.com\/fi\/wp-json\/wp\/v2\/types\/product"}],"replies":[{"embeddable":true,"href":"https:\/\/acecoll.com\/fi\/wp-json\/wp\/v2\/comments?post=219"}],"version-history":[{"count":4,"href":"https:\/\/acecoll.com\/fi\/wp-json\/wp\/v2\/product\/219\/revisions"}],"predecessor-version":[{"id":1221,"href":"https:\/\/acecoll.com\/fi\/wp-json\/wp\/v2\/product\/219\/revisions\/1221"}],"wp:featuredmedia":[{"embeddable":true,"href":"https:\/\/acecoll.com\/fi\/wp-json\/wp\/v2\/media\/249"}],"wp:attachment":[{"href":"https:\/\/acecoll.com\/fi\/wp-json\/wp\/v2\/media?parent=219"}],"wp:term":[{"taxonomy":"product_brand","embeddable":true,"href":"https:\/\/acecoll.com\/fi\/wp-json\/wp\/v2\/product_brand?post=219"},{"taxonomy":"product_cat","embeddable":true,"href":"https:\/\/acecoll.com\/fi\/wp-json\/wp\/v2\/product_cat?post=219"},{"taxonomy":"product_tag","embeddable":true,"href":"https:\/\/acecoll.com\/fi\/wp-json\/wp\/v2\/product_tag?post=219"}],"curies":[{"name":"wp","href":"https:\/\/api.w.org\/{rel}","templated":true}]}}