{"id":220,"date":"2025-10-28T07:38:40","date_gmt":"2025-10-28T07:38:40","guid":{"rendered":"https:\/\/acecoll.com\/?post_type=product&#038;p=220"},"modified":"2026-02-11T07:19:06","modified_gmt":"2026-02-11T07:19:06","slug":"af005-selviytymisbowie-veitsi-hopea-95x18-vanadiiniterasta","status":"publish","type":"product","link":"https:\/\/acecoll.com\/fi\/product\/af005-selviytymisbowie-veitsi-hopea-95x18-vanadiiniterasta\/","title":{"rendered":"AC005 Bowie-veitsi"},"content":{"rendered":"<p>ACECOLL on Bowie-veitsi, joka on suunniteltu ulkoseikkailuihin ja raskaisiin teht\u00e4viin:<\/p>\n<p>Sen kokonaispituus on 13,39 tuumaa, ja siin\u00e4 on 8,46 tuuman ter\u00e4 ja 6 mm paksu selk\u00e4ranka. Se pystyy pilkkomaan puuta, leikkaamaan ja hoitamaan jokap\u00e4iv\u00e4iset ulkoiluteht\u00e4v\u00e4t helposti.<\/p>\n<p>T\u00e4ysimittainen rakenne, jossa kahvassa on kolme l\u00e4pimenev\u00e4\u00e4 niitti\u00e4, lis\u00e4\u00e4 kokonaisvahvuutta ja luotettavuutta entisest\u00e4\u00e4n.<\/p>\n<p>Mustassa puukahvassa on kovera liukastumista est\u00e4v\u00e4 rakenne, joka tarjoaa mukavan ja turvallisen otteen my\u00f6s m\u00e4riss\u00e4 tai kovassa k\u00e4yt\u00f6ss\u00e4.<\/p>\n<p>Mukana tulee kova mutta kevyt musta nahkatuppi, jossa on vy\u00f6lenkki. Sit\u00e4 voidaan k\u00e4ytt\u00e4\u00e4 pystysuoraan vy\u00f6t\u00e4r\u00f6ll\u00e4, jotta se on helppo kuljettaa ja siihen p\u00e4\u00e4see nopeasti k\u00e4siksi.<\/p>\n<p>AC005 on k\u00e4tev\u00e4 Bowie-veitsi, johon voit luottaa, olipa kyse sitten retkeilyst\u00e4, vaelluksesta, bushcraftista tai muusta ulkoilmael\u00e4m\u00e4st\u00e4.<\/p>","protected":false},"excerpt":{"rendered":"<p>Ensiluokkainen ter\u00e4s: K\u00e4sin taottu 95\u00d718 vanadiiniter\u00e4s, jolla on korkea kovuus ja erinomainen kulutuskest\u00e4vyys, mik\u00e4 takaa erinomaisen ter\u00e4vyyden ja kest\u00e4vyyden.<br \/>\nFull-Tang-rakenne: Yksiosainen ter\u00e4muotoilu, jossa on kolme l\u00e4pimenev\u00e4\u00e4 niitti\u00e4, mik\u00e4 lis\u00e4\u00e4 vakautta ja luotettavuutta.<br \/>\nErgonominen kahva: Musta micarta-puukahva, jossa on kovera liukastumista est\u00e4v\u00e4 rakenne, joka antaa pit\u00e4v\u00e4n otteen my\u00f6s m\u00e4riss\u00e4 tai raskaissa k\u00e4ytt\u00f6olosuhteissa.<br \/>\nNahkatuppi: Kest\u00e4v\u00e4 ja kevyt tuppi, jossa on vy\u00f6lenkkimuotoilu, helppo kuljettaa ja mahdollistaa nopean p\u00e4\u00e4syn.<br \/>\nMonipuolinen k\u00e4ytt\u00f6: T\u00e4ydellinen retkeilyyn, patikointiin, puun hakkaamiseen, h\u00e4t\u00e4tilanteisiin tai muihin ulkoilmael\u00e4myksiin. Luotettava kumppani ulkoiluun.<\/p>","protected":false},"featured_media":255,"comment_status":"open","ping_status":"closed","template":"","meta":{"_acf_changed":false,"inline_featured_image":false,"slim_seo":{"description":"AC005 Suuri Bowie-veitsi, premium-ter\u00e4s, t\u00e4yskantainen rakenne. T\u00e4ydellinen retkeilyyn, vaellukseen, puunhakkuun, bushcraftiin ja ulkoseikkailuihin. Kuuma myynti, klikkaa saadaksesi lis\u00e4tietoja!","title":"AC005 Full-Tang Bowie Knife - ACECOLL"}},"product_brand":[],"product_cat":[22,16,18],"product_tag":[],"class_list":{"0":"post-220","1":"product","2":"type-product","3":"status-publish","4":"has-post-thumbnail","6":"product_cat-bowie-knife","7":"product_cat-fixed-blade-knife","8":"product_cat-survival-knives","10":"first","11":"instock","12":"taxable","13":"shipping-taxable","14":"purchasable","15":"product-type-simple"},"acf":[],"_links":{"self":[{"href":"https:\/\/acecoll.com\/fi\/wp-json\/wp\/v2\/product\/220","targetHints":{"allow":["GET"]}}],"collection":[{"href":"https:\/\/acecoll.com\/fi\/wp-json\/wp\/v2\/product"}],"about":[{"href":"https:\/\/acecoll.com\/fi\/wp-json\/wp\/v2\/types\/product"}],"replies":[{"embeddable":true,"href":"https:\/\/acecoll.com\/fi\/wp-json\/wp\/v2\/comments?post=220"}],"version-history":[{"count":5,"href":"https:\/\/acecoll.com\/fi\/wp-json\/wp\/v2\/product\/220\/revisions"}],"predecessor-version":[{"id":1235,"href":"https:\/\/acecoll.com\/fi\/wp-json\/wp\/v2\/product\/220\/revisions\/1235"}],"wp:featuredmedia":[{"embeddable":true,"href":"https:\/\/acecoll.com\/fi\/wp-json\/wp\/v2\/media\/255"}],"wp:attachment":[{"href":"https:\/\/acecoll.com\/fi\/wp-json\/wp\/v2\/media?parent=220"}],"wp:term":[{"taxonomy":"product_brand","embeddable":true,"href":"https:\/\/acecoll.com\/fi\/wp-json\/wp\/v2\/product_brand?post=220"},{"taxonomy":"product_cat","embeddable":true,"href":"https:\/\/acecoll.com\/fi\/wp-json\/wp\/v2\/product_cat?post=220"},{"taxonomy":"product_tag","embeddable":true,"href":"https:\/\/acecoll.com\/fi\/wp-json\/wp\/v2\/product_tag?post=220"}],"curies":[{"name":"wp","href":"https:\/\/api.w.org\/{rel}","templated":true}]}}