{"id":222,"date":"2025-10-28T07:38:40","date_gmt":"2025-10-28T07:38:40","guid":{"rendered":"https:\/\/acecoll.com\/?post_type=product&#038;p=222"},"modified":"2026-02-11T07:19:31","modified_gmt":"2026-02-11T07:19:31","slug":"af007-taktinen-tantoveitsi-peilipintainen-10cr18mov-teras","status":"publish","type":"product","link":"https:\/\/acecoll.com\/fi\/product\/af007-taktinen-tantoveitsi-peilipintainen-10cr18mov-teras\/","title":{"rendered":"AC007 Tanto kiinte\u00e4 ter\u00e4 veitsi"},"content":{"rendered":"<p>AC007 Full-Tang Japanese-Style Tanto Fixed Blade Knife on huippuluokan ter\u00e4, jossa yhdistyv\u00e4t it\u00e4mainen estetiikka ja k\u00e4yt\u00e4nn\u00f6llinen suorituskyky.<\/p>\n<p>Ter\u00e4 on taottu k\u00e4sin ensiluokkaisesta 10Cr18MoV-ter\u00e4ksest\u00e4, mik\u00e4 tekee siit\u00e4 vahvan ja ter\u00e4v\u00e4n. Sen geometrinen Tanto-k\u00e4rki tarjoaa erinomaisen l\u00e4vistyskyvyn ja esittelee samalla perinteisen japanilaisen k\u00e4sity\u00f6taidon hienostunutta taidokkuutta.<\/p>\n<p>Kahva on valmistettu luonnollisesta tuhkapuusta, jonka taitavat k\u00e4sity\u00f6l\u00e4iset ovat veist\u00e4neet ja kiillottaneet huolellisesti, jotta siit\u00e4 saa mukavan ja turvallisen otteen. Yhdess\u00e4 t\u00e4yskantisen rakenteen kanssa se takaa luotettavan hallinnan miss\u00e4 tahansa ulkoilmassa.<\/p>\n<p>Laadukas nahkatuppi takaa pehme\u00e4n ja istuvan istuvuuden turvallista ja k\u00e4tev\u00e4\u00e4 kantamista varten.<\/p>\n<p>Olipa kyseess\u00e4 sitten ulkoseikkailu, retkeilyk\u00e4ytt\u00f6 tai ker\u00e4ily ja esittely, AC007 on mestariteos, jossa yhdistyv\u00e4t kauneus ja suorituskyky.<\/p>","protected":false},"excerpt":{"rendered":"<div class=\"chat-turn-container model render\" tabindex=\"-1\" data-immersive-translate-walked=\"48a44ed9-a323-49f0-9b89-81f8dcac3def\">\n<div class=\"model-prompt-container\" data-turn-role=\"Model\" data-immersive-translate-walked=\"48a44ed9-a323-49f0-9b89-81f8dcac3def\">\n<div class=\"turn-content\" data-immersive-translate-walked=\"48a44ed9-a323-49f0-9b89-81f8dcac3def\">\n<div class=\"chat-turn-container model render\" tabindex=\"-1\" data-immersive-translate-walked=\"48a44ed9-a323-49f0-9b89-81f8dcac3def\">\n<div class=\"model-prompt-container\" data-turn-role=\"Model\" data-immersive-translate-walked=\"48a44ed9-a323-49f0-9b89-81f8dcac3def\">\n<div class=\"turn-content\" data-immersive-translate-walked=\"48a44ed9-a323-49f0-9b89-81f8dcac3def\">\n<ul>\n<li><strong>Yhdist\u00e4\u00e4 k\u00e4sity\u00f6taidon ja ker\u00e4ilyvyyden:<\/strong> klassinen ulkon\u00e4k\u00f6, hienostunut ty\u00f6st\u00f6 ja ensiluokkaiset materiaalit tekev\u00e4t siit\u00e4 paitsi k\u00e4yt\u00e4nn\u00f6llisen ty\u00f6kalun my\u00f6s taiteellisen esineen, jolla on ker\u00e4ilyarvoa.<\/li>\n<li><strong>Premium-ter\u00e4s:<\/strong> K\u00e4sin taottu korkealaatuisesta 10Cr18MoV-ter\u00e4ksest\u00e4.<\/li>\n<li><strong>Hieno k\u00e4sity\u00f6taito:<\/strong> Ter\u00e4n pinta on kirkas ja sile\u00e4, ja siin\u00e4 on kiillotettu ter\u00e4sheijastus, jossa n\u00e4kyy kehittyneet hiontatekniikat ja hieno k\u00e4sity\u00f6taito.<\/li>\n<li><strong>Geometrinen Tanto-ter\u00e4n k\u00e4rki:<\/strong> Ter\u00e4v\u00e4 k\u00e4rki tarjoaa vahvan l\u00e4vistystehon ja poikkeuksellisen esteettisen ulkon\u00e4\u00f6n.<\/li>\n<li><strong>Tuhkapuu Kahva:<\/strong> Kokeneiden k\u00e4sity\u00f6l\u00e4isten huolellisesti veist\u00e4m\u00e4t ja kiillottamat, mukavuutta ja hienostunutta ulkon\u00e4k\u00f6\u00e4 yhdist\u00e4v\u00e4t.<\/li>\n<li><strong>Laadukas nahkatuppi:<\/strong> K\u00e4sin ommeltu yksityiskohtaisilla kuvioilla ja suljetussa tilassa sile\u00e4 istuvuus, joka heijastaa vahvaa japanilaistyylist\u00e4 estetiikkaa.<\/li>\n<\/ul>\n<\/div>\n<\/div>\n<\/div>\n<\/div>\n<\/div>\n<\/div>","protected":false},"featured_media":269,"comment_status":"open","ping_status":"closed","template":"","meta":{"_acf_changed":false,"inline_featured_image":false,"slim_seo":{"description":"AC007 Japanilainen Tanto kiinte\u00e4ter\u00e4inen veitsi, jota voi k\u00e4ytt\u00e4\u00e4 ulkoiluseikkailuissa tai kokoelman\u00e4yttelyss\u00e4. Nyt saatavilla. Klikkaa t\u00e4st\u00e4 lis\u00e4tietoja.","title":"AC007 Tanto Fixed Blade Knife - ACECOLL"}},"product_brand":[],"product_cat":[16,21],"product_tag":[],"class_list":{"0":"post-222","1":"product","2":"type-product","3":"status-publish","4":"has-post-thumbnail","6":"product_cat-fixed-blade-knife","7":"product_cat-tanto-knives","9":"first","10":"instock","11":"taxable","12":"shipping-taxable","13":"purchasable","14":"product-type-simple"},"acf":[],"_links":{"self":[{"href":"https:\/\/acecoll.com\/fi\/wp-json\/wp\/v2\/product\/222","targetHints":{"allow":["GET"]}}],"collection":[{"href":"https:\/\/acecoll.com\/fi\/wp-json\/wp\/v2\/product"}],"about":[{"href":"https:\/\/acecoll.com\/fi\/wp-json\/wp\/v2\/types\/product"}],"replies":[{"embeddable":true,"href":"https:\/\/acecoll.com\/fi\/wp-json\/wp\/v2\/comments?post=222"}],"version-history":[{"count":5,"href":"https:\/\/acecoll.com\/fi\/wp-json\/wp\/v2\/product\/222\/revisions"}],"predecessor-version":[{"id":897,"href":"https:\/\/acecoll.com\/fi\/wp-json\/wp\/v2\/product\/222\/revisions\/897"}],"wp:featuredmedia":[{"embeddable":true,"href":"https:\/\/acecoll.com\/fi\/wp-json\/wp\/v2\/media\/269"}],"wp:attachment":[{"href":"https:\/\/acecoll.com\/fi\/wp-json\/wp\/v2\/media?parent=222"}],"wp:term":[{"taxonomy":"product_brand","embeddable":true,"href":"https:\/\/acecoll.com\/fi\/wp-json\/wp\/v2\/product_brand?post=222"},{"taxonomy":"product_cat","embeddable":true,"href":"https:\/\/acecoll.com\/fi\/wp-json\/wp\/v2\/product_cat?post=222"},{"taxonomy":"product_tag","embeddable":true,"href":"https:\/\/acecoll.com\/fi\/wp-json\/wp\/v2\/product_tag?post=222"}],"curies":[{"name":"wp","href":"https:\/\/api.w.org\/{rel}","templated":true}]}}