{"id":224,"date":"2025-10-28T07:38:41","date_gmt":"2025-10-28T07:38:41","guid":{"rendered":"https:\/\/acecoll.com\/?post_type=product&#038;p=224"},"modified":"2026-02-11T07:19:57","modified_gmt":"2026-02-11T07:19:57","slug":"af009-taktinen-tantoveitsi","status":"publish","type":"product","link":"https:\/\/acecoll.com\/fi\/product\/af009-taktinen-tantoveitsi\/","title":{"rendered":"AC009 Tanto Taktinen ja selviytymisveitsi AC009 Tanto Tactical &amp; survival Knife"},"content":{"rendered":"<p>AC009 Tanto Tactical &amp; Survival Knife, a high-end outdoor knife that combines power and precision craftsmanship.<br \/>\nForged from high-strength Z-Wear stainless steel with a hardness of 60\u00b1HRC.<br \/>\nT\u00e4ysimittainen rakenne ja 7 mm:n paksuinen ter\u00e4 takaavat vakauden ja luotettavuuden kovassa k\u00e4yt\u00f6ss\u00e4.<br \/>\nG10-kahva on ergonomisesti muotoiltu, liukastumista est\u00e4v\u00e4, kuumuutta kest\u00e4v\u00e4 ja mukava pit\u00e4\u00e4 k\u00e4dess\u00e4.<br \/>\nMukana tulee Kydex-tuppi, joka on kevyt, kest\u00e4v\u00e4 ja mahdollistaa helpon kuljetuksen ja nopean p\u00e4\u00e4syn.<br \/>\nOlipa kyseess\u00e4 retkeily, mets\u00e4stys, kalastus, seikkailu, selviytyminen ulkona tai ker\u00e4ily, AF009 tarjoaa erinomaista suorituskyky\u00e4 hienostuneella laadulla ja ammattitaidolla.<\/p>","protected":false},"excerpt":{"rendered":"<p><strong>Samurai-tyylinen Tanto-ter\u00e4n muotoilu:<\/strong> Suora, partaveitsenter\u00e4v\u00e4 s\u00e4rm\u00e4 tarjoaa voimakkaan l\u00e4vistys- ja leikkaustehon, joka sopii monenlaisiin ulkoiluteht\u00e4viin.<br \/>\n<strong>Paksunnettu Z-Wear ruostumattomasta ter\u00e4ksest\u00e4 valmistettu ter\u00e4:<\/strong> Taottu lujatekoisesta Z-Wear-ter\u00e4ksest\u00e4, jonka kovuus on 60 \u00b1 HRC. Ter\u00e4v\u00e4, kulutusta kest\u00e4v\u00e4 ja eritt\u00e4in korroosionkest\u00e4v\u00e4. 7 mm:n paksuinen ter\u00e4 tarjoaa lis\u00e4tehoa ja kest\u00e4vyytt\u00e4.<br \/>\n<strong>Full-Tang Kiinte\u00e4 rakenne:<\/strong> Yksiosainen rakenne takaa vakauden ja luotettavuuden raskaassa k\u00e4yt\u00f6ss\u00e4.<br \/>\n<strong>Nylonkuitu G10 Kahva:<\/strong> Ergonomisesti muotoiltu, liukastumisen est\u00e4v\u00e4, l\u00e4mm\u00f6nkest\u00e4v\u00e4 ja tarjoaa turvallisen ja mukavan otteen.<br \/>\n<strong>Lujatekoinen Kydex-tuppi:<\/strong> Kevyt, kest\u00e4v\u00e4 ja mahdollistaa nopean ja helpon p\u00e4\u00e4syn.<br \/>\n<strong>Ammattimainen monen kohtauksen sovellus:<\/strong> Ihanteellinen retkeilyyn, mets\u00e4stykseen, kalastukseen, tutkimusretkiin ja ulkona selviytymiseen. Sopii my\u00f6s ker\u00e4ilyyn.<\/p>","protected":false},"featured_media":281,"comment_status":"open","ping_status":"closed","template":"","meta":{"_acf_changed":false,"inline_featured_image":false,"slim_seo":{"description":"AC009 Tanto Tactical &amp; Survival Knife, joka on valmistettu ensiluokkaisesta ter\u00e4ksest\u00e4 ja erinomaisesta ammattitaidosta. Suunniteltu sek\u00e4 ulkok\u00e4ytt\u00f6\u00f6n ett\u00e4 ker\u00e4ilyyn. Poikkeuksellista laatua - klikkaa saadaksesi lis\u00e4tietoja!","title":"AC009 Tanto Tactical & survival Knife - ACECOLL"}},"product_brand":[],"product_cat":[16,17,19,21],"product_tag":[],"class_list":{"0":"post-224","1":"product","2":"type-product","3":"status-publish","4":"has-post-thumbnail","6":"product_cat-fixed-blade-knife","7":"product_cat-full-tang-knives","8":"product_cat-tactical-knives","9":"product_cat-tanto-knives","11":"first","12":"instock","13":"purchasable","14":"product-type-simple"},"acf":[],"_links":{"self":[{"href":"https:\/\/acecoll.com\/fi\/wp-json\/wp\/v2\/product\/224","targetHints":{"allow":["GET"]}}],"collection":[{"href":"https:\/\/acecoll.com\/fi\/wp-json\/wp\/v2\/product"}],"about":[{"href":"https:\/\/acecoll.com\/fi\/wp-json\/wp\/v2\/types\/product"}],"replies":[{"embeddable":true,"href":"https:\/\/acecoll.com\/fi\/wp-json\/wp\/v2\/comments?post=224"}],"version-history":[{"count":4,"href":"https:\/\/acecoll.com\/fi\/wp-json\/wp\/v2\/product\/224\/revisions"}],"predecessor-version":[{"id":1319,"href":"https:\/\/acecoll.com\/fi\/wp-json\/wp\/v2\/product\/224\/revisions\/1319"}],"wp:featuredmedia":[{"embeddable":true,"href":"https:\/\/acecoll.com\/fi\/wp-json\/wp\/v2\/media\/281"}],"wp:attachment":[{"href":"https:\/\/acecoll.com\/fi\/wp-json\/wp\/v2\/media?parent=224"}],"wp:term":[{"taxonomy":"product_brand","embeddable":true,"href":"https:\/\/acecoll.com\/fi\/wp-json\/wp\/v2\/product_brand?post=224"},{"taxonomy":"product_cat","embeddable":true,"href":"https:\/\/acecoll.com\/fi\/wp-json\/wp\/v2\/product_cat?post=224"},{"taxonomy":"product_tag","embeddable":true,"href":"https:\/\/acecoll.com\/fi\/wp-json\/wp\/v2\/product_tag?post=224"}],"curies":[{"name":"wp","href":"https:\/\/api.w.org\/{rel}","templated":true}]}}