{"id":225,"date":"2025-10-28T07:38:41","date_gmt":"2025-10-28T07:38:41","guid":{"rendered":"https:\/\/acecoll.com\/?post_type=product&#038;p=225"},"modified":"2026-02-11T07:21:38","modified_gmt":"2026-02-11T07:21:38","slug":"af010-nepalilainen-kukri-machete-65mn-teras-kovapuukahva","status":"publish","type":"product","link":"https:\/\/acecoll.com\/fi\/product\/af010-nepalilainen-kukri-machete-65mn-teras-kovapuukahva\/","title":{"rendered":"AC010 Heavy Duty Kukri Machete"},"content":{"rendered":"<p>AC010 Heavy Duty Gurkha Kukri Machete on saanut inspiraationsa nepalilaisten Gurkha-sotilaiden perinteisest\u00e4 muotoilusta. Eteenp\u00e4in kaareva ter\u00e4 siirt\u00e4\u00e4 tasapainoa luonnollisesti eteenp\u00e4in, mik\u00e4 tuottaa enemm\u00e4n vauhtia jokaisella iskulla. Hieman leve\u00e4mpi k\u00e4rki lis\u00e4\u00e4 leikkausvoimaa ja antaa veitsen suorittaa leikkaus-, pilkkomis- ja halkaisuteht\u00e4vi\u00e4 tehokkaasti.<\/p>\n<p>AC010 on kokonaan k\u00e4sin taottu 65Mn korkeamangaaniter\u00e4ksest\u00e4 ja l\u00e4mp\u00f6k\u00e4sitelty erinomaisen kovuuden ja sitkeyden saavuttamiseksi. Sen t\u00e4yskantainen rakenne yhdist\u00e4\u00e4 ter\u00e4n ja kahvan yhdeksi kiinte\u00e4ksi kappaleeksi, joten se on ihanteellinen pensaiden raivaukseen, mets\u00e4t\u00f6ihin ja kaikkiin vaativiin ulkoilman leikkaus- tai pilkkomisteht\u00e4viin.<\/p>\n<p>Kahva on valmistettu luonnollisesta kovapuusta, joka tarjoaa tukevan ja mukavan otteen. Mukana on aitoa nahkaa oleva tuppi ja reik\u00e4 kaulanauhaan k\u00e4tev\u00e4\u00e4 kuljettamista ja nopeaa k\u00e4ytt\u00f6\u00e4 varten.<\/p>\n<p>K\u00e4ytettiinp\u00e4 AC010:t\u00e4 viidakon raivauksessa, leirity\u00f6ss\u00e4, bushcraftissa tai selviytymiskoulutuksessa, se osoittaa poikkeuksellista lujuutta ja ammattitaitoa, mik\u00e4 tekee siit\u00e4 luotettavan raskaan veitsen ulkoiluharrastajille ja selviytymisen ammattilaisille.<\/p>","protected":false},"excerpt":{"rendered":"<p>Klassinen Gurkha-muotoilu: Se tarjoaa erinomaisen leikkaus-, viilto- ja halkaisutehon.<br \/>\nEritt\u00e4in paksu selk\u00e4ranka: 10 mm paksu selk\u00e4ranka tarjoaa ylivoimaista hakkuutehoa ja vakautta.<br \/>\nFull-Tang-rakenne: Kahva on taottu 65 korkeamangaaniter\u00e4ksest\u00e4, ja kahva on kiinnitetty messinkitapeilla, jotka takaavat erinomaisen kest\u00e4vyyden ja turvallisuuden.<br \/>\nKovapuu Kahva: Luonnon kovapuusta valmistettu luja ja mukava ote, joka pysyy tukevana my\u00f6s pitk\u00e4aikaisen k\u00e4yt\u00f6n aikana.<br \/>\nNahkatuppi &amp; siirrett\u00e4vyys: Mukana on aitoa nahkaa oleva vy\u00f6tuppi ja reik\u00e4 hihnaan, jotta sit\u00e4 voi kuljettaa k\u00e4tev\u00e4sti ja joustavasti kent\u00e4ll\u00e4.<br \/>\nMonipuolinen ulkok\u00e4ytt\u00f6: AC010 sopii erinomaisesti puskaty\u00f6h\u00f6n, retkeilyyn, polkujen raivaamiseen ja vaativiin ulkoiluteht\u00e4viin.<\/p>","protected":false},"featured_media":289,"comment_status":"open","ping_status":"closed","template":"","meta":{"_acf_changed":false,"inline_featured_image":false,"slim_seo":{"title":"AC010 Heavy Duty Kukri Machete - ACECOLL","description":"Klassinen Gurkha-muotoilu: Se tarjoaa erinomaisen leikkaus-, viilto- ja halkaisutehon. Extra-T"}},"product_brand":[],"product_cat":[16,17,26],"product_tag":[],"class_list":{"0":"post-225","1":"product","2":"type-product","3":"status-publish","4":"has-post-thumbnail","6":"product_cat-fixed-blade-knife","7":"product_cat-full-tang-knives","8":"product_cat-kukri-style-knives","10":"first","11":"instock","12":"taxable","13":"shipping-taxable","14":"purchasable","15":"product-type-simple"},"acf":[],"_links":{"self":[{"href":"https:\/\/acecoll.com\/fi\/wp-json\/wp\/v2\/product\/225","targetHints":{"allow":["GET"]}}],"collection":[{"href":"https:\/\/acecoll.com\/fi\/wp-json\/wp\/v2\/product"}],"about":[{"href":"https:\/\/acecoll.com\/fi\/wp-json\/wp\/v2\/types\/product"}],"replies":[{"embeddable":true,"href":"https:\/\/acecoll.com\/fi\/wp-json\/wp\/v2\/comments?post=225"}],"version-history":[{"count":4,"href":"https:\/\/acecoll.com\/fi\/wp-json\/wp\/v2\/product\/225\/revisions"}],"predecessor-version":[{"id":1682,"href":"https:\/\/acecoll.com\/fi\/wp-json\/wp\/v2\/product\/225\/revisions\/1682"}],"wp:featuredmedia":[{"embeddable":true,"href":"https:\/\/acecoll.com\/fi\/wp-json\/wp\/v2\/media\/289"}],"wp:attachment":[{"href":"https:\/\/acecoll.com\/fi\/wp-json\/wp\/v2\/media?parent=225"}],"wp:term":[{"taxonomy":"product_brand","embeddable":true,"href":"https:\/\/acecoll.com\/fi\/wp-json\/wp\/v2\/product_brand?post=225"},{"taxonomy":"product_cat","embeddable":true,"href":"https:\/\/acecoll.com\/fi\/wp-json\/wp\/v2\/product_cat?post=225"},{"taxonomy":"product_tag","embeddable":true,"href":"https:\/\/acecoll.com\/fi\/wp-json\/wp\/v2\/product_tag?post=225"}],"curies":[{"name":"wp","href":"https:\/\/api.w.org\/{rel}","templated":true}]}}