{"id":226,"date":"2025-10-28T07:38:41","date_gmt":"2025-10-28T07:38:41","guid":{"rendered":"https:\/\/acecoll.com\/?post_type=product&#038;p=226"},"modified":"2026-02-11T07:21:02","modified_gmt":"2026-02-11T07:21:02","slug":"af011-taktinen-selviytymisveitsi-dc53-terasta-musta-g10-kahva","status":"publish","type":"product","link":"https:\/\/acecoll.com\/fi\/product\/af011-taktinen-selviytymisveitsi-dc53-terasta-musta-g10-kahva\/","title":{"rendered":"AC011 Post-Apokalyptinen taktinen selviytymisveitsi"},"content":{"rendered":"<p>AC011 Post-Apocalyptic Tactical Survival Knife on raskas ulkoiluveitsi, jossa yhdistyv\u00e4t taktinen suorituskyky ja silmiinpist\u00e4v\u00e4 ulkon\u00e4k\u00f6. Ter\u00e4 on valmistettu suorituskykyisest\u00e4 DC53-ter\u00e4ksest\u00e4, jonka kovuus on 57-61 HRC, ja se tarjoaa erinomaisen ter\u00e4vyyden, sitkeyden ja korroosionkest\u00e4vyyden.<\/p>\n<p>Pinnalla on kivipesty viimeistely, jossa on ainutlaatuinen lepakkokuvioinen rakenne, joka antaa sille aggressiivisen ulkon\u00e4\u00f6n ja parantaa samalla tehokkaasti ruosteen- ja hapettumisenkest\u00e4vyytt\u00e4.<\/p>\n<p>Veitsess\u00e4 on kokorangarakenne, jossa ter\u00e4 kulkee kahvan l\u00e4pi ja jota on vahvistettu ruuveilla ja niiteill\u00e4, mik\u00e4 takaa erinomaisen lujuuden ja vakauden.<\/p>\n<p>Kahva on valmistettu kest\u00e4v\u00e4st\u00e4, liukumattomasta materiaalista, joka tarjoaa mukavan ja turvallisen otteen, joka s\u00e4ilytt\u00e4\u00e4 erinomaisen hallinnan my\u00f6s pidemm\u00e4n k\u00e4yt\u00f6n aikana.<\/p>\n<p>Sen mukana tulee tukeva nylontuppi, joka voidaan kiinnitt\u00e4\u00e4 vy\u00f6h\u00f6n tai reppuun helppoa kuljettamista ja nopeaa k\u00e4ytt\u00f6\u00e4 varten.<\/p>\n<p>AC011 tarjoaa luotettavaa suorituskyky\u00e4 ja rohkeaa taktista tyyli\u00e4, olipa kyseess\u00e4 sitten retkeily, mets\u00e4stys, bushcraft, kalastus tai selviytyminen ulkona, mik\u00e4 tekee siit\u00e4 ihanteellisen valinnan ulkoiluharrastajille ja taktisen toiminnan ammattilaisille.<\/p>","protected":false},"excerpt":{"rendered":"<p>Postapokalyptinen taktinen suunnittelu: Siin\u00e4 yhdistyv\u00e4t aggressiivinen ulkon\u00e4k\u00f6 ja k\u00e4yt\u00e4nn\u00f6llinen toiminnallisuus.<br \/>\nSuorituskykyinen DC53-ter\u00e4s: 57-61 HRC:n kovuus, erinomainen kulumiskest\u00e4vyys, korroosionkest\u00e4vyys ja erinomainen sitkeys.<br \/>\nStonewashed Pintak\u00e4sittely: Kivitetty ter\u00e4pinta: Lepakkokuvioinen ter\u00e4pinta antaa n\u00e4ytt\u00e4v\u00e4n ulkon\u00e4\u00f6n ja parantaa samalla hapettumisen ja ruosteen kest\u00e4vyytt\u00e4.<br \/>\nFull-Tang-rakenne: Vahvistettu ruuveilla ja niiteill\u00e4, jotka takaavat erinomaisen lujuuden ja vakauden.<br \/>\nLiukumaton G10-kahva: Valmistettu lasikuitukomposiittimateriaalista, joka takaa kest\u00e4v\u00e4n, liukumattoman ja mukavan otteen, joka soveltuu pitk\u00e4aikaiseen k\u00e4ytt\u00f6\u00f6n.<br \/>\nNylon tuppi kannettavuutta varten: Se voidaan kiinnitt\u00e4\u00e4 vy\u00f6h\u00f6n tai reppuun, jotta se on nopeasti k\u00e4ytett\u00e4viss\u00e4 ulkoilmah\u00e4t\u00e4tilanteissa.<br \/>\nMonipuolinen ulkok\u00e4ytt\u00f6: Ihanteellinen valinta taktisille k\u00e4ytt\u00e4jille ja ker\u00e4ilij\u00f6ille.<\/p>","protected":false},"featured_media":295,"comment_status":"open","ping_status":"closed","template":"","meta":{"_acf_changed":false,"inline_featured_image":false,"slim_seo":{"description":"AC011 Post-Apocalyptic Tactical Survival Knife yhdist\u00e4\u00e4 silmiinpist\u00e4v\u00e4n muotoilun ja ruostumattomuuden. T\u00e4ydellinen retkeilyyn, mets\u00e4stykseen, bushcraftiin ja ulkona selviytymiseen. Klikkaa saadaksesi lis\u00e4tietoja.","title":"AC011 Post-Apocalyptic Tactical Survival Knife - ACECOLL"}},"product_brand":[],"product_cat":[16,18],"product_tag":[],"class_list":{"0":"post-226","1":"product","2":"type-product","3":"status-publish","4":"has-post-thumbnail","6":"product_cat-fixed-blade-knife","7":"product_cat-survival-knives","9":"first","10":"instock","11":"taxable","12":"shipping-taxable","13":"purchasable","14":"product-type-simple"},"acf":[],"_links":{"self":[{"href":"https:\/\/acecoll.com\/fi\/wp-json\/wp\/v2\/product\/226","targetHints":{"allow":["GET"]}}],"collection":[{"href":"https:\/\/acecoll.com\/fi\/wp-json\/wp\/v2\/product"}],"about":[{"href":"https:\/\/acecoll.com\/fi\/wp-json\/wp\/v2\/types\/product"}],"replies":[{"embeddable":true,"href":"https:\/\/acecoll.com\/fi\/wp-json\/wp\/v2\/comments?post=226"}],"version-history":[{"count":5,"href":"https:\/\/acecoll.com\/fi\/wp-json\/wp\/v2\/product\/226\/revisions"}],"predecessor-version":[{"id":1965,"href":"https:\/\/acecoll.com\/fi\/wp-json\/wp\/v2\/product\/226\/revisions\/1965"}],"wp:featuredmedia":[{"embeddable":true,"href":"https:\/\/acecoll.com\/fi\/wp-json\/wp\/v2\/media\/295"}],"wp:attachment":[{"href":"https:\/\/acecoll.com\/fi\/wp-json\/wp\/v2\/media?parent=226"}],"wp:term":[{"taxonomy":"product_brand","embeddable":true,"href":"https:\/\/acecoll.com\/fi\/wp-json\/wp\/v2\/product_brand?post=226"},{"taxonomy":"product_cat","embeddable":true,"href":"https:\/\/acecoll.com\/fi\/wp-json\/wp\/v2\/product_cat?post=226"},{"taxonomy":"product_tag","embeddable":true,"href":"https:\/\/acecoll.com\/fi\/wp-json\/wp\/v2\/product_tag?post=226"}],"curies":[{"name":"wp","href":"https:\/\/api.w.org\/{rel}","templated":true}]}}