{"id":229,"date":"2025-10-28T07:38:41","date_gmt":"2025-10-28T07:38:41","guid":{"rendered":"https:\/\/acecoll.com\/?post_type=product&#038;p=229"},"modified":"2026-02-11T07:22:10","modified_gmt":"2026-02-11T07:22:10","slug":"af014-kukri-veitsi-ruskea-puu-dc53-teras","status":"publish","type":"product","link":"https:\/\/acecoll.com\/fi\/product\/af014-kukri-veitsi-ruskea-puu-dc53-teras\/","title":{"rendered":"AC014 Medium Kukri selviytymisveitsi"},"content":{"rendered":"<p>The AC014 Medium Kukri Survival Knife is a high-end outdoor blade that combines traditional craftsmanship with modern precision. Its design is inspired by the classic Nepali Kukri, featuring a forward-curved blade that delivers greater leverage and cutting efficiency with every swing.<\/p>\n<p>Ter\u00e4 on taottu eritt\u00e4in suorituskykyisest\u00e4 DC53-hiiliter\u00e4ksest\u00e4 k\u00e4ytt\u00e4en kehittyneit\u00e4 taontatekniikoita. Sen kovuus on 60+ HRC, mik\u00e4 takaa pitk\u00e4aikaisen ter\u00e4vyyden sek\u00e4 erinomaisen sitkeyden ja kulutuskest\u00e4vyyden.<\/p>\n<p>Rakennettu t\u00e4yskangasrakenteella, jossa ter\u00e4 kulkee koko kahvan l\u00e4pi maksimaalisen lujuuden ja vakauden takaamiseksi.<\/p>\n<p>Kovapuukahvassa on ergonominen muotoilu, joka tarjoaa mukavan, liukumattoman otteen, joka takaa tasaisen hallinnan my\u00f6s pitk\u00e4aikaisen k\u00e4yt\u00f6n aikana.<\/p>\n<p>Veitsen mukana tulee tummanruskea aitoa nahkaa oleva tuppi, jossa on turvahihna ja vy\u00f6lenkki k\u00e4tev\u00e4\u00e4 kuljettamista ja s\u00e4ilytyst\u00e4 varten.<\/p>\n<p>Whether for camping, hunting, bushcraft, or survival missions, the AC014 stands as a reliable companion\u2014embodying a perfect balance of power and craftsmanship.<\/p>","protected":false},"excerpt":{"rendered":"<p>Kukri-ter\u00e4n muotoilu: Klassinen kaareva Kukri-profiili tuottaa voimakkaan leikkausvoiman v\u00e4hemm\u00e4ll\u00e4 vaivalla.<br \/>\nKorkean suorituskyvyn ter\u00e4s: DC53-hiiliter\u00e4ksest\u00e4, jossa on kehittynyt l\u00e4mp\u00f6k\u00e4sittelytekniikka ja joka saavuttaa 60+ HRC:n, mik\u00e4 takaa poikkeuksellisen ter\u00e4vyyden ja lujuuden.<br \/>\nVakaa ja luotettava: Varsi: T\u00e4ysimittainen rakenne kulkee kahvan l\u00e4pi, mik\u00e4 takaa erinomaisen vakauden ja kest\u00e4vyyden.<br \/>\nMukava, liukumaton ote: Ensiluokkainen kovapuukahva, jossa on ergonominen kaareva muoto, tarjoaa turvallisen ja mukavan otteen, joka s\u00e4ilytt\u00e4\u00e4 erinomaisen hallinnan my\u00f6s pidemm\u00e4n k\u00e4yt\u00f6n aikana.<br \/>\nTurvallinen ja kannettava: Mukana on aitoa nahkaa oleva tuppi, jossa on turvahihna ja vy\u00f6lenkki, joka helpottaa kantamista ja nopeaa k\u00e4ytt\u00f6\u00e4 kent\u00e4ll\u00e4.<br \/>\nMonipuolinen ulkok\u00e4ytt\u00f6: Ihanteellinen retkeilyyn, mets\u00e4stykseen, selviytymiseen ja bushcraft-seikkailuihin - monipuolinen ty\u00f6kalu vaativiin ulkoteht\u00e4viin.<\/p>","protected":false},"featured_media":1391,"comment_status":"open","ping_status":"closed","template":"","meta":{"_acf_changed":false,"inline_featured_image":false,"slim_seo":{"description":"AC014 Medium Kukri Survival Knife yhdist\u00e4\u00e4 perinteisen k\u00e4sity\u00f6taidon ja modernin tarkkuuden. T\u00e4ydellinen retkeilyyn, mets\u00e4stykseen, bushcraftiin ja ulkona selviytymiseen. Tutustu muihin premium-ulkoiluveitsiin - nyt trendikk\u00e4it\u00e4, klikkaa saadaksesi lis\u00e4tietoja!","title":"AC014 Medium Kukri Survival Knife - ACECOLL"}},"product_brand":[],"product_cat":[16,26],"product_tag":[],"class_list":{"0":"post-229","1":"product","2":"type-product","3":"status-publish","4":"has-post-thumbnail","6":"product_cat-fixed-blade-knife","7":"product_cat-kukri-style-knives","9":"first","10":"instock","11":"taxable","12":"shipping-taxable","13":"purchasable","14":"product-type-simple"},"acf":[],"_links":{"self":[{"href":"https:\/\/acecoll.com\/fi\/wp-json\/wp\/v2\/product\/229","targetHints":{"allow":["GET"]}}],"collection":[{"href":"https:\/\/acecoll.com\/fi\/wp-json\/wp\/v2\/product"}],"about":[{"href":"https:\/\/acecoll.com\/fi\/wp-json\/wp\/v2\/types\/product"}],"replies":[{"embeddable":true,"href":"https:\/\/acecoll.com\/fi\/wp-json\/wp\/v2\/comments?post=229"}],"version-history":[{"count":5,"href":"https:\/\/acecoll.com\/fi\/wp-json\/wp\/v2\/product\/229\/revisions"}],"predecessor-version":[{"id":1393,"href":"https:\/\/acecoll.com\/fi\/wp-json\/wp\/v2\/product\/229\/revisions\/1393"}],"wp:featuredmedia":[{"embeddable":true,"href":"https:\/\/acecoll.com\/fi\/wp-json\/wp\/v2\/media\/1391"}],"wp:attachment":[{"href":"https:\/\/acecoll.com\/fi\/wp-json\/wp\/v2\/media?parent=229"}],"wp:term":[{"taxonomy":"product_brand","embeddable":true,"href":"https:\/\/acecoll.com\/fi\/wp-json\/wp\/v2\/product_brand?post=229"},{"taxonomy":"product_cat","embeddable":true,"href":"https:\/\/acecoll.com\/fi\/wp-json\/wp\/v2\/product_cat?post=229"},{"taxonomy":"product_tag","embeddable":true,"href":"https:\/\/acecoll.com\/fi\/wp-json\/wp\/v2\/product_tag?post=229"}],"curies":[{"name":"wp","href":"https:\/\/api.w.org\/{rel}","templated":true}]}}