{"id":230,"date":"2025-10-28T07:38:41","date_gmt":"2025-10-28T07:38:41","guid":{"rendered":"https:\/\/acecoll.com\/?post_type=product&#038;p=230"},"modified":"2026-02-11T07:22:20","modified_gmt":"2026-02-11T07:22:20","slug":"af015-tanto-kiinteaterainen-veitsi-hopea-d2-teras-eebenpuu-kahva","status":"publish","type":"product","link":"https:\/\/acecoll.com\/fi\/product\/af015-tanto-kiinteaterainen-veitsi-hopea-d2-teras-eebenpuu-kahva\/","title":{"rendered":"AC015 Ebony kahva Tanto veitsi"},"content":{"rendered":"<p>AC015 Ebony Handle Tanto Knife combines strength with refined craftsmanship.<br \/>\nTer\u00e4 on valmistettu suorituskykyisest\u00e4 D2-ter\u00e4ksest\u00e4, jonka kovuus on yli 60 HRC ja joka tarjoaa erinomaisen ter\u00e4vyyden ja kest\u00e4vyyden.<br \/>\nSen koko kahvan l\u00e4pi kulkeva muotoilu on vahvistettu messinkisin niitein, jotka takaavat erinomaisen lujuuden ja vakauden.<br \/>\nVeistetty eebenpuukahva tarjoaa sile\u00e4n rakenteen, mukavan otteen ja luotettavan liukastumiseneston, jossa yhdistyv\u00e4t k\u00e4yt\u00e4nn\u00f6llisyys ja ker\u00e4ilyarvo.<br \/>\nSen mukana tulee k\u00e4sity\u00f6n\u00e4 valmistettu nahka- ja puutuppi, joka on tarkasti sovitettu ja hienosti tehty suojaamaan veist\u00e4 ja antamaan samalla tyylikk\u00e4\u00e4n, ensiluokkaisen ulkon\u00e4\u00f6n.<br \/>\nA truly collectible premium Tanto knife.<\/p>","protected":false},"excerpt":{"rendered":"<p data-start=\"1551\" data-end=\"1641\">Premium D2-ter\u00e4ksest\u00e4 valmistettu ter\u00e4 - Korkea kovuus ja erinomainen ter\u00e4npito ulkok\u00e4ytt\u00f6\u00f6n.<\/p>\n<p data-start=\"1644\" data-end=\"1727\">Full Tang -rakenne - takaa kest\u00e4vyyden ja lujuuden vaativiin teht\u00e4viin.<\/p>\n<p data-start=\"1730\" data-end=\"1806\">Veistetty eebenpuu kahva - Mukava ote ja tyylik\u00e4s, liukastumista est\u00e4v\u00e4 muotoilu.<\/p>\n<p data-start=\"1809\" data-end=\"1883\">Nahka- ja puutuppi - Turvallinen, tyylik\u00e4s ja kest\u00e4v\u00e4 vy\u00f6ll\u00e4 kannettavaksi.<\/p>\n<p data-start=\"1886\" data-end=\"1972\">Monipuolinen ulkoiluty\u00f6kalu - T\u00e4ydellinen mets\u00e4stykseen, selviytymiseen, retkeilyyn ja ker\u00e4ilyyn.<\/p>","protected":false},"featured_media":320,"comment_status":"open","ping_status":"closed","template":"","meta":{"_acf_changed":false,"inline_featured_image":false,"slim_seo":{"description":"AC015 Tanto -veitsess\u00e4 on suorituskykyinen D2-ter\u00e4s, ergonominen eebenpuu-kahva ja k\u00e4sintehty nahka-puusta valmistettu tuppi. Ensiluokkainen veitsi, jossa yhdistyv\u00e4t kest\u00e4vyys, tyylikkyys ja k\u00e4sity\u00f6taito.","title":"AC015 Ebony Handle Tanto Knife - ACECOLL"}},"product_brand":[],"product_cat":[16,21],"product_tag":[],"class_list":{"0":"post-230","1":"product","2":"type-product","3":"status-publish","4":"has-post-thumbnail","6":"product_cat-fixed-blade-knife","7":"product_cat-tanto-knives","9":"first","10":"instock","11":"taxable","12":"shipping-taxable","13":"purchasable","14":"product-type-simple"},"acf":[],"_links":{"self":[{"href":"https:\/\/acecoll.com\/fi\/wp-json\/wp\/v2\/product\/230","targetHints":{"allow":["GET"]}}],"collection":[{"href":"https:\/\/acecoll.com\/fi\/wp-json\/wp\/v2\/product"}],"about":[{"href":"https:\/\/acecoll.com\/fi\/wp-json\/wp\/v2\/types\/product"}],"replies":[{"embeddable":true,"href":"https:\/\/acecoll.com\/fi\/wp-json\/wp\/v2\/comments?post=230"}],"version-history":[{"count":6,"href":"https:\/\/acecoll.com\/fi\/wp-json\/wp\/v2\/product\/230\/revisions"}],"predecessor-version":[{"id":1635,"href":"https:\/\/acecoll.com\/fi\/wp-json\/wp\/v2\/product\/230\/revisions\/1635"}],"wp:featuredmedia":[{"embeddable":true,"href":"https:\/\/acecoll.com\/fi\/wp-json\/wp\/v2\/media\/320"}],"wp:attachment":[{"href":"https:\/\/acecoll.com\/fi\/wp-json\/wp\/v2\/media?parent=230"}],"wp:term":[{"taxonomy":"product_brand","embeddable":true,"href":"https:\/\/acecoll.com\/fi\/wp-json\/wp\/v2\/product_brand?post=230"},{"taxonomy":"product_cat","embeddable":true,"href":"https:\/\/acecoll.com\/fi\/wp-json\/wp\/v2\/product_cat?post=230"},{"taxonomy":"product_tag","embeddable":true,"href":"https:\/\/acecoll.com\/fi\/wp-json\/wp\/v2\/product_tag?post=230"}],"curies":[{"name":"wp","href":"https:\/\/api.w.org\/{rel}","templated":true}]}}