{"id":231,"date":"2025-10-28T07:38:41","date_gmt":"2025-10-28T07:38:41","guid":{"rendered":"https:\/\/acecoll.com\/?post_type=product&#038;p=231"},"modified":"2025-11-03T14:34:32","modified_gmt":"2025-11-03T14:34:32","slug":"af016-taktinen-kiintea-tera-selviytymisveitsi-d2-teras","status":"publish","type":"product","link":"https:\/\/acecoll.com\/fi\/product\/af016-taktinen-kiintea-tera-selviytymisveitsi-d2-teras\/","title":{"rendered":"AC016 Medium Clip Point taktinen selviytymisveitsi"},"content":{"rendered":"<p>AC016 Medium Clip Point Tactical Survival Knife is a versatile outdoor tactical blade.<\/p>\n<p>The blade is forged from high-performance D2 tool steel with a hardness of 59\u201361 HRC, offering long-lasting sharpness and durability.<\/p>\n<p>T\u00e4ysimittainen rakenne ulottuu kahvan l\u00e4pi, mik\u00e4 takaa vakauden ja luotettavuuden raskaassa k\u00e4yt\u00f6ss\u00e4.<\/p>\n<p>Kahva on valmistettu lujatekoisesta lasikuituvahvisteisesta nailonista (GFN), joka tarjoaa mukavan, liukumattoman ja turvallisen otteen, joka takaa erinomaisen hallinnan kaikkina aikoina.<\/p>\n<p>Siin\u00e4 on kest\u00e4v\u00e4 ja kevyt Kydex-tuppi, jossa on turvallinen lukitusj\u00e4rjestelm\u00e4 ja s\u00e4\u00e4dett\u00e4v\u00e4 vy\u00f6klipsi k\u00e4tev\u00e4\u00e4 kantamista ja nopeaa k\u00e4ytt\u00f6\u00f6nottoa varten.<\/p>\n<p>AC016 tarjoaa luotettavan suorituskyvyn ja poikkeuksellisen k\u00e4ytt\u00f6kokemuksen, olipa kyseess\u00e4 sitten retkeily, mets\u00e4stys, kalastus, vaellus, ulkoilu tai jokap\u00e4iv\u00e4inen EDC-k\u00e4ytt\u00f6.<\/p>\n<p>A professional-grade survival knife designed for true outdoor adventurers and tactical enthusiasts.<\/p>","protected":false},"excerpt":{"rendered":"<p data-start=\"1512\" data-end=\"1612\">Premium D2-ter\u00e4ksest\u00e4 valmistettu ter\u00e4: Kovuus on 59-61 HRC, mik\u00e4 takaa poikkeuksellisen ter\u00e4vyyden ja pitk\u00e4aikaisen ter\u00e4n s\u00e4ilymisen.<br \/>\nLuotettava vahvuus: Ter\u00e4 kulkee kahvan l\u00e4pi, mik\u00e4 takaa erinomaisen j\u00e4ykkyyden ja kest\u00e4vyyden raskaassa ulkok\u00e4yt\u00f6ss\u00e4.<br \/>\nErgonominen kahva: Sormen urat takaavat turvallisen, mukavan ja liukumattoman otteen, joka mahdollistaa turvallisen k\u00e4sittelyn.<br \/>\nKest\u00e4v\u00e4 ja kevyt Kydex-tuppi: Helppo kuljettaa ja nopea k\u00e4ytt\u00f6\u00f6notto: Turvallinen lukitusj\u00e4rjestelm\u00e4 ja s\u00e4\u00e4dett\u00e4v\u00e4 vy\u00f6klipsi.<br \/>\nMonipuolinen k\u00e4ytt\u00f6: Ihanteellinen retkeilyyn, mets\u00e4stykseen, kalastukseen, vaellukseen, ulkoilmassa selviytymiseen ja EDC:hen.<\/p>","protected":false},"featured_media":966,"comment_status":"open","ping_status":"closed","template":"","meta":{"_acf_changed":false,"inline_featured_image":false,"slim_seo":{"description":"AC016 on ter\u00e4v\u00e4, kest\u00e4v\u00e4 ja monipuolinen. T\u00e4ydellinen retkeilyyn, mets\u00e4stykseen, kalastukseen, EDC:hen ja selviytymiseen ulkona. Luotettava kumppani jokaiseen seikkailuun. Nyt trendik\u00e4s - klikkaa saadaksesi lis\u00e4tietoja","title":"AC016 Medium Clip Point Tactical Survival Knife - ACECOLL"}},"product_brand":[],"product_cat":[16,18,19],"product_tag":[],"class_list":{"0":"post-231","1":"product","2":"type-product","3":"status-publish","4":"has-post-thumbnail","6":"product_cat-fixed-blade-knife","7":"product_cat-survival-knives","8":"product_cat-tactical-knives","10":"first","11":"instock","12":"taxable","13":"shipping-taxable","14":"purchasable","15":"product-type-simple"},"acf":[],"_links":{"self":[{"href":"https:\/\/acecoll.com\/fi\/wp-json\/wp\/v2\/product\/231","targetHints":{"allow":["GET"]}}],"collection":[{"href":"https:\/\/acecoll.com\/fi\/wp-json\/wp\/v2\/product"}],"about":[{"href":"https:\/\/acecoll.com\/fi\/wp-json\/wp\/v2\/types\/product"}],"replies":[{"embeddable":true,"href":"https:\/\/acecoll.com\/fi\/wp-json\/wp\/v2\/comments?post=231"}],"version-history":[{"count":3,"href":"https:\/\/acecoll.com\/fi\/wp-json\/wp\/v2\/product\/231\/revisions"}],"predecessor-version":[{"id":974,"href":"https:\/\/acecoll.com\/fi\/wp-json\/wp\/v2\/product\/231\/revisions\/974"}],"wp:featuredmedia":[{"embeddable":true,"href":"https:\/\/acecoll.com\/fi\/wp-json\/wp\/v2\/media\/966"}],"wp:attachment":[{"href":"https:\/\/acecoll.com\/fi\/wp-json\/wp\/v2\/media?parent=231"}],"wp:term":[{"taxonomy":"product_brand","embeddable":true,"href":"https:\/\/acecoll.com\/fi\/wp-json\/wp\/v2\/product_brand?post=231"},{"taxonomy":"product_cat","embeddable":true,"href":"https:\/\/acecoll.com\/fi\/wp-json\/wp\/v2\/product_cat?post=231"},{"taxonomy":"product_tag","embeddable":true,"href":"https:\/\/acecoll.com\/fi\/wp-json\/wp\/v2\/product_tag?post=231"}],"curies":[{"name":"wp","href":"https:\/\/api.w.org\/{rel}","templated":true}]}}