{"id":232,"date":"2025-10-28T07:38:41","date_gmt":"2025-10-28T07:38:41","guid":{"rendered":"https:\/\/acecoll.com\/?post_type=product&#038;p=232"},"modified":"2026-02-11T07:22:54","modified_gmt":"2026-02-11T07:22:54","slug":"af019-keskikokoinen-bowie-veitsi-full-tang-d2-teras","status":"publish","type":"product","link":"https:\/\/acecoll.com\/fi\/product\/af019-keskikokoinen-bowie-veitsi-full-tang-d2-teras\/","title":{"rendered":"AC019 Arkansas Hammastikku-tyylinen veitsi"},"content":{"rendered":"<p>AC019 Arkansas Toothpick-Style -puukko on hieno Bowie-puukko, joka tarjoaa sek\u00e4 toimivuutta ett\u00e4 ker\u00e4ilyarvoa.<\/p>\n<p>Ter\u00e4 on valmistettu korkealuokkaisesta D2-ter\u00e4ksest\u00e4, joka on taottu k\u00e4sin ja jonka kovuus on 61 \u00b1 HRC. Se on ter\u00e4v\u00e4, kulutusta kest\u00e4v\u00e4 ja eritt\u00e4in korroosionkest\u00e4v\u00e4.<\/p>\n<p>Puukko on rakennettu t\u00e4yskantaisella rakenteella, joten se pysyy tukevana ja luotettavana my\u00f6s kovassa k\u00e4yt\u00f6ss\u00e4.<\/p>\n<p>Pitk\u00e4nomainen profiili yhdistettyn\u00e4 paksuun selk\u00e4rankaan tarjoaa erinomaisen l\u00e4vistys- ja hakkuutehon, samalla kun se tuo esiin klassisen Bowie-estetiikan voiman ja tasapainon.<\/p>\n<p>Massiivipuinen kahva istuu mukavasti k\u00e4teen, ja ter\u00e4ksinen sormi parantaa sek\u00e4 tasapainoa ett\u00e4 kest\u00e4vyytt\u00e4.<\/p>\n<p>Aidosta nahasta valmistettu tuppi on hienosti muotoiltu suojaamaan veist\u00e4 ja mahdollistamaan k\u00e4tev\u00e4n kantamisen vy\u00f6ll\u00e4 tai repussa.<\/p>\n<p>Olipa kyseess\u00e4 mets\u00e4stys, retkeily, viidakossa selviytyminen, ulkoseikkailu tai ker\u00e4ily, AC019 toimii luotettavasti.<\/p>\n<p>&nbsp;<\/p>","protected":false},"excerpt":{"rendered":"<p><strong>Klassinen Bowie Design:<\/strong> Pitk\u00e4nomainen ter\u00e4, jossa on miekkaa muistuttavat linjat, tarjoaa sek\u00e4 voimakasta l\u00e4vistystehoa ett\u00e4 tyylik\u00e4st\u00e4 estetiikkaa, ja se on t\u00e4ydellinen tasapaino vahvuuden ja k\u00e4sity\u00f6taidon v\u00e4lill\u00e4.<br \/>\n<strong>Korkean suorituskyvyn D2-ter\u00e4ksest\u00e4 valmistettu ter\u00e4:<\/strong> Se on luokiteltu 61 \u00b1 HRC:ksi, ja se tarjoaa pysyv\u00e4n ter\u00e4vyyden, erinomaisen kulutuskest\u00e4vyyden ja erinomaisen korroosionkest\u00e4vyyden, mik\u00e4 on ihanteellinen vaativiin ulkot\u00f6ihin.<br \/>\n<strong>Full-Tang-rakenne:<\/strong> Ter\u00e4 on taottu yhdest\u00e4 kappaleesta maksimaalisen lujuuden ja vakauden varmistamiseksi, mik\u00e4 takaa turvallisuuden ja luotettavuuden pilkkomisen ja ty\u00f6nt\u00e4misen aikana.<br \/>\n<strong>Monipuolinen ulkok\u00e4ytt\u00f6:<\/strong> T\u00e4ydellinen mets\u00e4stykseen, retkeilyyn, viidakossa selviytymiseen ja ulkoseikkailuihin; yhdist\u00e4\u00e4 k\u00e4yt\u00e4nn\u00f6llisen suorituskyvyn ja ker\u00e4ilyarvon.<\/p>","protected":false},"featured_media":332,"comment_status":"open","ping_status":"closed","template":"","meta":{"_acf_changed":false,"inline_featured_image":false,"slim_seo":{"title":"Suuri Bowie-veitsi ulkoseikkailuun ja ker\u00e4ilyyn - ACECOLL","description":"AC019 Suuri Bowie-veitsi, ihanteellinen mets\u00e4stykseen, retkeilyyn, viidakossa selviytymiseen ja ulkoseikkailuihin. Ensiluokkainen Bowie-veitsi, joka tarjoaa sek\u00e4 k\u00e4yt\u00e4nn\u00f6llisen suorituskyvyn ett\u00e4 ker\u00e4ilyarvon - nyt kuumamyynti, klikkaa saadaksesi lis\u00e4tietoja!"}},"product_brand":[],"product_cat":[22,16,23,18],"product_tag":[],"class_list":{"0":"post-232","1":"product","2":"type-product","3":"status-publish","4":"has-post-thumbnail","6":"product_cat-bowie-knife","7":"product_cat-fixed-blade-knife","8":"product_cat-hunting-knives","9":"product_cat-survival-knives","11":"first","12":"instock","13":"taxable","14":"shipping-taxable","15":"purchasable","16":"product-type-simple"},"acf":[],"_links":{"self":[{"href":"https:\/\/acecoll.com\/fi\/wp-json\/wp\/v2\/product\/232","targetHints":{"allow":["GET"]}}],"collection":[{"href":"https:\/\/acecoll.com\/fi\/wp-json\/wp\/v2\/product"}],"about":[{"href":"https:\/\/acecoll.com\/fi\/wp-json\/wp\/v2\/types\/product"}],"replies":[{"embeddable":true,"href":"https:\/\/acecoll.com\/fi\/wp-json\/wp\/v2\/comments?post=232"}],"version-history":[{"count":5,"href":"https:\/\/acecoll.com\/fi\/wp-json\/wp\/v2\/product\/232\/revisions"}],"predecessor-version":[{"id":1971,"href":"https:\/\/acecoll.com\/fi\/wp-json\/wp\/v2\/product\/232\/revisions\/1971"}],"wp:featuredmedia":[{"embeddable":true,"href":"https:\/\/acecoll.com\/fi\/wp-json\/wp\/v2\/media\/332"}],"wp:attachment":[{"href":"https:\/\/acecoll.com\/fi\/wp-json\/wp\/v2\/media?parent=232"}],"wp:term":[{"taxonomy":"product_brand","embeddable":true,"href":"https:\/\/acecoll.com\/fi\/wp-json\/wp\/v2\/product_brand?post=232"},{"taxonomy":"product_cat","embeddable":true,"href":"https:\/\/acecoll.com\/fi\/wp-json\/wp\/v2\/product_cat?post=232"},{"taxonomy":"product_tag","embeddable":true,"href":"https:\/\/acecoll.com\/fi\/wp-json\/wp\/v2\/product_tag?post=232"}],"curies":[{"name":"wp","href":"https:\/\/api.w.org\/{rel}","templated":true}]}}