{"id":233,"date":"2025-10-28T07:38:41","date_gmt":"2025-10-28T07:38:41","guid":{"rendered":"https:\/\/acecoll.com\/?post_type=product&#038;p=233"},"modified":"2026-02-11T07:23:19","modified_gmt":"2026-02-11T07:23:19","slug":"af021-levea-tanto-kiinteaterainen-veitsi","status":"publish","type":"product","link":"https:\/\/acecoll.com\/fi\/product\/af021-levea-tanto-kiinteaterainen-veitsi\/","title":{"rendered":"AC021 Keskikokoinen taktinen machete | Raskas selviytymisveitsi"},"content":{"rendered":"<p>AC021 Medium Tactical Machete is a heavy-duty tactical survival knife designed for demanding outdoor use.<br \/>\nTer\u00e4 on taottu suorituskykyisest\u00e4 CPM-T440V-ty\u00f6kaluter\u00e4ksest\u00e4, joka tarjoaa suuren kovuuden, ter\u00e4vyyden ja erinomaisen kulutuskest\u00e4vyyden, ja se pystyy hoitamaan pilkkomis- ja raskaat leikkausteht\u00e4v\u00e4t helposti.<br \/>\nVeitsess\u00e4 on t\u00e4yskantainen rakenne, joka takaa erinomaisen lujuuden, vakauden ja turvallisuuden.<br \/>\nSen 8 mm:n paksuinen selk\u00e4ranka antaa erinomaisen vauhdin ja iskuvoiman, joten se on ihanteellinen puun k\u00e4sittelyyn, leirin pystytt\u00e4miseen tai er\u00e4maassa selviytymiseen.<\/p>\n<p>Massiivipuinen kahva istuu mukavasti k\u00e4teen ja tarjoaa turvallisen, liukumattoman otteen, kun taas k\u00e4sin ommeltu nahkatuppi lis\u00e4\u00e4 sek\u00e4 toiminnallisuutta ett\u00e4 hienostunutta rakennetta.<\/p>\n<p>Whether for camping, wood chopping, jungle exploration, or outdoor survival, the AC021 delivers powerful performance and excellent handling\u2014making it a trusted heavy-duty blade for outdoor enthusiasts and knife collectors alike.<\/p>","protected":false},"excerpt":{"rendered":"<p>Korkean suorituskyvyn ter\u00e4s: CPM-T440V-ty\u00f6kaluter\u00e4ksest\u00e4, jolla on korkea kovuus ja erinomainen kulutuskest\u00e4vyys.<br \/>\n8mm eritt\u00e4in paksu selk\u00e4ranka: Paksuudeltaan 8 mm:n keskipaksuinen ja lyhyt ter\u00e4 tarjoaa voimakkaan leikkausvoiman ja vahvan iskunkest\u00e4vyyden.<br \/>\nFull-Tang-rakenne: Yksiosainen t\u00e4yskantinen rakenne takaa erinomaisen lujuuden ja luotettavuuden, ihanteellinen korkean intensiteetin ulkoiluteht\u00e4viin.<br \/>\nErgonominen puukahva: Helppo hallita my\u00f6s pidemm\u00e4n k\u00e4yt\u00f6n aikana.<br \/>\nAitoa nahkaa tuppi: K\u00e4sin ommeltu hienolla k\u00e4sity\u00f6taidolla, ensiluokkainen rakenne ja k\u00e4tev\u00e4 vy\u00f6n tai olkap\u00e4\u00e4n kantamiseen.<br \/>\nMonipuoliset sovellukset: T\u00e4ydellinen retkeilyyn, puunhakkuun, er\u00e4maassa selviytymiseen ja taktiseen harjoitteluun.<\/p>","protected":false},"featured_media":1015,"comment_status":"open","ping_status":"closed","template":"","meta":{"_acf_changed":false,"inline_featured_image":false,"slim_seo":{"description":"AC021 Medium Tactical Machete on raskas selviytymisveitsi, jossa yhdistyv\u00e4t voima ja ammattitaito. retkeilyyn, puun k\u00e4sittelyyn, viidakon tutkimiseen ja ulkoilmassa selviytymiseen.Lis\u00e4tietoja nyt","title":"AC021 Medium Tactical Machete | Heavy Survival Knife - ACECOLL"}},"product_brand":[],"product_cat":[16,18,21],"product_tag":[],"class_list":{"0":"post-233","1":"product","2":"type-product","3":"status-publish","4":"has-post-thumbnail","6":"product_cat-fixed-blade-knife","7":"product_cat-survival-knives","8":"product_cat-tanto-knives","10":"first","11":"instock","12":"taxable","13":"shipping-taxable","14":"purchasable","15":"product-type-simple"},"acf":[],"_links":{"self":[{"href":"https:\/\/acecoll.com\/fi\/wp-json\/wp\/v2\/product\/233","targetHints":{"allow":["GET"]}}],"collection":[{"href":"https:\/\/acecoll.com\/fi\/wp-json\/wp\/v2\/product"}],"about":[{"href":"https:\/\/acecoll.com\/fi\/wp-json\/wp\/v2\/types\/product"}],"replies":[{"embeddable":true,"href":"https:\/\/acecoll.com\/fi\/wp-json\/wp\/v2\/comments?post=233"}],"version-history":[{"count":4,"href":"https:\/\/acecoll.com\/fi\/wp-json\/wp\/v2\/product\/233\/revisions"}],"predecessor-version":[{"id":1397,"href":"https:\/\/acecoll.com\/fi\/wp-json\/wp\/v2\/product\/233\/revisions\/1397"}],"wp:featuredmedia":[{"embeddable":true,"href":"https:\/\/acecoll.com\/fi\/wp-json\/wp\/v2\/media\/1015"}],"wp:attachment":[{"href":"https:\/\/acecoll.com\/fi\/wp-json\/wp\/v2\/media?parent=233"}],"wp:term":[{"taxonomy":"product_brand","embeddable":true,"href":"https:\/\/acecoll.com\/fi\/wp-json\/wp\/v2\/product_brand?post=233"},{"taxonomy":"product_cat","embeddable":true,"href":"https:\/\/acecoll.com\/fi\/wp-json\/wp\/v2\/product_cat?post=233"},{"taxonomy":"product_tag","embeddable":true,"href":"https:\/\/acecoll.com\/fi\/wp-json\/wp\/v2\/product_tag?post=233"}],"curies":[{"name":"wp","href":"https:\/\/api.w.org\/{rel}","templated":true}]}}