{"id":234,"date":"2025-10-28T07:38:41","date_gmt":"2025-10-28T07:38:41","guid":{"rendered":"https:\/\/acecoll.com\/?post_type=product&#038;p=234"},"modified":"2026-02-11T07:23:28","modified_gmt":"2026-02-11T07:23:28","slug":"af022-damascusteraksesta-valmistettu-ulkoiluveitsi-eebenpuu-puukahva","status":"publish","type":"product","link":"https:\/\/acecoll.com\/fi\/product\/af022-damascusteraksesta-valmistettu-ulkoiluveitsi-eebenpuu-puukahva\/","title":{"rendered":"AC022 Damascus Tanto veitsi"},"content":{"rendered":"<p>AC022 Tanto Damascus -veitsi on k\u00e4sity\u00f6n\u00e4 valmistettu korkealaatuinen veitsi, jossa yhdistyv\u00e4t taiteellisuus ja suorituskyky.<br \/>\nTer\u00e4 on valmistettu korkealaatuisesta Damascus-ter\u00e4ksest\u00e4, joka on taottu ja l\u00e4mp\u00f6k\u00e4sitelty useiden kerrosten kautta ainutlaatuisen 3D-aaltokuvion luomiseksi. Se on ter\u00e4v\u00e4, kulutusta kest\u00e4v\u00e4 ja tarjoaa poikkeuksellista sitkeytt\u00e4 ja vakautta.<br \/>\nVeitsess\u00e4 on kokorangarakenne, jossa ter\u00e4 kulkee kahvan l\u00e4pi, mik\u00e4 takaa lujuuden ja luotettavuuden kovassa k\u00e4yt\u00f6ss\u00e4.<br \/>\nKahva on valmistettu tummasta eebenpuusta, joka tarjoaa mukavan otteen sek\u00e4 tyylikkyyden ett\u00e4 k\u00e4yt\u00e4nn\u00f6llisyyden.<br \/>\nSen mukana tulee hieno nahkatuppi, joka mahdollistaa k\u00e4tev\u00e4n kantamisen ja tehokkaan suojan.<br \/>\nWhether for camping, hunting, outdoor adventures, or as a collector\u2019s display piece, the AC022 stands out with its superb craftsmanship and powerful aesthetics, making it a truly reliable and collectible Damascus knife.<\/p>","protected":false},"excerpt":{"rendered":"<p data-start=\"830\" data-end=\"928\">Premium Damascus Steel Blade - Valmistettu korkealaatuisesta Damascus-ter\u00e4ksest\u00e4, joka on taottu ja sammutettu useiden kerrosten l\u00e4pi ainutlaatuisen 3D-aaltokuvion luomiseksi. Yhdist\u00e4\u00e4 sek\u00e4 toiminnallisuuden ett\u00e4 ker\u00e4ilyarvon.<br \/>\nFull-Tang-rakenne - Ter\u00e4 kulkee kahvan l\u00e4pi, mik\u00e4 takaa poikkeuksellisen lujuuden, tasapainon ja luotettavuuden.<br \/>\nEebenpuu kahva, mukava ja liukumaton - Valmistettu valitusta eebenpuu puusta, joka tarjoaa pehme\u00e4n, ergonomisen otteen, joka on sek\u00e4 tyylik\u00e4s ett\u00e4 k\u00e4yt\u00e4nn\u00f6llinen.<br \/>\nHieno aitoa nahkaa oleva tuppi - K\u00e4sin ommeltu nahkatuppi, jonka paksu rakenne suojaa veist\u00e4 ja lis\u00e4\u00e4 vintage-estetiikkaa.<br \/>\nK\u00e4sin taottu k\u00e4sity\u00f6taito ja korkea ker\u00e4ilyarvo - Jokainen veitsi on taitavien k\u00e4sity\u00f6l\u00e4isten yksitellen k\u00e4sin takoma, mik\u00e4 vaatii pitk\u00e4n tuotantosyklin ja monimutkaisia tekniikoita, mik\u00e4 tekee siit\u00e4 todellisen ker\u00e4ilyhy\u00f6dykkeen.<\/p>","protected":false},"featured_media":1025,"comment_status":"open","ping_status":"closed","template":"","meta":{"_acf_changed":false,"inline_featured_image":false,"slim_seo":{"description":"AC022 Tanto Damascus -veitsi, olipa se sitten tarkoitettu ulkoilmassa selviytymiseen, retkeilyyn, mets\u00e4stykseen tai ker\u00e4ilyesineeksi, osoittaa poikkeuksellista k\u00e4sity\u00f6taitoa ja lujuutta. Nyt trendik\u00e4s - klikkaa saadaksesi lis\u00e4tietoja!","title":"AC022 Damascus Tanto Knife - ACECOLL"}},"product_brand":[],"product_cat":[23,18,21],"product_tag":[],"class_list":{"0":"post-234","1":"product","2":"type-product","3":"status-publish","4":"has-post-thumbnail","6":"product_cat-hunting-knives","7":"product_cat-survival-knives","8":"product_cat-tanto-knives","10":"first","11":"instock","12":"taxable","13":"shipping-taxable","14":"purchasable","15":"product-type-simple"},"acf":[],"_links":{"self":[{"href":"https:\/\/acecoll.com\/fi\/wp-json\/wp\/v2\/product\/234","targetHints":{"allow":["GET"]}}],"collection":[{"href":"https:\/\/acecoll.com\/fi\/wp-json\/wp\/v2\/product"}],"about":[{"href":"https:\/\/acecoll.com\/fi\/wp-json\/wp\/v2\/types\/product"}],"replies":[{"embeddable":true,"href":"https:\/\/acecoll.com\/fi\/wp-json\/wp\/v2\/comments?post=234"}],"version-history":[{"count":6,"href":"https:\/\/acecoll.com\/fi\/wp-json\/wp\/v2\/product\/234\/revisions"}],"predecessor-version":[{"id":1705,"href":"https:\/\/acecoll.com\/fi\/wp-json\/wp\/v2\/product\/234\/revisions\/1705"}],"wp:featuredmedia":[{"embeddable":true,"href":"https:\/\/acecoll.com\/fi\/wp-json\/wp\/v2\/media\/1025"}],"wp:attachment":[{"href":"https:\/\/acecoll.com\/fi\/wp-json\/wp\/v2\/media?parent=234"}],"wp:term":[{"taxonomy":"product_brand","embeddable":true,"href":"https:\/\/acecoll.com\/fi\/wp-json\/wp\/v2\/product_brand?post=234"},{"taxonomy":"product_cat","embeddable":true,"href":"https:\/\/acecoll.com\/fi\/wp-json\/wp\/v2\/product_cat?post=234"},{"taxonomy":"product_tag","embeddable":true,"href":"https:\/\/acecoll.com\/fi\/wp-json\/wp\/v2\/product_tag?post=234"}],"curies":[{"name":"wp","href":"https:\/\/api.w.org\/{rel}","templated":true}]}}