{"id":235,"date":"2025-10-28T07:38:41","date_gmt":"2025-10-28T07:38:41","guid":{"rendered":"https:\/\/acecoll.com\/?post_type=product&#038;p=235"},"modified":"2026-02-11T07:23:39","modified_gmt":"2026-02-11T07:23:39","slug":"af023-taktinen-kiintea-tera-veitsi-hiekka-g10-kahva-vg10-teras","status":"publish","type":"product","link":"https:\/\/acecoll.com\/fi\/product\/af023-taktinen-kiintea-tera-veitsi-hiekka-g10-kahva-vg10-teras\/","title":{"rendered":"AC023 Taktinen kiinte\u00e4 ter\u00e4veitsi - Sand G10 kahva, VG10 ter\u00e4s"},"content":{"rendered":"<p>AC023 Medium-Short Tactical Knife on ensiluokkainen ulkoiluveitsi, jossa yhdistyv\u00e4t k\u00e4sity\u00f6taito ja kentt\u00e4k\u00e4ytt\u00f6.<br \/>\nTer\u00e4 on taottu korkealaatuisesta VG10-ruostumattomasta ter\u00e4ksest\u00e4 ja k\u00e4sin kiillotettu tuhansien syklien kautta peilim\u00e4iseen viimeistelyyn, mik\u00e4 osoittaa poikkeuksellista ammattitaitoa.<br \/>\n8 mm:n paksuinen selk\u00e4ranka tarjoaa voimakkaan l\u00e4vistys- ja paloittelukyvyn.<br \/>\nG10-kahva tarjoaa mukavan, liukumattoman ja kulutusta kest\u00e4v\u00e4n otteen, joka takaa turvallisen hallinnan my\u00f6s vaikeissa olosuhteissa.<br \/>\nSen mukana tulee kevyt, kest\u00e4v\u00e4 Kydex-tuppi, joka on helppo kuljettaa ja nopeasti saatavilla.<br \/>\nOlipa kyseess\u00e4 retkeily, mets\u00e4stys, selviytymisseikkailu tai jokap\u00e4iv\u00e4inen EDC, AC023 tarjoaa erinomaisen suorituskyvyn ja hienostuneen laadun, mik\u00e4 tekee siit\u00e4 luotettavan taktisen kumppanin.<\/p>","protected":false},"excerpt":{"rendered":"<p>Ensiluokkainen k\u00e4sity\u00f6taito: VG10-ruostumattomasta ter\u00e4ksest\u00e4 valmistettu ter\u00e4, joka on peilikiillotettu tuhansien k\u00e4sin suoritettujen viimeistelyprosessien avulla, mik\u00e4 takaa kirkkaan, heijastavan pinnan.<br \/>\nEritt\u00e4in luja ter\u00e4: 8 mm paksu selk\u00e4ranka tarjoaa poikkeuksellisen l\u00e4vistys- ja paloitteluvoiman.<br \/>\nTurvallinen ote: Teksturoitu tan G10-kahva parantaa hallintaa ja vakautta kaikissa olosuhteissa.<br \/>\nKydex-tuppi: Kest\u00e4v\u00e4 Kydex-tuppi helpottaa kantamista ja nopeaa k\u00e4ytt\u00f6\u00e4.<br \/>\nMonipuolinen k\u00e4ytt\u00f6: Ihanteellinen mets\u00e4stykseen, retkeilyyn, ulkona selviytymiseen, seikkailuun ja EDC:hen.<\/p>","protected":false},"featured_media":1415,"comment_status":"open","ping_status":"closed","template":"","meta":{"_acf_changed":false,"inline_featured_image":false,"slim_seo":{"title":"AC023 Tactical Fixed Blade Knife - Sand G10 Handle, VG10 Steel - ACECOLL","description":"Ensiluokkainen k\u00e4sity\u00f6taito: VG10-ruostumattomasta ter\u00e4ksest\u00e4 valmistettu ter\u00e4, joka on peilikiillotettu tuhansien k\u00e4sin suoritettujen viimeistelyprosessien avulla, mik\u00e4 takaa kirkkaan, heijastavan pinnan. Korkea lujuus"}},"product_brand":[],"product_cat":[16,17,18,19],"product_tag":[],"class_list":{"0":"post-235","1":"product","2":"type-product","3":"status-publish","4":"has-post-thumbnail","6":"product_cat-fixed-blade-knife","7":"product_cat-full-tang-knives","8":"product_cat-survival-knives","9":"product_cat-tactical-knives","11":"first","12":"instock","13":"taxable","14":"shipping-taxable","15":"purchasable","16":"product-type-simple"},"acf":[],"_links":{"self":[{"href":"https:\/\/acecoll.com\/fi\/wp-json\/wp\/v2\/product\/235","targetHints":{"allow":["GET"]}}],"collection":[{"href":"https:\/\/acecoll.com\/fi\/wp-json\/wp\/v2\/product"}],"about":[{"href":"https:\/\/acecoll.com\/fi\/wp-json\/wp\/v2\/types\/product"}],"replies":[{"embeddable":true,"href":"https:\/\/acecoll.com\/fi\/wp-json\/wp\/v2\/comments?post=235"}],"version-history":[{"count":5,"href":"https:\/\/acecoll.com\/fi\/wp-json\/wp\/v2\/product\/235\/revisions"}],"predecessor-version":[{"id":1422,"href":"https:\/\/acecoll.com\/fi\/wp-json\/wp\/v2\/product\/235\/revisions\/1422"}],"wp:featuredmedia":[{"embeddable":true,"href":"https:\/\/acecoll.com\/fi\/wp-json\/wp\/v2\/media\/1415"}],"wp:attachment":[{"href":"https:\/\/acecoll.com\/fi\/wp-json\/wp\/v2\/media?parent=235"}],"wp:term":[{"taxonomy":"product_brand","embeddable":true,"href":"https:\/\/acecoll.com\/fi\/wp-json\/wp\/v2\/product_brand?post=235"},{"taxonomy":"product_cat","embeddable":true,"href":"https:\/\/acecoll.com\/fi\/wp-json\/wp\/v2\/product_cat?post=235"},{"taxonomy":"product_tag","embeddable":true,"href":"https:\/\/acecoll.com\/fi\/wp-json\/wp\/v2\/product_tag?post=235"}],"curies":[{"name":"wp","href":"https:\/\/api.w.org\/{rel}","templated":true}]}}