{"id":236,"date":"2025-10-28T07:38:41","date_gmt":"2025-10-28T07:38:41","guid":{"rendered":"https:\/\/acecoll.com\/?post_type=product&#038;p=236"},"modified":"2026-03-26T07:36:17","modified_gmt":"2026-03-26T07:36:17","slug":"af024-taktinen-kiintea-tera-veitsi-san-mai-teras-g10-kahva-taysi-tang","status":"publish","type":"product","link":"https:\/\/acecoll.com\/fi\/product\/af024-taktinen-kiintea-tera-veitsi-san-mai-teras-g10-kahva-taysi-tang\/","title":{"rendered":"AC024 San mai taktinen selviytymisveitsi"},"content":{"rendered":"<p>AC024 San Mai Tactical Survival Knife on ensiluokkainen ulkoiluveitsi, jossa yhdistyv\u00e4t edistyksellinen taontak\u00e4sity\u00f6taito ja k\u00e4yt\u00e4nn\u00f6llinen suorituskyky.<br \/>\nTer\u00e4ss\u00e4 k\u00e4ytet\u00e4\u00e4n huippuluokan San Mai -taontatekniikkaa, jossa yhdistet\u00e4\u00e4n t\u00e4ydellisesti kolme eri ter\u00e4st\u00e4, jotta saavutetaan erinomainen ter\u00e4vyys, sitkeys ja korroosionkest\u00e4vyys.<br \/>\nVeitsess\u00e4 on t\u00e4yskantainen rakenne, joka takaa vakauden ja luotettavuuden kovassa k\u00e4yt\u00f6ss\u00e4.<br \/>\nErgonominen liukastumista est\u00e4v\u00e4 kahva tarjoaa mukavan otteen ja s\u00e4ilytt\u00e4\u00e4 hallinnan my\u00f6s m\u00e4riss\u00e4 tai ankarissa olosuhteissa.<br \/>\nSiin\u00e4 on kest\u00e4v\u00e4 ja kevyt Kydex-tuppi, joka on helppo kuljettaa ja vet\u00e4\u00e4 nopeasti, sopii ulkoiluun, selviytymiseen ja taktisiin sovelluksiin.<br \/>\nJokainen AC024 on taottu korkeiden standardien mukaisesti, monimutkaista k\u00e4sity\u00f6t\u00e4 ja korkeat tuotantokustannukset, ja se tarjoaa sek\u00e4 k\u00e4yt\u00e4nn\u00f6n suorituskyky\u00e4 ett\u00e4 ker\u00e4ilyarvoa.<\/p>","protected":false},"excerpt":{"rendered":"<p>Premium San Mai -k\u00e4sity\u00f6taitoa: Ter\u00e4vyytt\u00e4, sitkeytt\u00e4 ja erinomaista korroosionkest\u00e4vyytt\u00e4 takaava kolmen eri ter\u00e4ksen yhdistelm\u00e4: Taottu kehittyneell\u00e4 San Mai -tekniikalla.<br \/>\nFull-Tang-rakenne: Ter\u00e4 kulkee koko kahvan l\u00e4pi, mik\u00e4 takaa lujuuden ja luotettavuuden raskaassa k\u00e4yt\u00f6ss\u00e4.<br \/>\nErgonominen liukumaton kahva: K\u00e4densija on valmistettu kulutusta kest\u00e4v\u00e4st\u00e4 materiaalista, joka takaa mukavan ja turvallisen otteen ja s\u00e4ilytt\u00e4\u00e4 tarkan hallinnan my\u00f6s m\u00e4riss\u00e4 olosuhteissa.<br \/>\nKydex-tuppi: sopii ulkoiluun, selviytymiseen ja taktiseen k\u00e4ytt\u00f6\u00f6n.<br \/>\nKer\u00e4ilij\u00e4n laatu: Se tarjoaa erinomaista laatua ja ker\u00e4ilyarvoa.<\/p>","protected":false},"featured_media":357,"comment_status":"open","ping_status":"closed","template":"","meta":{"_acf_changed":false,"inline_featured_image":false,"slim_seo":{"description":"AC024 San Mai Tactical Survival Knife yhdist\u00e4\u00e4 ter\u00e4vyyden, sitkeyden ja erinomaisen korroosionkest\u00e4vyyden. Valmistettu ensiluokkaisella San Mai -k\u00e4sity\u00f6taidolla ja ker\u00e4ilij\u00e4laadulla.","title":"AC024 San mai Tactical Survival Knife - ACECOLL"}},"product_brand":[],"product_cat":[16,18,19],"product_tag":[],"class_list":{"0":"post-236","1":"product","2":"type-product","3":"status-publish","4":"has-post-thumbnail","6":"product_cat-fixed-blade-knife","7":"product_cat-survival-knives","8":"product_cat-tactical-knives","10":"first","11":"instock","12":"taxable","13":"shipping-taxable","14":"purchasable","15":"product-type-simple"},"acf":[],"_links":{"self":[{"href":"https:\/\/acecoll.com\/fi\/wp-json\/wp\/v2\/product\/236","targetHints":{"allow":["GET"]}}],"collection":[{"href":"https:\/\/acecoll.com\/fi\/wp-json\/wp\/v2\/product"}],"about":[{"href":"https:\/\/acecoll.com\/fi\/wp-json\/wp\/v2\/types\/product"}],"replies":[{"embeddable":true,"href":"https:\/\/acecoll.com\/fi\/wp-json\/wp\/v2\/comments?post=236"}],"version-history":[{"count":5,"href":"https:\/\/acecoll.com\/fi\/wp-json\/wp\/v2\/product\/236\/revisions"}],"predecessor-version":[{"id":1975,"href":"https:\/\/acecoll.com\/fi\/wp-json\/wp\/v2\/product\/236\/revisions\/1975"}],"wp:featuredmedia":[{"embeddable":true,"href":"https:\/\/acecoll.com\/fi\/wp-json\/wp\/v2\/media\/357"}],"wp:attachment":[{"href":"https:\/\/acecoll.com\/fi\/wp-json\/wp\/v2\/media?parent=236"}],"wp:term":[{"taxonomy":"product_brand","embeddable":true,"href":"https:\/\/acecoll.com\/fi\/wp-json\/wp\/v2\/product_brand?post=236"},{"taxonomy":"product_cat","embeddable":true,"href":"https:\/\/acecoll.com\/fi\/wp-json\/wp\/v2\/product_cat?post=236"},{"taxonomy":"product_tag","embeddable":true,"href":"https:\/\/acecoll.com\/fi\/wp-json\/wp\/v2\/product_tag?post=236"}],"curies":[{"name":"wp","href":"https:\/\/api.w.org\/{rel}","templated":true}]}}