{"id":237,"date":"2025-10-28T07:38:41","date_gmt":"2025-10-28T07:38:41","guid":{"rendered":"https:\/\/acecoll.com\/?post_type=product&#038;p=237"},"modified":"2026-02-11T07:24:30","modified_gmt":"2026-02-11T07:24:30","slug":"af029-taktinen-selviytymisbowie-kiintea-tera-veitsi-ruostumatonta-terasta","status":"publish","type":"product","link":"https:\/\/acecoll.com\/fi\/product\/af029-taktinen-selviytymisbowie-kiintea-tera-veitsi-ruostumatonta-terasta\/","title":{"rendered":"AC029 Suuri taktinen ja selviytymis Bowie-veitsi"},"content":{"rendered":"<p>The AC029 Large Tactical &amp; Survival Bowie Knife is designed for outdoor adventure and survival situations.<\/p>\n<p>Siin\u00e4 on t\u00e4ysmittainen rakenne, jossa on eritt\u00e4in luja premium-ter\u00e4ksest\u00e4 valmistettu ter\u00e4, joka on taottu ja sammutettu korkeissa l\u00e4mp\u00f6tiloissa erinomaisen kovuuden ja kulutuskest\u00e4vyyden saavuttamiseksi. Ter\u00e4 pysyy ter\u00e4v\u00e4n\u00e4 ja kest\u00e4v\u00e4n\u00e4, ja sen paksuus on jopa 5 mm, mik\u00e4 takaa \u00e4\u00e4rimm\u00e4isen luotettavuuden.<\/p>\n<p>Varustettu mustalla kovapuukahvalla, joka takaa erinomaisen vakauden ja otteen.<\/p>\n<p>Sen erottuva muotoilu ja k\u00e4sity\u00f6taito tarjoavat my\u00f6s ker\u00e4ilyarvoa, joten se on ihanteellinen v\u00e4line ulkoiluun, retkeilyyn, selviytymiskoulutukseen ja taktiseen k\u00e4ytt\u00f6\u00f6n.<\/p>","protected":false},"excerpt":{"rendered":"<p data-start=\"1413\" data-end=\"1505\">Suuri ter\u00e4 ja erottuva muotoilu: Ainutlaatuinen muoto antaa vahvan tunteen voimasta ja toiminnallisuudesta ja tarjoaa samalla ker\u00e4ilyarvoa.<br \/>\nKorkean l\u00e4mp\u00f6tilan taonta ja sammutus k\u00e4sity\u00f6taitoa: Taidokkaasti taottu ja l\u00e4mp\u00f6k\u00e4sitelty korkeissa l\u00e4mp\u00f6tiloissa, mik\u00e4 takaa erinomaisen kovuuden, kulutuskest\u00e4vyyden ja pitk\u00e4aikaisen reunan s\u00e4ilymisen.<br \/>\nFull-Tang High-Strength-rakenne: Erinomainen iskunkest\u00e4vyys ja luotettavuus raskaassa k\u00e4yt\u00f6ss\u00e4.<br \/>\nTaktinen ja selviytymiseen tarkoitettu kaksik\u00e4ytt\u00f6suunnittelu: Sopii pilkkomiseen, itsepuolustukseen, retkeilyyn ja selviytymissovelluksiin - ihanteellinen ty\u00f6kalu ulkoiluun.<\/p>","protected":false},"featured_media":1144,"comment_status":"open","ping_status":"closed","template":"","meta":{"_acf_changed":false,"inline_featured_image":false,"slim_seo":{"title":"AC029 Large Tactical & Survival Bowie Knife - ACECOLL","description":"Suuri ter\u00e4 ja erottuva muotoilu: Ainutlaatuinen muoto antaa vahvan tunteen voimasta ja toiminnallisuudesta ja tarjoaa samalla ker\u00e4ilyarvoa. Korkean l\u00e4mp\u00f6tilan"}},"product_brand":[],"product_cat":[22,16,23,18,19],"product_tag":[],"class_list":{"0":"post-237","1":"product","2":"type-product","3":"status-publish","4":"has-post-thumbnail","6":"product_cat-bowie-knife","7":"product_cat-fixed-blade-knife","8":"product_cat-hunting-knives","9":"product_cat-survival-knives","10":"product_cat-tactical-knives","12":"first","13":"instock","14":"taxable","15":"shipping-taxable","16":"purchasable","17":"product-type-simple"},"acf":[],"_links":{"self":[{"href":"https:\/\/acecoll.com\/fi\/wp-json\/wp\/v2\/product\/237","targetHints":{"allow":["GET"]}}],"collection":[{"href":"https:\/\/acecoll.com\/fi\/wp-json\/wp\/v2\/product"}],"about":[{"href":"https:\/\/acecoll.com\/fi\/wp-json\/wp\/v2\/types\/product"}],"replies":[{"embeddable":true,"href":"https:\/\/acecoll.com\/fi\/wp-json\/wp\/v2\/comments?post=237"}],"version-history":[{"count":6,"href":"https:\/\/acecoll.com\/fi\/wp-json\/wp\/v2\/product\/237\/revisions"}],"predecessor-version":[{"id":1690,"href":"https:\/\/acecoll.com\/fi\/wp-json\/wp\/v2\/product\/237\/revisions\/1690"}],"wp:featuredmedia":[{"embeddable":true,"href":"https:\/\/acecoll.com\/fi\/wp-json\/wp\/v2\/media\/1144"}],"wp:attachment":[{"href":"https:\/\/acecoll.com\/fi\/wp-json\/wp\/v2\/media?parent=237"}],"wp:term":[{"taxonomy":"product_brand","embeddable":true,"href":"https:\/\/acecoll.com\/fi\/wp-json\/wp\/v2\/product_brand?post=237"},{"taxonomy":"product_cat","embeddable":true,"href":"https:\/\/acecoll.com\/fi\/wp-json\/wp\/v2\/product_cat?post=237"},{"taxonomy":"product_tag","embeddable":true,"href":"https:\/\/acecoll.com\/fi\/wp-json\/wp\/v2\/product_tag?post=237"}],"curies":[{"name":"wp","href":"https:\/\/api.w.org\/{rel}","templated":true}]}}