{"id":238,"date":"2025-10-28T07:38:42","date_gmt":"2025-10-28T07:38:42","guid":{"rendered":"https:\/\/acecoll.com\/?post_type=product&#038;p=238"},"modified":"2026-03-31T08:03:19","modified_gmt":"2026-03-31T08:03:19","slug":"af030-taktinen-selviytyminen-bowie-kiintea-tera-veitsi-punapuu-kahva-a8-tyokalu-teras","status":"publish","type":"product","link":"https:\/\/acecoll.com\/fi\/product\/af030-taktinen-selviytyminen-bowie-kiintea-tera-veitsi-punapuu-kahva-a8-tyokalu-teras\/","title":{"rendered":"AC030 pitk\u00e4 ter\u00e4 bowie mets\u00e4stysveitsi"},"content":{"rendered":"<p>AC030 Long Blade Bowie Knife -veitsess\u00e4 on klassinen muotoilu ja karu ulkon\u00e4k\u00f6. Ter\u00e4 on erityisen pitk\u00e4 ja paksu, sopii viidakkotutkimuksiin, er\u00e4maassa selviytymiseen ja on my\u00f6s ker\u00e4ilyn arvoinen.<br \/>\nTer\u00e4 on valmistettu eritt\u00e4in lujasta premium-ter\u00e4ksest\u00e4, jossa on korkeassa l\u00e4mp\u00f6tilassa sammutettu taonta. Full tang -rakenne takaa lujuuden ja kest\u00e4vyyden.<br \/>\nPunaruskeasta kovapuukahvasta saa mukavan otteen, ja nahkatupen ansiosta sit\u00e4 on helppo kuljettaa ja suojata.<br \/>\nT\u00e4m\u00e4 monik\u00e4ytt\u00f6inen taktinen veitsi on v\u00e4ltt\u00e4m\u00e4t\u00f6n ty\u00f6kalu, olipa kyse sitten ulkoseikkailusta, selviytymisest\u00e4 tai ker\u00e4ilyst\u00e4.<\/p>","protected":false},"excerpt":{"rendered":"<p>Ammattimainen taktinen suunnittelu: yhdist\u00e4\u00e4 k\u00e4yt\u00e4nn\u00f6llisyyden ja ker\u00e4ilyarvon.<\/p>\n<p>Eritt\u00e4in pitk\u00e4 ter\u00e4 tehokkaaseen pilkkomiseen ja ty\u00f6nt\u00e4miseen: Kokonaispituus 15,55 tuumaa, ter\u00e4n pituus 10,2 tuumaa, selk\u00e4rangan paksuus 6,5 mm.<\/p>\n<p>Korkeassa l\u00e4mp\u00f6tilassa sammutettu taottu, t\u00e4yspitk\u00e4 ter\u00e4: Korkean l\u00e4mp\u00f6tilan karkaisu parantaa kovuutta ja kulutuskest\u00e4vyytt\u00e4.<\/p>\n<p>Monik\u00e4ytt\u00f6inen ulkoiluveitsi: ihanteellinen ulkoiluveitsi viidakon tutkimiseen ja er\u00e4maassa selviytymiseen.<\/p>","protected":false},"featured_media":365,"comment_status":"open","ping_status":"closed","template":"","meta":{"_acf_changed":false,"inline_featured_image":false,"slim_seo":{"description":"AC030, klassinen muotoilu, sopii viidakon tutkimiseen, er\u00e4maassa selviytymiseen, pilkkomiseen ja leikkaamiseen, my\u00f6s ker\u00e4ilyyn. Pakollinen monik\u00e4ytt\u00f6inen taktinen veitsi ulkoilu- ja selviytymisharrastajille, nyt kuuma myynti.","title":"AC030 long blade bowie hunting knife - ACECOLL"}},"product_brand":[],"product_cat":[22,17,23,18],"product_tag":[],"class_list":{"0":"post-238","1":"product","2":"type-product","3":"status-publish","4":"has-post-thumbnail","6":"product_cat-bowie-knife","7":"product_cat-full-tang-knives","8":"product_cat-hunting-knives","9":"product_cat-survival-knives","11":"first","12":"instock","13":"taxable","14":"shipping-taxable","15":"purchasable","16":"product-type-simple"},"acf":[],"_links":{"self":[{"href":"https:\/\/acecoll.com\/fi\/wp-json\/wp\/v2\/product\/238","targetHints":{"allow":["GET"]}}],"collection":[{"href":"https:\/\/acecoll.com\/fi\/wp-json\/wp\/v2\/product"}],"about":[{"href":"https:\/\/acecoll.com\/fi\/wp-json\/wp\/v2\/types\/product"}],"replies":[{"embeddable":true,"href":"https:\/\/acecoll.com\/fi\/wp-json\/wp\/v2\/comments?post=238"}],"version-history":[{"count":6,"href":"https:\/\/acecoll.com\/fi\/wp-json\/wp\/v2\/product\/238\/revisions"}],"predecessor-version":[{"id":1636,"href":"https:\/\/acecoll.com\/fi\/wp-json\/wp\/v2\/product\/238\/revisions\/1636"}],"wp:featuredmedia":[{"embeddable":true,"href":"https:\/\/acecoll.com\/fi\/wp-json\/wp\/v2\/media\/365"}],"wp:attachment":[{"href":"https:\/\/acecoll.com\/fi\/wp-json\/wp\/v2\/media?parent=238"}],"wp:term":[{"taxonomy":"product_brand","embeddable":true,"href":"https:\/\/acecoll.com\/fi\/wp-json\/wp\/v2\/product_brand?post=238"},{"taxonomy":"product_cat","embeddable":true,"href":"https:\/\/acecoll.com\/fi\/wp-json\/wp\/v2\/product_cat?post=238"},{"taxonomy":"product_tag","embeddable":true,"href":"https:\/\/acecoll.com\/fi\/wp-json\/wp\/v2\/product_tag?post=238"}],"curies":[{"name":"wp","href":"https:\/\/api.w.org\/{rel}","templated":true}]}}