{"id":239,"date":"2025-10-28T07:38:42","date_gmt":"2025-10-28T07:38:42","guid":{"rendered":"https:\/\/acecoll.com\/?post_type=product&#038;p=239"},"modified":"2026-02-11T07:22:37","modified_gmt":"2026-02-11T07:22:37","slug":"af017-taktinen-tikari-jossa-on-fuller-tera-aus-10-terasta-ulkokayttoon","status":"publish","type":"product","link":"https:\/\/acecoll.com\/fi\/product\/af017-taktinen-tikari-jossa-on-fuller-tera-aus-10-terasta-ulkokayttoon\/","title":{"rendered":"AC017 Keskikokoinen taktinen selviytymistikari"},"content":{"rendered":"<p>AC017 Medium Tactical Survival Dagger on hienosti muotoiltu, t\u00e4ysipainoinen tikari, jossa yhdistyv\u00e4t taktinen suorituskyky ja k\u00e4sity\u00f6taito.<\/p>\n<p>Ter\u00e4 on k\u00e4sin taottu korkealaatuisesta AUS-10 ruostumattomasta ter\u00e4ksest\u00e4, joka tarjoaa poikkeuksellisen ter\u00e4vyyden, sitkeyden ja erinomaisen korroosion- ja kulutuskest\u00e4vyyden.<\/p>\n<p>Keskell\u00e4 oleva t\u00e4yteuramalli ei ainoastaan v\u00e4henn\u00e4 kokonaispainoa, vaan my\u00f6s parantaa rakenteellista j\u00e4ykkyytt\u00e4 ja lis\u00e4\u00e4 ter\u00e4n visuaalista syvyytt\u00e4.<\/p>\n<p>Rakennettu koko kahvan l\u00e4pi kulkevalla kokokangasrakenteella, joka takaa erinomaisen lujuuden ja luotettavuuden my\u00f6s kovassa k\u00e4yt\u00f6ss\u00e4.<\/p>\n<p>Kovapuukahva tarjoaa mukavan, liukumattoman otteen, jossa yhdistyv\u00e4t hieno k\u00e4sity\u00f6taito ja turvallinen k\u00e4sittely. Vintage-tyylinen nahkatuppi sopii tarkkaan, joten sit\u00e4 on helppo s\u00e4ilytt\u00e4\u00e4 ja kuljettaa.<\/p>\n<p>AC017 on ensiluokkainen taktinen tikari, joka ilment\u00e4\u00e4 sek\u00e4 voimaa ett\u00e4 ammattitaitoa, olipa kyseess\u00e4 sitten retkeily, mets\u00e4stys, ulkoilmaeloonj\u00e4\u00e4minen, er\u00e4maaretki tai kokoelman\u00e4yttely.<\/p>","protected":false},"excerpt":{"rendered":"<p>Kaksiter\u00e4inen symmetrinen tikari: Yhdist\u00e4\u00e4 k\u00e4yt\u00e4nn\u00f6llisyyden ja ker\u00e4ilyarvon: Klassinen taktinen tyyli sek\u00e4 hy\u00f6kk\u00e4ykseen ett\u00e4 puolustukseen.<br \/>\nT\u00e4ydellisempi urarakenne: V\u00e4hent\u00e4\u00e4 ter\u00e4n kokonaispainoa ja parantaa samalla j\u00e4ykkyytt\u00e4 ja antaa silmiinpist\u00e4v\u00e4n taktisen ulkon\u00e4\u00f6n.<br \/>\nKorkean suorituskyvyn AUS-10-ter\u00e4s: Ter\u00e4s: Tarjoaa poikkeuksellisen lujuuden ja ter\u00e4vyyden.<br \/>\nT\u00e4ysimittainen rakenne: Ter\u00e4 kulkee koko kahvan l\u00e4pi, mik\u00e4 takaa erinomaisen lujuuden ja luotettavuuden.<br \/>\nKovapuinen kahva: Mukava, vakaa ja liukumaton kahva, jossa yhdistyv\u00e4t k\u00e4sity\u00f6taito ja k\u00e4ytett\u00e4vyys.<br \/>\nNahkatuppi: Tarjoaa turvallisen istuvuuden turvalliseen s\u00e4ilytykseen ja antaa samalla hienostuneen, ensiluokkaisen ulkon\u00e4\u00f6n.<br \/>\nRajoitettu k\u00e4sity\u00f6l\u00e4ispainos: Jokainen kappale on taitavien k\u00e4sity\u00f6l\u00e4isten k\u00e4sin takoma ja kiillottama, mik\u00e4 korostaa sen ainutlaatuista ker\u00e4ilyarvoa.<\/p>","protected":false},"featured_media":372,"comment_status":"open","ping_status":"closed","template":"","meta":{"_acf_changed":false,"inline_featured_image":false,"slim_seo":{"description":"AC017, jossa on t\u00e4ytel\u00e4isempi uramalli ja t\u00e4yskantarakenne, tarjoaa sek\u00e4 ter\u00e4vyytt\u00e4 ett\u00e4 vakautta. Ensiluokkainen taktinen veitsi, jossa yhdistyv\u00e4t vahvuus ja k\u00e4sity\u00f6taito - nyt kuumamyynti, klikkaa saadaksesi lis\u00e4tietoja!","title":"AC017 Medium Tactical Survival Dagger - ACECOLL"}},"product_brand":[],"product_cat":[17,20],"product_tag":[],"class_list":{"0":"post-239","1":"product","2":"type-product","3":"status-publish","4":"has-post-thumbnail","6":"product_cat-full-tang-knives","7":"product_cat-tactical-dagger","9":"first","10":"instock","11":"taxable","12":"shipping-taxable","13":"purchasable","14":"product-type-simple"},"acf":[],"_links":{"self":[{"href":"https:\/\/acecoll.com\/fi\/wp-json\/wp\/v2\/product\/239","targetHints":{"allow":["GET"]}}],"collection":[{"href":"https:\/\/acecoll.com\/fi\/wp-json\/wp\/v2\/product"}],"about":[{"href":"https:\/\/acecoll.com\/fi\/wp-json\/wp\/v2\/types\/product"}],"replies":[{"embeddable":true,"href":"https:\/\/acecoll.com\/fi\/wp-json\/wp\/v2\/comments?post=239"}],"version-history":[{"count":4,"href":"https:\/\/acecoll.com\/fi\/wp-json\/wp\/v2\/product\/239\/revisions"}],"predecessor-version":[{"id":1250,"href":"https:\/\/acecoll.com\/fi\/wp-json\/wp\/v2\/product\/239\/revisions\/1250"}],"wp:featuredmedia":[{"embeddable":true,"href":"https:\/\/acecoll.com\/fi\/wp-json\/wp\/v2\/media\/372"}],"wp:attachment":[{"href":"https:\/\/acecoll.com\/fi\/wp-json\/wp\/v2\/media?parent=239"}],"wp:term":[{"taxonomy":"product_brand","embeddable":true,"href":"https:\/\/acecoll.com\/fi\/wp-json\/wp\/v2\/product_brand?post=239"},{"taxonomy":"product_cat","embeddable":true,"href":"https:\/\/acecoll.com\/fi\/wp-json\/wp\/v2\/product_cat?post=239"},{"taxonomy":"product_tag","embeddable":true,"href":"https:\/\/acecoll.com\/fi\/wp-json\/wp\/v2\/product_tag?post=239"}],"curies":[{"name":"wp","href":"https:\/\/api.w.org\/{rel}","templated":true}]}}