{"id":242,"date":"2025-10-28T07:38:42","date_gmt":"2025-10-28T07:38:42","guid":{"rendered":"https:\/\/acecoll.com\/?post_type=product&#038;p=242"},"modified":"2026-02-11T07:23:50","modified_gmt":"2026-02-11T07:23:50","slug":"af025-full-tang-taktinen-selviytyminen-kiintea-tera-veitsen-teran-kovuus-62hrc","status":"publish","type":"product","link":"https:\/\/acecoll.com\/fi\/product\/af025-full-tang-taktinen-selviytyminen-kiintea-tera-veitsen-teran-kovuus-62hrc\/","title":{"rendered":"AC025 Full Tang Tactical &amp; Survival Fixed Blade -veitsi"},"content":{"rendered":"<p>AC025 Full Tang Tactical Survival Fixed Blade Knife, the blade is made from AUS-10 steel billet and features a High-Temperature Forged &amp; Quenched Blade. With high carbon content and a hardness rating over 62\u00b1HRC, it provides excellent wear resistance, toughness, and corrosion resistance.<\/p>\n<p>Vankan ja luotettavan rakenteensa ansiosta se soveltuu hyvin monenlaisiin ulkok\u00e4ytt\u00f6\u00f6n!<\/p>","protected":false},"excerpt":{"rendered":"<p>Ensiluokkainen materiaali: AC025 on valmistettu AUS-10-ter\u00e4ksest\u00e4, jossa on korkea hiilipitoisuus ja jonka kovuusluokitus on yli 62 \u00b1 HRC, mik\u00e4 takaa kest\u00e4v\u00e4n ter\u00e4vyyden sek\u00e4 erinomaisen kulutuksen- ja korroosionkest\u00e4vyyden.<br \/>\nAmmattimainen ammattitaito: Ter\u00e4 on vankka ja luotettava, mik\u00e4 takaa erinomaisen lujuuden ja sitkeyden.<br \/>\nT\u00e4ysi Tang-rakenne: T\u00e4m\u00e4 integroitu rakenne yhdist\u00e4\u00e4 kahvan ja ter\u00e4n tiiviisti toisiinsa, mik\u00e4 lis\u00e4\u00e4 vakautta ja turvallisuutta.<br \/>\nYhdistetty taktinen ja selviytymiskoulutus: Soveltuu er\u00e4maassa selviytymiseen, retkeilyseikkailuihin ja taktisiin sovelluksiin, k\u00e4yt\u00e4nn\u00f6llinen useissa skenaarioissa.<\/p>","protected":false},"featured_media":382,"comment_status":"open","ping_status":"closed","template":"","meta":{"_acf_changed":false,"inline_featured_image":false,"slim_seo":{"description":"AC025 Full Tang Tactical Survival Knife AUS-10-ter\u00e4ksell\u00e4, korkeassa l\u00e4mp\u00f6tilassa taottu ja sammutettu ter\u00e4, ter\u00e4n kovuus: 62 \u00b1 HRC, vahva ja luotettava ulkok\u00e4ytt\u00f6\u00f6n","title":"AC025 Full Tang Tactical & Survival Fixed Blade Knife - ACECOLL"}},"product_brand":[],"product_cat":[16,17,18,19],"product_tag":[],"class_list":{"0":"post-242","1":"product","2":"type-product","3":"status-publish","4":"has-post-thumbnail","6":"product_cat-fixed-blade-knife","7":"product_cat-full-tang-knives","8":"product_cat-survival-knives","9":"product_cat-tactical-knives","11":"first","12":"instock","13":"taxable","14":"shipping-taxable","15":"purchasable","16":"product-type-simple"},"acf":[],"_links":{"self":[{"href":"https:\/\/acecoll.com\/fi\/wp-json\/wp\/v2\/product\/242","targetHints":{"allow":["GET"]}}],"collection":[{"href":"https:\/\/acecoll.com\/fi\/wp-json\/wp\/v2\/product"}],"about":[{"href":"https:\/\/acecoll.com\/fi\/wp-json\/wp\/v2\/types\/product"}],"replies":[{"embeddable":true,"href":"https:\/\/acecoll.com\/fi\/wp-json\/wp\/v2\/comments?post=242"}],"version-history":[{"count":5,"href":"https:\/\/acecoll.com\/fi\/wp-json\/wp\/v2\/product\/242\/revisions"}],"predecessor-version":[{"id":1429,"href":"https:\/\/acecoll.com\/fi\/wp-json\/wp\/v2\/product\/242\/revisions\/1429"}],"wp:featuredmedia":[{"embeddable":true,"href":"https:\/\/acecoll.com\/fi\/wp-json\/wp\/v2\/media\/382"}],"wp:attachment":[{"href":"https:\/\/acecoll.com\/fi\/wp-json\/wp\/v2\/media?parent=242"}],"wp:term":[{"taxonomy":"product_brand","embeddable":true,"href":"https:\/\/acecoll.com\/fi\/wp-json\/wp\/v2\/product_brand?post=242"},{"taxonomy":"product_cat","embeddable":true,"href":"https:\/\/acecoll.com\/fi\/wp-json\/wp\/v2\/product_cat?post=242"},{"taxonomy":"product_tag","embeddable":true,"href":"https:\/\/acecoll.com\/fi\/wp-json\/wp\/v2\/product_tag?post=242"}],"curies":[{"name":"wp","href":"https:\/\/api.w.org\/{rel}","templated":true}]}}