{"id":243,"date":"2025-10-28T07:38:42","date_gmt":"2025-10-28T07:38:42","guid":{"rendered":"https:\/\/acecoll.com\/?post_type=product&#038;p=243"},"modified":"2025-11-27T01:51:02","modified_gmt":"2025-11-27T01:51:02","slug":"af001-keskikokoinen-clip-point-taktinen-selviytymisveitsi","status":"publish","type":"product","link":"https:\/\/acecoll.com\/fi\/product\/af001-keskikokoinen-clip-point-taktinen-selviytymisveitsi\/","title":{"rendered":"AC001 Keskikokoinen Clip Point taktinen ja selviytymisveitsi"},"content":{"rendered":"<p>AC001 Medium Clip Point Tactical &amp; Survival Knife combines practical performance with a clean, minimalist design.<\/p>\n<p>Ter\u00e4 on taottu suorituskykyisest\u00e4 D2-ty\u00f6kaluter\u00e4ksest\u00e4, joka tarjoaa ter\u00e4vyytt\u00e4, kulutuskest\u00e4vyytt\u00e4, erinomaista korroosiosuojaa ja pitk\u00e4kestoista ter\u00e4n s\u00e4ilymist\u00e4. Full-Tang-rakenne kulkee l\u00e4pi kahvan, mik\u00e4 takaa vankan luotettavuuden intensiivisess\u00e4 ulkok\u00e4yt\u00f6ss\u00e4.<\/p>\n<p>Nailonvahvisteinen kahva on suunniteltu ergonomisesti niin, ett\u00e4 siit\u00e4 saa turvallisen, luistamattoman ja mukavan otteen. Sen mukana tulee kest\u00e4v\u00e4 Kydex-tuppi, joka on helppo kantaa ja nopea k\u00e4ytt\u00e4\u00e4, ihanteellinen retkeilyyn, vaellukseen, selviytymiseen, mets\u00e4stykseen ja jokap\u00e4iv\u00e4iseen kantamiseen.<\/p>\n<p>Saatavana mustana ja ruskeana v\u00e4rivaihtoehtona.<\/p>","protected":false},"excerpt":{"rendered":"<ul>\n<li><b><span data-font-family=\"\u5b8b\u4f53\">Korkean suorituskyvyn D2-ter\u00e4ksest\u00e4 valmistettu ter\u00e4:<\/span><\/b><span data-font-family=\"\u5b8b\u4f53\"> Valmistettu ensiluokkaisesta D2-ty\u00f6kaluter\u00e4ksest\u00e4, joka takaa erinomaisen ter\u00e4vyyden, kulutuskest\u00e4vyyden ja korroosiosuojauksen.<\/span><\/li>\n<li><b><span data-font-family=\"\u5b8b\u4f53\">Ammattimainen ulkosuunnittelu:<\/span><\/b><span data-font-family=\"\u5b8b\u4f53\"> Luonut kokenut ulkoiluharrastaja. Tarkka ter\u00e4n kaarevuus takaa erinomaisen leikkaustehokkuuden ja hallinnan. Kryogeeninen karkaisuprosessi hienos\u00e4\u00e4t\u00e4\u00e4 ter\u00e4ksen rakennetta ja parantaa lujuutta ja sitkeytt\u00e4.<\/span><\/li>\n<li><b><span data-font-family=\"\u5b8b\u4f53\">Ergonominen kahva:<\/span><\/b><span data-font-family=\"\u5b8b\u4f53\"> Nylonilla vahvistettu kahva tarjoaa turvallisen, liukumattoman otteen. Syv\u00e4t sormiurat takaavat vakauden ja tarkkuuden my\u00f6s m\u00e4rill\u00e4 k\u00e4sill\u00e4.<\/span><\/li>\n<li><b><span data-font-family=\"\u5b8b\u4f53\">Kevyt ja monipuolinen:<\/span><\/b><span data-font-family=\"\u5b8b\u4f53\"> Painaa vain 230 g. Kompakti ja ketter\u00e4, ihanteellinen retkeilyyn, vaellukselle, selviytymiseen, mets\u00e4stykseen tai jokap\u00e4iv\u00e4iseen kantamiseen.<\/span><\/li>\n<li><b><span data-font-family=\"\u5b8b\u4f53\">V\u00e4rivaihtoehdot:<\/span><\/b><span data-font-family=\"\u5b8b\u4f53\"> Saatavana mustana tai ruskeana.<\/span><\/li>\n<\/ul>","protected":false},"featured_media":387,"comment_status":"open","ping_status":"closed","template":"","meta":{"_acf_changed":false,"inline_featured_image":false,"slim_seo":{"title":"Keskikokoinen Clip Point Tactical &amp; Survival Knife - ACECOLL","description":"AC001 Medium Clip Point Tactical &amp; Survival Knife, jonka on suunnitellut kokeneet ulkoiluharrastajat, ihanteellinen retkeilyyn, retkeilyyn, selviytymiseen, mets\u00e4stykseen ja EDC: hen, klikkaa saadaksesi lis\u00e4tietoja!"}},"product_brand":[],"product_cat":[16,17,18,19],"product_tag":[],"class_list":{"0":"post-243","1":"product","2":"type-product","3":"status-publish","4":"has-post-thumbnail","6":"product_cat-fixed-blade-knife","7":"product_cat-full-tang-knives","8":"product_cat-survival-knives","9":"product_cat-tactical-knives","11":"first","12":"instock","13":"taxable","14":"shipping-taxable","15":"purchasable","16":"product-type-variable"},"acf":[],"_links":{"self":[{"href":"https:\/\/acecoll.com\/fi\/wp-json\/wp\/v2\/product\/243","targetHints":{"allow":["GET"]}}],"collection":[{"href":"https:\/\/acecoll.com\/fi\/wp-json\/wp\/v2\/product"}],"about":[{"href":"https:\/\/acecoll.com\/fi\/wp-json\/wp\/v2\/types\/product"}],"replies":[{"embeddable":true,"href":"https:\/\/acecoll.com\/fi\/wp-json\/wp\/v2\/comments?post=243"}],"version-history":[{"count":10,"href":"https:\/\/acecoll.com\/fi\/wp-json\/wp\/v2\/product\/243\/revisions"}],"predecessor-version":[{"id":1680,"href":"https:\/\/acecoll.com\/fi\/wp-json\/wp\/v2\/product\/243\/revisions\/1680"}],"wp:featuredmedia":[{"embeddable":true,"href":"https:\/\/acecoll.com\/fi\/wp-json\/wp\/v2\/media\/387"}],"wp:attachment":[{"href":"https:\/\/acecoll.com\/fi\/wp-json\/wp\/v2\/media?parent=243"}],"wp:term":[{"taxonomy":"product_brand","embeddable":true,"href":"https:\/\/acecoll.com\/fi\/wp-json\/wp\/v2\/product_brand?post=243"},{"taxonomy":"product_cat","embeddable":true,"href":"https:\/\/acecoll.com\/fi\/wp-json\/wp\/v2\/product_cat?post=243"},{"taxonomy":"product_tag","embeddable":true,"href":"https:\/\/acecoll.com\/fi\/wp-json\/wp\/v2\/product_tag?post=243"}],"curies":[{"name":"wp","href":"https:\/\/api.w.org\/{rel}","templated":true}]}}