{"id":244,"date":"2025-10-28T07:38:42","date_gmt":"2025-10-28T07:38:42","guid":{"rendered":"https:\/\/acecoll.com\/?post_type=product&#038;p=244"},"modified":"2025-11-14T02:19:55","modified_gmt":"2025-11-14T02:19:55","slug":"af002-keskikokoinen-keihaankarkinen-taktinen-selviytymistikari","status":"publish","type":"product","link":"https:\/\/acecoll.com\/fi\/product\/af002-keskikokoinen-keihaankarkinen-taktinen-selviytymistikari\/","title":{"rendered":"AC002 Keskikokoinen keih\u00e4\u00e4nk\u00e4rki taktinen ja selviytymistikari"},"content":{"rendered":"<p>AC002 Medium Spear Point Tactical &amp; Survival Dagger, suunniteltu ulkoilijoille, jotka tavoittelevat korkeaa suorituskyky\u00e4 ja luotettavuutta.<\/p>\n<p>The blade is made of premium M390 steel, sharp and durable, with excellent wear and corrosion resistance. The full tang structure further ensures a solid and stable build.<\/p>\n<p>Puinen kahva takaa mukavan otteen, ja siin\u00e4 on aitoa nahkaa oleva tuppi. Siin\u00e4 on my\u00f6s massiivinen messinkinen salpa ja reik\u00e4 kaulanauhaan, joka mahdollistaa nopean ja helpon p\u00e4\u00e4syn vy\u00f6st\u00e4 tai saappaasta.<\/p>\n<p>Kokonaispituus 10,2 tuumaa, ter\u00e4n pituus 5,5 tuumaa, tasapainoinen koko, joka sopii hyvin ulkok\u00e4ytt\u00f6\u00f6n tai h\u00e4t\u00e4tilanteissa k\u00e4ytett\u00e4v\u00e4ksi.<\/p>\n<p>AC002 on luotettava monik\u00e4ytt\u00f6inen ty\u00f6kalu, johon voit luottaa, olipa kyseess\u00e4 sitten retkeily, vaellus, EDC tai selviytyminen ulkona.<\/p>","protected":false},"excerpt":{"rendered":"<p>Premium-ter\u00e4s: Ter\u00e4 on valmistettu korkealaatuisesta M390-ter\u00e4ksest\u00e4, joka on ter\u00e4v\u00e4\u00e4 ja kest\u00e4v\u00e4\u00e4 ja jolla on erinomainen kulumisen ja korroosionkest\u00e4vyys. T\u00e4ysi tang-rakenne parantaa veitsen vakautta entisest\u00e4\u00e4n.<br \/>\nMukava kahva: Mukava pit\u00e4\u00e4 k\u00e4dess\u00e4 ja varmistaa vakaan hallinnan erilaisissa ulkoilmaolosuhteissa.<br \/>\nTurvallinen varastointi: Ter\u00e4 on suojattu tiukasti ja est\u00e4\u00e4 liukastumisen: mukana on nahkatuppi, joka suojaa ter\u00e4\u00e4 ja est\u00e4\u00e4 liukastumisen. Lanyard-rei\u00e4n avulla se voidaan kiinnitt\u00e4\u00e4 vy\u00f6h\u00f6n tai saappaisiin turvallisempaa kantamista varten.<br \/>\nMonipuolinen k\u00e4ytt\u00f6: Soveltuu retkeilyyn, vaellukseen, EDC:hen, selviytymiseen ja monenlaisiin ulkoilmatilanteisiin.<\/p>","protected":false},"featured_media":393,"comment_status":"open","ping_status":"closed","template":"","meta":{"_acf_changed":false,"inline_featured_image":false,"slim_seo":{"title":"AC002 Keskikokoinen keih\u00e4\u00e4nk\u00e4rkinen tikari taktiseen ja selviytymiseen - ACECOLL","description":"AC002 Medium Tactical &amp; Survival Dagger: ensiluokkainen M390-ter\u00e4s + t\u00e4ysi tang. Ihanteellinen retkeilyyn, vaellukseen, EDC:hen ja ulkona selviytymiseen. Nyt saatavilla - klikkaa saadaksesi lis\u00e4tietoja!"}},"product_brand":[],"product_cat":[16,20],"product_tag":[],"class_list":{"0":"post-244","1":"product","2":"type-product","3":"status-publish","4":"has-post-thumbnail","6":"product_cat-fixed-blade-knife","7":"product_cat-tactical-dagger","9":"first","10":"instock","11":"taxable","12":"shipping-taxable","13":"purchasable","14":"product-type-simple"},"acf":[],"_links":{"self":[{"href":"https:\/\/acecoll.com\/fi\/wp-json\/wp\/v2\/product\/244","targetHints":{"allow":["GET"]}}],"collection":[{"href":"https:\/\/acecoll.com\/fi\/wp-json\/wp\/v2\/product"}],"about":[{"href":"https:\/\/acecoll.com\/fi\/wp-json\/wp\/v2\/types\/product"}],"replies":[{"embeddable":true,"href":"https:\/\/acecoll.com\/fi\/wp-json\/wp\/v2\/comments?post=244"}],"version-history":[{"count":5,"href":"https:\/\/acecoll.com\/fi\/wp-json\/wp\/v2\/product\/244\/revisions"}],"predecessor-version":[{"id":1317,"href":"https:\/\/acecoll.com\/fi\/wp-json\/wp\/v2\/product\/244\/revisions\/1317"}],"wp:featuredmedia":[{"embeddable":true,"href":"https:\/\/acecoll.com\/fi\/wp-json\/wp\/v2\/media\/393"}],"wp:attachment":[{"href":"https:\/\/acecoll.com\/fi\/wp-json\/wp\/v2\/media?parent=244"}],"wp:term":[{"taxonomy":"product_brand","embeddable":true,"href":"https:\/\/acecoll.com\/fi\/wp-json\/wp\/v2\/product_brand?post=244"},{"taxonomy":"product_cat","embeddable":true,"href":"https:\/\/acecoll.com\/fi\/wp-json\/wp\/v2\/product_cat?post=244"},{"taxonomy":"product_tag","embeddable":true,"href":"https:\/\/acecoll.com\/fi\/wp-json\/wp\/v2\/product_tag?post=244"}],"curies":[{"name":"wp","href":"https:\/\/api.w.org\/{rel}","templated":true}]}}