{"id":245,"date":"2025-10-28T07:38:42","date_gmt":"2025-10-28T07:38:42","guid":{"rendered":"https:\/\/acecoll.com\/?post_type=product&#038;p=245"},"modified":"2025-11-12T14:52:42","modified_gmt":"2025-11-12T14:52:42","slug":"af003-tanto-viidakko-taktinen-selviytymisveitsi-medium","status":"publish","type":"product","link":"https:\/\/acecoll.com\/fi\/product\/af003-tanto-viidakko-taktinen-selviytymisveitsi-medium\/","title":{"rendered":"AC003 Tanto Jungle Tactical &amp; Survival Knife (keskikokoinen)"},"content":{"rendered":"<p>AC003 Medium Tanto Jungle Tactical &amp; Survival Knife, designed for outdoor adventure and heavy-duty tasks.<\/p>\n<p>Ter\u00e4 on k\u00e4sin taottu SKD-11-ter\u00e4ksest\u00e4, jonka kovuus on jopa 61 HRC. V-muotoisen ter\u00e4n ansiosta t\u00e4m\u00e4 taktinen veitsi soveltuu monenlaisiin ulkoilman leikkausteht\u00e4viin.<\/p>\n<p>Full tang construction combined with a black G10 non-slip handle ensures greater stability and reliability.<\/p>\n<p>Varustettu Kydex-tupella, joka on k\u00e4tev\u00e4 vy\u00f6n tai repun kantamiseen, joten se on joustavampi ja k\u00e4yt\u00e4nn\u00f6llisempi k\u00e4ytt\u00e4\u00e4.<\/p>\n<p>For Camping, Hiking &amp; Bushcraft, the AC003 Tactical Survival Knife will be your trusted companion.<\/p>","protected":false},"excerpt":{"rendered":"<ul>\n<li><strong>Premium-ter\u00e4s:<\/strong> AC003 Jungle Tactical &amp; Survival Knife on k\u00e4sin taottu SKD-11-ter\u00e4ksest\u00e4, jonka kovuus on jopa 61 HRC, mik\u00e4 takaa kest\u00e4vyyden.<\/li>\n<li><strong>Full-Tang-rakenne:<\/strong> Yksiosainen ter\u00e4muotoilu, jossa on G10-luistamaton kahva vakaampaa ja luotettavampaa otetta varten.<\/li>\n<li><strong>V-muotoinen reuna:<\/strong> Ter\u00e4v\u00e4 ja tehokas, sopii leikkaamiseen, pilkkomiseen ja erilaisiin ulkot\u00f6ihin.<\/li>\n<li><strong>Kydex-tuppi:<\/strong> Mukana tulee luja, kevyt Kydex-tuppi, joka tukee monikulmas\u00e4\u00e4t\u00f6\u00e4, k\u00e4tev\u00e4 vy\u00f6- tai reppukuljetukseen.<\/li>\n<li><strong>Monipuolinen ulkok\u00e4ytt\u00f6:<\/strong> Ihanteellinen retkeilyyn, vaellukselle ja viidakossa selviytymiseen. Voidaan k\u00e4ytt\u00e4\u00e4 my\u00f6s ruoanvalmistukseen, puun pilkkomiseen, k\u00f6yden leikkaamiseen ja lasin rikkomiseen h\u00e4t\u00e4tilanteissa.<\/li>\n<\/ul>","protected":false},"featured_media":399,"comment_status":"open","ping_status":"closed","template":"","meta":{"_acf_changed":false,"inline_featured_image":false,"slim_seo":{"title":"Jungle Tanto taktinen ja selviytymisveitsi (Medium) - ACECOLL","description":"AC003 Tanto Jungle Tactical &amp; Survival Knife (Medium): K\u00e4sin taottu SKD-11 ter\u00e4s + liukumaton kahva, Kydex tuppi, telttailuun, retkeilyyn, Bushcraft. Nyt saatavilla - klikkaa saadaksesi lis\u00e4tietoja!"}},"product_brand":[],"product_cat":[16,19,21],"product_tag":[],"class_list":{"0":"post-245","1":"product","2":"type-product","3":"status-publish","4":"has-post-thumbnail","6":"product_cat-fixed-blade-knife","7":"product_cat-tactical-knives","8":"product_cat-tanto-knives","10":"first","11":"instock","12":"taxable","13":"shipping-taxable","14":"purchasable","15":"product-type-simple"},"acf":[],"_links":{"self":[{"href":"https:\/\/acecoll.com\/fi\/wp-json\/wp\/v2\/product\/245","targetHints":{"allow":["GET"]}}],"collection":[{"href":"https:\/\/acecoll.com\/fi\/wp-json\/wp\/v2\/product"}],"about":[{"href":"https:\/\/acecoll.com\/fi\/wp-json\/wp\/v2\/types\/product"}],"replies":[{"embeddable":true,"href":"https:\/\/acecoll.com\/fi\/wp-json\/wp\/v2\/comments?post=245"}],"version-history":[{"count":5,"href":"https:\/\/acecoll.com\/fi\/wp-json\/wp\/v2\/product\/245\/revisions"}],"predecessor-version":[{"id":1214,"href":"https:\/\/acecoll.com\/fi\/wp-json\/wp\/v2\/product\/245\/revisions\/1214"}],"wp:featuredmedia":[{"embeddable":true,"href":"https:\/\/acecoll.com\/fi\/wp-json\/wp\/v2\/media\/399"}],"wp:attachment":[{"href":"https:\/\/acecoll.com\/fi\/wp-json\/wp\/v2\/media?parent=245"}],"wp:term":[{"taxonomy":"product_brand","embeddable":true,"href":"https:\/\/acecoll.com\/fi\/wp-json\/wp\/v2\/product_brand?post=245"},{"taxonomy":"product_cat","embeddable":true,"href":"https:\/\/acecoll.com\/fi\/wp-json\/wp\/v2\/product_cat?post=245"},{"taxonomy":"product_tag","embeddable":true,"href":"https:\/\/acecoll.com\/fi\/wp-json\/wp\/v2\/product_tag?post=245"}],"curies":[{"name":"wp","href":"https:\/\/api.w.org\/{rel}","templated":true}]}}