{"id":1807,"date":"2025-12-18T06:19:25","date_gmt":"2025-12-18T06:19:25","guid":{"rendered":"https:\/\/acecoll.com\/?page_id=1807"},"modified":"2026-03-13T02:15:44","modified_gmt":"2026-03-13T02:15:44","slug":"conditions-de-service","status":"publish","type":"page","link":"https:\/\/acecoll.com\/fr\/conditions-de-service\/","title":{"rendered":"Conditions d'utilisation"},"content":{"rendered":"<h2 class=\"wp-block-heading\">Conditions d'utilisation<\/h2>\n\n<p>Ce site web est g\u00e9r\u00e9 par <a href=\"https:\/\/acecoll.com\/fr\/\">ACECOLL<\/a>. Dans ce contexte, \u201cnous\u201d et \u201cnotre\u201d font r\u00e9f\u00e9rence \u00e0 ACECOLL. Nous vous fournissons (\u00e0 vous, l'utilisateur) ce site web, y compris toutes les informations, tous les outils et tous les services, sous r\u00e9serve que vous acceptiez tous les termes, conditions, politiques et d\u00e9clarations \u00e9nonc\u00e9s ici.<\/p>\n<p><span data-font-family=\"\u5fae\u8f6f\u96c5\u9ed1\">En acc\u00e9dant \u00e0 notre site web et\/ou en achetant des biens aupr\u00e8s de nous, vous acceptez d'utiliser nos \u201cservices\u201d et d'\u00eatre li\u00e9 par les pr\u00e9sentes conditions de service (\u201cconditions\u201d), y compris toute condition ou politique suppl\u00e9mentaire mentionn\u00e9e dans le pr\u00e9sent document ou li\u00e9e \u00e0 ce site web.<\/span><\/p>\n<p><span data-font-family=\"\u5fae\u8f6f\u96c5\u9ed1\">Les pr\u00e9sentes conditions d'utilisation s'appliquent \u00e0 tous les utilisateurs du site web, y compris, mais sans s'y limiter, les visiteurs, les fournisseurs, les clients, les commer\u00e7ants et\/ou les contributeurs de contenu.<\/span><\/p>\n<p><span data-font-family=\"\u5fae\u8f6f\u96c5\u9ed1\">Veuillez lire attentivement les pr\u00e9sentes conditions avant d'acc\u00e9der \u00e0 ce site web ou de l'utiliser. En acc\u00e9dant \u00e0 une partie quelconque de ce site ou en l'utilisant, vous acceptez d'\u00eatre li\u00e9 par ces conditions. Si vous n'acceptez pas toutes les conditions de cet accord, vous ne pouvez pas acc\u00e9der \u00e0 ce site web ni utiliser aucun service. Si les pr\u00e9sentes conditions de service sont consid\u00e9r\u00e9es comme une offre, leur acceptation est limit\u00e9e aux pr\u00e9sentes conditions de service.<\/span><\/p>\n<p><span data-font-family=\"\u5fae\u8f6f\u96c5\u9ed1\">Toute nouvelle fonctionnalit\u00e9 ou tout nouvel outil ajout\u00e9 au magasin actuel est soumis aux pr\u00e9sentes conditions d'utilisation. Vous pouvez consulter \u00e0 tout moment la derni\u00e8re version des conditions d'utilisation sur cette page. Nous nous r\u00e9servons le droit de mettre \u00e0 jour, de modifier ou de remplacer toute partie des pr\u00e9sentes conditions d'utilisation en publiant des mises \u00e0 jour et\/ou des modifications sur le site web. Il vous incombe de v\u00e9rifier r\u00e9guli\u00e8rement si des modifications ont \u00e9t\u00e9 apport\u00e9es \u00e0 cette page. En continuant \u00e0 utiliser ce site web ou \u00e0 y acc\u00e9der apr\u00e8s la publication de modifications, vous acceptez ces modifications.<\/span><\/p>\n<p><span data-font-family=\"\u5fae\u8f6f\u96c5\u9ed1\">Notre boutique en ligne est h\u00e9berg\u00e9e sur la plateforme Woocommerce. Elle nous fournit une plateforme de commerce \u00e9lectronique en ligne qui nous permet de vous vendre des produits et des services.<\/span><\/p>\n\n<h2 class=\"wp-block-heading\">Conditions d'utilisation de la boutique en ligne<\/h2>\n\n<p>En acceptant les pr\u00e9sentes conditions d'utilisation, vous d\u00e9clarez avoir atteint l'\u00e2ge l\u00e9gal de la majorit\u00e9 dans votre \u00c9tat ou province. Vous acceptez \u00e9galement de superviser toute personne mineure \u00e0 votre charge qui pourrait utiliser ce site web.<\/p>\n<p>Vous ne pouvez pas utiliser nos produits ou services \u00e0 des fins ill\u00e9gales ou non autoris\u00e9es. Vous devez respecter toutes les lois applicables, y compris les lois sur les droits d'auteur, et vous ne pouvez pas distribuer de vers, de virus ou tout autre code destructeur. La violation de ces conditions peut entra\u00eener la r\u00e9siliation imm\u00e9diate de votre acc\u00e8s ou de vos services.<\/p>\n\n<h2 class=\"wp-block-heading\">Conditions g\u00e9n\u00e9rales d'utilisation<\/h2>\n\n<p>Nous nous r\u00e9servons le droit de refuser de fournir des services \u00e0 quiconque, \u00e0 tout moment et pour quelque raison que ce soit.<\/p><p>Vous comprenez que votre contenu (\u00e0 l'exception des informations relatives \u00e0 votre carte de cr\u00e9dit) peut \u00eatre transmis de mani\u00e8re non crypt\u00e9e et peut.. : <br \/>(a) passer par diff\u00e9rents r\u00e9seaux ; et <br \/>(b) \u00eatre modifi\u00e9s pour r\u00e9pondre aux exigences techniques des r\u00e9seaux ou dispositifs connect\u00e9s. <br \/>Les informations relatives aux cartes de cr\u00e9dit sont toutefois toujours crypt\u00e9es lors de la transmission.<\/p><p>Vous vous engagez \u00e0 ne pas copier, reproduire, vendre, revendre ou utiliser de quelque mani\u00e8re que ce soit toute partie du service, ni \u00e0 prendre contact par l'interm\u00e9diaire du site web, sans notre autorisation \u00e9crite expresse.<\/p><p>Les titres du pr\u00e9sent accord ne sont utilis\u00e9s que pour des raisons de commodit\u00e9 et n'affectent pas l'interpr\u00e9tation de ces termes.<\/p>\n\n<h2 class=\"wp-block-heading\">Exactitude, exhaustivit\u00e9 et actualit\u00e9 des informations<\/h2>\n\n<p>Nous ne sommes pas responsables de l'inexactitude, du caract\u00e8re incomplet ou de l'inopportunit\u00e9 des informations fournies sur ce site. Le contenu de ce site web est uniquement destin\u00e9 \u00e0 servir de r\u00e9f\u00e9rence g\u00e9n\u00e9rale et ne doit pas \u00eatre utilis\u00e9 comme unique base de d\u00e9cision. Avant de prendre une d\u00e9cision, vous devez consulter des sources d'information plus fiables, plus pr\u00e9cises, plus compl\u00e8tes ou plus actuelles. Vous utilisez le contenu de ce site web \u00e0 vos propres risques.<\/p><p>Ce site web peut contenir des informations historiques. Ces informations historiques ne refl\u00e8tent pas n\u00e9cessairement la situation actuelle et ne sont donn\u00e9es qu'\u00e0 titre de r\u00e9f\u00e9rence. Nous nous r\u00e9servons le droit de modifier le contenu de ce site \u00e0 tout moment, mais nous n'avons aucune obligation de mettre \u00e0 jour les informations qu'il contient. Vous acceptez d'\u00eatre seul responsable du suivi des modifications apport\u00e9es \u00e0 ce site web.<\/p>\n\n<h2 class=\"wp-block-heading\">\u00a0Modifications des conditions d'utilisation<\/h2>\n\n<p><span dir=\"auto\">Vous pouvez \u00e0 tout moment consulter la derni\u00e8re version des conditions d'utilisation sur cette page.<\/span><\/p><p><span dir=\"auto\">Nous nous r\u00e9servons le droit de mettre \u00e0 jour, de modifier ou de remplacer toute partie des pr\u00e9sentes conditions de service \u00e0 notre seule discr\u00e9tion, et ces mises \u00e0 jour et modifications seront publi\u00e9es sur notre site web. Il vous incombe de v\u00e9rifier p\u00e9riodiquement si des modifications ont \u00e9t\u00e9 apport\u00e9es \u00e0 notre site web. En continuant \u00e0 utiliser notre site web ou nos services, ou en y acc\u00e9dant, apr\u00e8s toute modification des pr\u00e9sentes conditions de service, vous acceptez ces modifications.<\/span><\/p>\n\n<h2 class=\"wp-block-heading\">Contactez nous<\/h2>\n\n<p>Pour toute question concernant les conditions de service, veuillez envoyer un courriel \u00e0 info@acecoll.com.<\/p>","protected":false},"excerpt":{"rendered":"<p>Terms of Service This website is operated by ACECOLL. In this context, \u201cwe\u201d and \u201cour\u201d refer to ACECOLL. We provide you (the user) with this website, including all information, tools, and services, subject to your acceptance of all terms, conditions, policies, and statements set forth herein. By accessing our website and\/or purchasing any goods from [&hellip;]<\/p>","protected":false},"author":4,"featured_media":0,"parent":0,"menu_order":0,"comment_status":"closed","ping_status":"closed","template":"","meta":{"_acf_changed":false,"inline_featured_image":false,"slim_seo":{"description":"Les conditions d'utilisation d\u00e9crivent les r\u00e8gles, les conditions et les politiques qui r\u00e9gissent l'utilisation du site web, des produits et des services d'ACECOLL.","title":"Terms of Service - ACECOLL"},"footnotes":""},"class_list":["post-1807","page","type-page","status-publish","hentry"],"acf":[],"_links":{"self":[{"href":"https:\/\/acecoll.com\/fr\/wp-json\/wp\/v2\/pages\/1807","targetHints":{"allow":["GET"]}}],"collection":[{"href":"https:\/\/acecoll.com\/fr\/wp-json\/wp\/v2\/pages"}],"about":[{"href":"https:\/\/acecoll.com\/fr\/wp-json\/wp\/v2\/types\/page"}],"author":[{"embeddable":true,"href":"https:\/\/acecoll.com\/fr\/wp-json\/wp\/v2\/users\/4"}],"replies":[{"embeddable":true,"href":"https:\/\/acecoll.com\/fr\/wp-json\/wp\/v2\/comments?post=1807"}],"version-history":[{"count":17,"href":"https:\/\/acecoll.com\/fr\/wp-json\/wp\/v2\/pages\/1807\/revisions"}],"predecessor-version":[{"id":1987,"href":"https:\/\/acecoll.com\/fr\/wp-json\/wp\/v2\/pages\/1807\/revisions\/1987"}],"wp:attachment":[{"href":"https:\/\/acecoll.com\/fr\/wp-json\/wp\/v2\/media?parent=1807"}],"curies":[{"name":"wp","href":"https:\/\/api.w.org\/{rel}","templated":true}]}}