{"id":3,"date":"2025-10-28T04:18:07","date_gmt":"2025-10-28T04:18:07","guid":{"rendered":"http:\/\/acecoll.com\/?page_id=3"},"modified":"2026-03-13T03:05:01","modified_gmt":"2026-03-13T03:05:01","slug":"politique-de-confidentialite","status":"publish","type":"page","link":"https:\/\/acecoll.com\/fr\/politique-de-confidentialite\/","title":{"rendered":"Politique de confidentialit\u00e9"},"content":{"rendered":"<h2 class=\"wp-block-heading\">Politique de confidentialit\u00e9<\/h2>\n\n<h2 class=\"wp-block-heading\">Que faisons-nous de vos informations ?<\/h2>\n\n<p>Lorsque vous achetez quelque chose aupr\u00e8s de <a href=\"https:\/\/acecoll.com\/fr\/\">ACECOLL<\/a>, Dans le cadre du processus d'achat et de vente, nous recueillons les informations personnelles que vous nous communiquez, telles que votre nom, votre adresse et votre adresse \u00e9lectronique.<br \/>Lorsque vous naviguez dans notre magasin, nous recevons aussi automatiquement l'adresse IP (Internet Protocol) de votre ordinateur afin de nous fournir des informations qui nous aident \u00e0 conna\u00eetre votre navigateur et votre syst\u00e8me d'exploitation.<\/p>\n<p>Marketing par courrier \u00e9lectronique (le cas \u00e9ch\u00e9ant) : Avec votre consentement, nous pouvons vous envoyer des courriels concernant notre magasin, nos nouveaux produits et d'autres mises \u00e0 jour.<\/p>\n\n<h2 class=\"wp-block-heading\">Comment nous obtenons votre consentement<\/h2>\n\n<p>Lorsque vous nous fournissez des informations personnelles pour effectuer une transaction, v\u00e9rifier votre mode de paiement, passer une commande, organiser une livraison ou retourner un achat, vous consentez \u00e0 ce que nous recueillions et utilisions ces informations uniquement \u00e0 ces fins sp\u00e9cifiques.<\/p>\n<p>Si nous demandons vos informations personnelles \u00e0 des fins secondaires, telles que le marketing, nous vous demanderons votre consentement explicite ou vous donnerons la possibilit\u00e9 de refuser.<\/p>\n\n<h2 class=\"wp-block-heading\">Retrait du consentement<\/h2>\n\n<p>Si vous avez choisi de participer et que vous changez d'avis par la suite, vous pouvez retirer votre consentement \u00e0 ce que nous vous contactions ou \u00e0 la poursuite de la collecte, de l'utilisation ou de la divulgation de vos informations personnelles. <strong data-start=\"894\" data-end=\"951\">\u00e0 tout moment en nous contactant \u00e0 l'adresse suivante <\/strong> info@acecoll.com.<\/p>\n\n<h2 class=\"wp-block-heading\">Divulgation d'informations personnelles<\/h2>\n\n<p>Nous pouvons divulguer vos informations personnelles si la loi l'exige ou si vous enfreignez nos conditions d'utilisation.<\/p>\n\n<h2 class=\"wp-block-heading\">Services de tiers<\/h2>\n\n<p>En g\u00e9n\u00e9ral, les fournisseurs tiers auxquels nous faisons appel collecteront, utiliseront et divulgueront vos informations uniquement dans la mesure n\u00e9cessaire \u00e0 l'ex\u00e9cution des services qu'ils nous fournissent. Certains fournisseurs, tels que les passerelles de paiement, ont leur propre politique de confidentialit\u00e9 concernant les informations que nous fournissons pour les transactions li\u00e9es aux achats.<\/p>\n<p>Nous vous recommandons de consulter leurs politiques de confidentialit\u00e9 pour comprendre comment vos informations personnelles seront trait\u00e9es. Veuillez noter que certains fournisseurs peuvent \u00eatre situ\u00e9s dans des juridictions diff\u00e9rentes de la v\u00f4tre ou de la n\u00f4tre. En proc\u00e9dant \u00e0 une transaction impliquant un fournisseur tiers, vos informations peuvent \u00eatre soumises aux lois de cette juridiction.<\/p>\n<p>Par exemple, si vous \u00eates situ\u00e9 au Canada et que votre transaction est trait\u00e9e par une passerelle de paiement aux \u00c9tats-Unis, vos informations personnelles peuvent \u00eatre soumises \u00e0 la l\u00e9gislation am\u00e9ricaine, y compris le Patriot Act.<\/p>\n<p>D\u00e8s que vous quittez notre site web ou que vous \u00eates redirig\u00e9 vers le site d'un tiers, vous n'\u00eates plus r\u00e9gi par la pr\u00e9sente politique de confidentialit\u00e9 ni par nos conditions de service.<\/p>\n\n<h2 class=\"wp-block-heading\">S\u00e9curit\u00e9<\/h2>\n\n<p>Pour prot\u00e9ger vos informations personnelles, nous prenons des pr\u00e9cautions raisonnables et suivons les meilleures pratiques du secteur pour nous assurer qu'elles ne sont pas perdues, mal utilis\u00e9es, consult\u00e9es, divulgu\u00e9es, modifi\u00e9es ou d\u00e9truites de mani\u00e8re inappropri\u00e9e.<\/p>\n<p>Si vous nous fournissez des informations relatives \u00e0 votre carte de cr\u00e9dit, celles-ci sont crypt\u00e9es \u00e0 l'aide de la technologie SSL (Secure Socket Layer) et stock\u00e9es avec un cryptage AES. Bien qu'aucune m\u00e9thode de transmission sur Internet ou de stockage \u00e9lectronique ne soit 100% s\u00fbre, nous respectons toutes les exigences PCI-DSS et appliquons d'autres normes industrielles g\u00e9n\u00e9ralement accept\u00e9es.<\/p>\n\n<h2 class=\"wp-block-heading\">Cookies<\/h2>\n\n<p>Si vous laissez un commentaire sur notre site, vous pouvez choisir d'enregistrer votre nom, votre adresse \u00e9lectronique et votre site web dans des cookies pour votre commodit\u00e9. Ces cookies ont une dur\u00e9e de vie d'un an.<\/p>\n<p>Si vous visitez notre page de connexion, un cookie temporaire est install\u00e9 pour d\u00e9terminer si votre navigateur accepte les cookies. Ce cookie ne contient aucune donn\u00e9e personnelle et est supprim\u00e9 lorsque vous fermez votre navigateur.<\/p>\n<p>Lorsque vous vous connectez, plusieurs cookies sont install\u00e9s pour enregistrer vos informations de connexion et vos choix d'affichage \u00e0 l'\u00e9cran. Les cookies de connexion durent deux jours, les cookies d'options d'\u00e9cran durent un an et la s\u00e9lection de \u201cSe souvenir de moi\u201d prolonge les cookies de connexion jusqu'\u00e0 deux semaines. La d\u00e9connexion supprime les cookies de connexion.<\/p>\n\n<h2 class=\"wp-block-heading\">L'\u00e2ge du consentement<\/h2>\n\n<p>En utilisant ce site, vous d\u00e9clarez que vous avez au moins l'\u00e2ge de la majorit\u00e9 dans votre \u00c9tat ou province de r\u00e9sidence. Si vous \u00eates mineur, vous confirmez que vous avez obtenu le consentement de vos parents ou de votre tuteur pour utiliser ce site.<\/p>\n\n<h2 class=\"wp-block-heading\">Modifications de la pr\u00e9sente politique de confidentialit\u00e9<\/h2>\n\n<p>Nous nous r\u00e9servons le droit de modifier la pr\u00e9sente politique de confidentialit\u00e9 \u00e0 tout moment. Les modifications et clarifications prendront effet imm\u00e9diatement apr\u00e8s leur publication sur notre site web.<\/p>\n<p>Si nous apportons des modifications importantes, nous vous en informerons par l'interm\u00e9diaire de l'adresse \u00e9lectronique fournie dans votre compte afin que vous soyez au courant des informations que nous recueillons, de la mani\u00e8re dont nous les utilisons et des circonstances dans lesquelles nous pouvons les divulguer.<\/p>\n\n<h2 class=\"wp-block-heading\">Questions et informations de contact<\/h2>\n\n<p>Si vous souhaitez acc\u00e9der \u00e0 vos donn\u00e9es personnelles, les corriger, les modifier ou les supprimer, d\u00e9poser une plainte ou obtenir de plus amples informations, veuillez nous contacter \u00e0 l'adresse suivante : info@acecoll.com.<\/p>","protected":false},"excerpt":{"rendered":"<p>Privacy Policy What Do We Do With Your Information? When you purchase something from ACECOLL, as part of the buying and selling process, we collect the personal information you give us such as your name, address and email address.When you browse our store, we also automatically receive your computer\u2019s internet protocol (IP) address in order [&hellip;]<\/p>","protected":false},"author":4,"featured_media":0,"parent":0,"menu_order":0,"comment_status":"closed","ping_status":"open","template":"","meta":{"_acf_changed":false,"inline_featured_image":false,"slim_seo":{"description":"La politique officielle de confidentialit\u00e9 d'ACECOLL explique comment nous collectons, utilisons et prot\u00e9geons vos informations personnelles, y compris le consentement, les services tiers, les cookies et vos droits.","title":"Privacy Policy - ACECOLL"},"footnotes":""},"class_list":["post-3","page","type-page","status-publish","hentry"],"acf":[],"_links":{"self":[{"href":"https:\/\/acecoll.com\/fr\/wp-json\/wp\/v2\/pages\/3","targetHints":{"allow":["GET"]}}],"collection":[{"href":"https:\/\/acecoll.com\/fr\/wp-json\/wp\/v2\/pages"}],"about":[{"href":"https:\/\/acecoll.com\/fr\/wp-json\/wp\/v2\/types\/page"}],"author":[{"embeddable":true,"href":"https:\/\/acecoll.com\/fr\/wp-json\/wp\/v2\/users\/4"}],"replies":[{"embeddable":true,"href":"https:\/\/acecoll.com\/fr\/wp-json\/wp\/v2\/comments?post=3"}],"version-history":[{"count":30,"href":"https:\/\/acecoll.com\/fr\/wp-json\/wp\/v2\/pages\/3\/revisions"}],"predecessor-version":[{"id":1993,"href":"https:\/\/acecoll.com\/fr\/wp-json\/wp\/v2\/pages\/3\/revisions\/1993"}],"wp:attachment":[{"href":"https:\/\/acecoll.com\/fr\/wp-json\/wp\/v2\/media?parent=3"}],"curies":[{"name":"wp","href":"https:\/\/api.w.org\/{rel}","templated":true}]}}