{"id":406,"date":"2025-10-28T07:46:52","date_gmt":"2025-10-28T07:46:52","guid":{"rendered":"https:\/\/acecoll.com\/?page_id=406"},"modified":"2025-12-30T14:30:20","modified_gmt":"2025-12-30T14:30:20","slug":"a-propos-de-nous","status":"publish","type":"page","link":"https:\/\/acecoll.com\/fr\/a-propos-de-nous\/","title":{"rendered":"\u00c0 PROPOS DE NOUS"},"content":{"rendered":"<p>Forg\u00e9 dans le feu, tremp\u00e9 pour l'excellence<\/p>\n\n<p><span data-font-family=\"\u5fae\u8f6f\u96c5\u9ed1\">Chez ACECOLL, nous s\u00e9lectionnons des couteaux r\u00e9sistants, tranchants et vraiment inoubliables.<\/span><\/p>\n\n<div class=\"wp-block-buttons is-layout-flex wp-block-buttons-is-layout-flex\"><div class=\"wp-block-button\"><a class=\"wp-block-button__link\">Trouvez votre lame<\/a><\/div><\/div>\n\n<h3 class=\"wp-block-heading\">A PROPOS D'ACECOLL<\/h3>\n\n<p>Depuis des ann\u00e9es, ACECOLL s'efforce d'associer harmonieusement l'aspect pratique de la coutellerie \u00e0 l'artisanat d'art. De la conception aux mat\u00e9riaux en passant par les techniques de forgeage, nous maintenons un esprit de raffinement sans rel\u00e2che, en contr\u00f4lant m\u00e9ticuleusement chaque \u00e9tape afin de fournir les meilleurs produits possibles.<\/p>\n<p>Nous nous engageons \u00e0 ce que chaque couteau atteigne un niveau de qualit\u00e9 de collection dans au moins l'une des dimensions suivantes : esth\u00e9tique visuelle, propri\u00e9t\u00e9s des mat\u00e9riaux ou techniques de forgeage.<\/p>\n<p>ACECOLL est sp\u00e9cialis\u00e9 dans la fourniture de couteaux d'ext\u00e9rieur et de lames de collection de haute qualit\u00e9, fabriqu\u00e9s \u00e0 la main, pour les amateurs d'activit\u00e9s de plein air, les collectionneurs de couteaux, les aficionados de la culture des arts martiaux et les passionn\u00e9s de la culture du samoura\u00ef.<\/p>\n<p>Tous nos couteaux sont con\u00e7us par des ma\u00eetres de renomm\u00e9e mondiale et mis au point en Chine, un pays o\u00f9 la forge d'armes \u00e0 froid est une tradition vieille de 2 600 ans. Nos couteaux ne sont pas de simples outils, mais des objets de collection qui allient un h\u00e9ritage de forgeage ancestral \u00e0 un savoir-faire industriel de pointe.<\/p>\n<p>Que ce soit pour votre usage personnel, comme pi\u00e8ce de collection ou comme cadeau pour vos amis et votre famille, nos \u00e9p\u00e9es et couteaux sont le choix id\u00e9al.<\/p>\n\n<h3 class=\"wp-block-heading\">Contactez nous<\/h3>\n\n<p>Vous avez des questions, des commentaires ou des demandes d'informations commerciales pour ACECOLL ? Contactez-nous ici ou envoyez-nous un courriel : <span style=\"color: #e17c2b;\"><strong><u><a style=\"color: #e17c2b;\" href=\"mailto:info@example.com\">info@acecoll.com<\/a><\/u><\/strong><\/span><\/p>\n\n<figure class=\"wp-block-image size-full\"><img loading=\"lazy\" decoding=\"async\" width=\"644\" height=\"450\" src=\"https:\/\/acecoll.com\/wp-content\/uploads\/2025\/10\/ASHEN-FORGE-brand-story-illustration1.jpg\" alt class=\"wp-image-409\" srcset=\"https:\/\/acecoll.com\/wp-content\/uploads\/2025\/10\/ASHEN-FORGE-brand-story-illustration1.jpg 644w, https:\/\/acecoll.com\/wp-content\/uploads\/2025\/10\/ASHEN-FORGE-brand-story-illustration1-300x210.jpg 300w, https:\/\/acecoll.com\/wp-content\/uploads\/2025\/10\/ASHEN-FORGE-brand-story-illustration1-600x419.jpg 600w\" sizes=\"auto, (max-width: 644px) 100vw, 644px\" \/><\/figure>","protected":false},"excerpt":{"rendered":"<p>Forged in Fire,Tempered for Excellence At ACECOLL, we select knives that are resilient, sharp, and truly unforgettable. ABOUT ACECOLL For years, ACECOLL has been dedicated to seamlessly blending the practicality of cutlery with artistic craftsmanship. From design to materials to forging techniques, we uphold a spirit of relentless refinement, meticulously controlling every step to deliver [&hellip;]<\/p>","protected":false},"author":4,"featured_media":0,"parent":0,"menu_order":0,"comment_status":"closed","ping_status":"closed","template":"","meta":{"_acf_changed":false,"inline_featured_image":false,"slim_seo":{"title":"ACECOLL Histoire de la marque - A propos d'ACEBOTT","description":"ACECOLL aspire et s'engage \u00e0 s\u00e9lectionner les meilleurs couteaux pour vous, en vous aidant \u00e0 construire votre collection Ace."},"footnotes":""},"class_list":["post-406","page","type-page","status-publish","hentry"],"acf":[],"_links":{"self":[{"href":"https:\/\/acecoll.com\/fr\/wp-json\/wp\/v2\/pages\/406","targetHints":{"allow":["GET"]}}],"collection":[{"href":"https:\/\/acecoll.com\/fr\/wp-json\/wp\/v2\/pages"}],"about":[{"href":"https:\/\/acecoll.com\/fr\/wp-json\/wp\/v2\/types\/page"}],"author":[{"embeddable":true,"href":"https:\/\/acecoll.com\/fr\/wp-json\/wp\/v2\/users\/4"}],"replies":[{"embeddable":true,"href":"https:\/\/acecoll.com\/fr\/wp-json\/wp\/v2\/comments?post=406"}],"version-history":[{"count":36,"href":"https:\/\/acecoll.com\/fr\/wp-json\/wp\/v2\/pages\/406\/revisions"}],"predecessor-version":[{"id":1930,"href":"https:\/\/acecoll.com\/fr\/wp-json\/wp\/v2\/pages\/406\/revisions\/1930"}],"wp:attachment":[{"href":"https:\/\/acecoll.com\/fr\/wp-json\/wp\/v2\/media?parent=406"}],"curies":[{"name":"wp","href":"https:\/\/api.w.org\/{rel}","templated":true}]}}