{"id":613,"date":"2025-10-28T11:05:26","date_gmt":"2025-10-28T11:05:26","guid":{"rendered":"https:\/\/acecoll.com\/?page_id=613"},"modified":"2026-03-13T01:52:07","modified_gmt":"2026-03-13T01:52:07","slug":"politique-dexpedition","status":"publish","type":"page","link":"https:\/\/acecoll.com\/fr\/politique-dexpedition\/","title":{"rendered":"Politique d'exp\u00e9dition"},"content":{"rendered":"<h1 class=\"wp-block-heading\">Politique d'exp\u00e9dition<\/h1>\n\n<h2 class=\"wp-block-heading\">Couverture des frais d'exp\u00e9dition<\/h2>\n\n<p>Nous proposons une livraison dans le monde entier, avec des frais de port gratuits pour toutes les commandes.<\/p>\n\n<h2 class=\"wp-block-heading\">D\u00e9lai de traitement des commandes<\/h2>\n\n<p>D\u00e9lai de traitement des commandes : 1-3 jours ouvrables<br \/>Livraison estim\u00e9e : 10-20 jours ouvrables<\/p>\n\n<h2 class=\"wp-block-heading\">Suivi des commandes<\/h2>\n\n<p>Pour suivre votre commande, vous pouvez consulter le site web de suivi logistique global<br \/><a href=\"https:\/\/www.17track.net\/en\" target=\"_blank\" rel=\"noopener\">https:\/\/www.17track.net\/en<\/a><br \/>ou le site web de la soci\u00e9t\u00e9 express<br \/><a href=\"https:\/\/www.ems.com.cn\/english\/\" target=\"_blank\" rel=\"noopener\">https:\/\/www.ems.com.cn\/english\/<\/a>, V\u00e9rifiez l'\u00e9tat de votre commande.<\/p>\n\n<h2 class=\"wp-block-heading\">Exigences en mati\u00e8re d'adresse de livraison<\/h2>\n\n<p>Pour faciliter le processus d'exp\u00e9dition et vous assurer de recevoir votre article en temps voulu, veuillez nous fournir votre adresse compl\u00e8te, y compris la ville, l'\u00e9tat et la r\u00e9gion (le cas \u00e9ch\u00e9ant).<\/p>\n\n<h2 class=\"wp-block-heading\">Traitement des commandes<\/h2>\n\n<p>Nous voulons nous assurer que vous recevrez votre article le plus rapidement possible. Veillez \u00e0 s\u00e9lectionner le bon mod\u00e8le et la bonne couleur lors de la commande, car nous ne pouvons pas modifier votre commande. Une fois qu'une commande est entr\u00e9e dans le syst\u00e8me, elle ne peut \u00eatre ni modifi\u00e9e ni annul\u00e9e.<\/p>\n\n<h2 class=\"wp-block-heading\">Informations d'exp\u00e9dition incorrectes<\/h2>\n\n<!-- wp:Array \/-->\n\n<h2 class=\"wp-block-heading\">Confirmation d'exp\u00e9dition<\/h2>\n\n<!-- wp:Array \/-->\n\n<h2 class=\"wp-block-heading\">D\u00e9tails du suivi de la commande<\/h2>\n\n<p>En tant que destinataire, votre bureau de douane local peut exiger des documents suppl\u00e9mentaires et du temps pour d\u00e9douaner votre colis, ce qui peut retarder le d\u00e9lai de livraison estim\u00e9.<\/p><p>Votre commande peut vous \u00eatre livr\u00e9e par l'interm\u00e9diaire de votre bureau de poste local ou d'un service de messagerie local.<\/p><p>Si vous n'\u00eates pas chez vous au moment de la livraison, le service postal peut laisser une carte de notification avec des instructions sur la mani\u00e8re et l'endroit de r\u00e9cup\u00e9rer le colis.<\/p><p>Si votre colis \u00e9tait marqu\u00e9 comme \u201cLivr\u00e9\u201d mais que vous ne l'avez pas re\u00e7u, les v\u00e9hicules de livraison UPS utilisent le GPS pour mettre automatiquement \u00e0 jour le colis comme \u201cLivr\u00e9\u201d \u00e0 l'avance.<\/p><p>Veuillez pr\u00e9voir un jour ouvrable suppl\u00e9mentaire, car il se peut que le colis soit indiqu\u00e9 par erreur comme \u00e9tant livr\u00e9 et qu'il arrive le lendemain.<\/p><p>Nous vous encourageons \u00e0 contacter votre bureau de poste UPS local. Votre bureau de poste local sera en mesure de vous offrir un service plus rapide et de meilleure qualit\u00e9. Demandez qui a livr\u00e9 le colis et demandez les d\u00e9tails de la livraison de ce jour-l\u00e0.<\/p>\n\n<h2 class=\"wp-block-heading\">Accord de d\u00e9charge de risque, de d\u00e9charge de responsabilit\u00e9 et d'indemnisation<\/h2>\n\n<p><a href=\"https:\/\/acecoll.com\/fr\/\">ACECOLL<\/a> ne garantit pas que les personnes ou les entreprises peuvent l\u00e9galement vendre, acheter, poss\u00e9der ou porter des couteaux.<\/p>\n<p>Tous les articles pr\u00e9vus par la l\u00e9gislation f\u00e9d\u00e9rale, nationale ou locale. Ces articles comprennent, sans s'y limiter, les couteaux de poche, les couteaux \u00e0 cran d'arr\u00eat, les couteaux \u00e0 poing am\u00e9ricain, les articles \u00e0 lame cach\u00e9e et les lames \u00e0 double tranchant.<\/p>\n<p>Nous pensons qu'il est extr\u00eamement important de suivre les directives \u00e9tablies par la loi de l'\u00c9tat. En achetant un article chez ACECOLL, l'acheteur garantit qu'il est en conformit\u00e9 avec toutes les lois f\u00e9d\u00e9rales, locales et nationales et qu'il est en mesure d'acheter l\u00e9galement l'article.<\/p>\n<p>Les couteaux peuvent \u00eatre dangereux s'ils ne sont pas manipul\u00e9s correctement. Ne les laissez pas \u00e0 la port\u00e9e des enfants. Nous vous conseillons vivement de ne pas vendre les articles achet\u00e9s chez ACECOLL \u00e0 des mineurs sans autorisation parentale.<\/p>\n<p>Si vous avez des questions, veuillez nous contacter par t\u00e9l\u00e9phone ou par e-mail, nous vous r\u00e9pondrons dans les plus brefs d\u00e9lais.<\/p>","protected":false},"excerpt":{"rendered":"<p>Shipping policy Shipping Coverage We offer worldwide shipping with free shipping on all orders. Order Processing Time Order processing time: 1-3 working daysEstimated Delivery: 10-20 business days Order Tracking To track your order, you can visit the global logistics tracking websitehttps:\/\/www.17track.net\/enor the express company\u2019s websitehttps:\/\/www.ems.com.cn\/english\/, check your order status. Shipping Address Requirements To facilitate the [&hellip;]<\/p>","protected":false},"author":4,"featured_media":0,"parent":0,"menu_order":0,"comment_status":"closed","ping_status":"closed","template":"","meta":{"_acf_changed":false,"inline_featured_image":false,"slim_seo":{"title":"Shipping policy - ACECOLL","description":"Politique d'exp\u00e9dition Couverture Nous offrons un service d'exp\u00e9dition dans le monde entier, avec des frais de port gratuits pour toutes les commandes. D\u00e9lai de traitement des commandes D\u00e9lai de traitement des commandes : 1-3 jours ouvrables Es"},"footnotes":""},"class_list":["post-613","page","type-page","status-publish","hentry"],"acf":[],"_links":{"self":[{"href":"https:\/\/acecoll.com\/fr\/wp-json\/wp\/v2\/pages\/613","targetHints":{"allow":["GET"]}}],"collection":[{"href":"https:\/\/acecoll.com\/fr\/wp-json\/wp\/v2\/pages"}],"about":[{"href":"https:\/\/acecoll.com\/fr\/wp-json\/wp\/v2\/types\/page"}],"author":[{"embeddable":true,"href":"https:\/\/acecoll.com\/fr\/wp-json\/wp\/v2\/users\/4"}],"replies":[{"embeddable":true,"href":"https:\/\/acecoll.com\/fr\/wp-json\/wp\/v2\/comments?post=613"}],"version-history":[{"count":11,"href":"https:\/\/acecoll.com\/fr\/wp-json\/wp\/v2\/pages\/613\/revisions"}],"predecessor-version":[{"id":1985,"href":"https:\/\/acecoll.com\/fr\/wp-json\/wp\/v2\/pages\/613\/revisions\/1985"}],"wp:attachment":[{"href":"https:\/\/acecoll.com\/fr\/wp-json\/wp\/v2\/media?parent=613"}],"curies":[{"name":"wp","href":"https:\/\/api.w.org\/{rel}","templated":true}]}}