{"id":1059,"date":"2025-11-05T05:49:47","date_gmt":"2025-11-05T05:49:47","guid":{"rendered":"https:\/\/acecoll.com\/?post_type=product&#038;p=1059"},"modified":"2026-03-26T07:37:01","modified_gmt":"2026-03-26T07:37:01","slug":"af026-couteau-tactique-de-survie-tanto-a-lame-fixe-acier-sanmai","status":"publish","type":"product","link":"https:\/\/acecoll.com\/fr\/produit\/af026-couteau-tactique-de-survie-tanto-a-lame-fixe-acier-sanmai\/","title":{"rendered":"AC026 San Mai Tanto Tactique &amp; Survival Knife"},"content":{"rendered":"<p>AC026 San Mai Tanto Tactical &amp; Survival Knife est un couteau \u00e0 lame fixe haut de gamme pour l'ext\u00e9rieur qui allie praticit\u00e9 et collection.<br \/>\nLa lame utilise la technologie de forgeage San Mai, combinant trois couches d'acier haute performance pour \u00e9quilibrer le tranchant, la robustesse et la r\u00e9sistance \u00e0 la corrosion.<br \/>\nLa structure Full-Tang garantit la stabilit\u00e9 et la fiabilit\u00e9 en cas d'utilisation intensive.<br \/>\nLa lame Tanto a un bord tranchant et une pointe solide, convenant aux t\u00e2ches de coupe et de perforation.<br \/>\nLa poign\u00e9e en G10 vert clair offre une prise en main ferme, associ\u00e9e \u00e0 un \u00e9tui en Kydex vert clair qui est l\u00e9ger, durable et facile \u00e0 transporter.<br \/>\nQu'il s'agisse d'un EDC quotidien, d'une aventure en plein air, d'une utilisation de survie ou d'une collection, l'AC026 est tr\u00e8s performant.<\/p>","protected":false},"excerpt":{"rendered":"<p>Collection et utilit\u00e9 combin\u00e9es : Le forgeage San Mai et la finition satin\u00e9e de la lame en font un outil id\u00e9al pour l'ext\u00e9rieur et la collection.<br \/>\nLame forg\u00e9e San Mai : Fabriqu\u00e9e \u00e0 partir de trois couches d'acier haute performance pour le tranchant, la robustesse et la r\u00e9sistance \u00e0 la corrosion.<br \/>\nConstruction Full-Tang : Offre une grande r\u00e9sistance et une stabilit\u00e9 structurelle<br \/>\nPoign\u00e9e antid\u00e9rapante en G10 : Surface textur\u00e9e pour une prise en main ferme et confortable<br \/>\n\u00c9tui tactique en Kydex : Livr\u00e9 avec un clip de ceinture r\u00e9glable pour un transport facile et un acc\u00e8s rapide.<\/p>","protected":false},"featured_media":1066,"comment_status":"open","ping_status":"closed","template":"","meta":{"_acf_changed":false,"inline_featured_image":false,"slim_seo":{"description":"AC026 San Mai Tanto Tactical &amp; Survival Knife, id\u00e9al pour l'EDC, la survie en ext\u00e9rieur et la collection. Maintenant disponible, cliquez pour en savoir plus.","title":"AC026 San Mai Tanto Tactical & Survival Knife - ACECOLL"}},"product_brand":[],"product_cat":[16,19,21],"product_tag":[],"class_list":{"0":"post-1059","1":"product","2":"type-product","3":"status-publish","4":"has-post-thumbnail","6":"product_cat-fixed-blade-knife","7":"product_cat-tactical-knives","8":"product_cat-tanto-knives","10":"first","11":"instock","12":"taxable","13":"shipping-taxable","14":"purchasable","15":"product-type-simple"},"acf":[],"_links":{"self":[{"href":"https:\/\/acecoll.com\/fr\/wp-json\/wp\/v2\/product\/1059","targetHints":{"allow":["GET"]}}],"collection":[{"href":"https:\/\/acecoll.com\/fr\/wp-json\/wp\/v2\/product"}],"about":[{"href":"https:\/\/acecoll.com\/fr\/wp-json\/wp\/v2\/types\/product"}],"replies":[{"embeddable":true,"href":"https:\/\/acecoll.com\/fr\/wp-json\/wp\/v2\/comments?post=1059"}],"version-history":[{"count":6,"href":"https:\/\/acecoll.com\/fr\/wp-json\/wp\/v2\/product\/1059\/revisions"}],"predecessor-version":[{"id":1708,"href":"https:\/\/acecoll.com\/fr\/wp-json\/wp\/v2\/product\/1059\/revisions\/1708"}],"wp:featuredmedia":[{"embeddable":true,"href":"https:\/\/acecoll.com\/fr\/wp-json\/wp\/v2\/media\/1066"}],"wp:attachment":[{"href":"https:\/\/acecoll.com\/fr\/wp-json\/wp\/v2\/media?parent=1059"}],"wp:term":[{"taxonomy":"product_brand","embeddable":true,"href":"https:\/\/acecoll.com\/fr\/wp-json\/wp\/v2\/product_brand?post=1059"},{"taxonomy":"product_cat","embeddable":true,"href":"https:\/\/acecoll.com\/fr\/wp-json\/wp\/v2\/product_cat?post=1059"},{"taxonomy":"product_tag","embeddable":true,"href":"https:\/\/acecoll.com\/fr\/wp-json\/wp\/v2\/product_tag?post=1059"}],"curies":[{"name":"wp","href":"https:\/\/api.w.org\/{rel}","templated":true}]}}