{"id":1456,"date":"2025-11-20T13:32:15","date_gmt":"2025-11-20T13:32:15","guid":{"rendered":"https:\/\/acecoll.com\/?post_type=product&#038;p=1456"},"modified":"2026-04-07T07:15:40","modified_gmt":"2026-04-07T07:15:40","slug":"ac032-machette-kukri-large-et-robuste","status":"publish","type":"product","link":"https:\/\/acecoll.com\/fr\/produit\/ac032-machette-kukri-large-et-robuste\/","title":{"rendered":"AC032 Heavy Duty Large Kukri Machete"},"content":{"rendered":"<p>AC032 est une machette Kukri tr\u00e8s r\u00e9sistante, con\u00e7ue pour une utilisation intensive en ext\u00e9rieur.<\/p>\n<p>L'ensemble du couteau est dot\u00e9 d'un design Full Tang, assurant une stabilit\u00e9 structurelle lors de t\u00e2ches extr\u00eamement lourdes.<\/p>\n<p>La lame est en acier inoxydable AUS-10 haut de gamme. Apr\u00e8s traitement thermique, la duret\u00e9 se stabilise \u00e0 62 HRC, ce qui permet une meilleure tenue du tranchant et une meilleure r\u00e9sistance \u00e0 la corrosion.<\/p>\n<p>Le manche en bois de weng\u00e9 offre une bonne prise en main et absorbe les chocs.<\/p>\n<p>L'\u00e9tui est \u00e9galement fabriqu\u00e9 sur mesure en bois de weng\u00e9 et sert \u00e0 la fois de protection et de pr\u00e9sentation.<\/p>\n<p>L'\u00e9paisseur de 6 mm associ\u00e9e \u00e0 la masse importante du couteau, combin\u00e9e \u00e0 l'avantage de poids du profil Kukri, permet \u00e0 l'AC032 de g\u00e9n\u00e9rer une \u00e9nergie cin\u00e9tique de coupe extr\u00eame. Cela permet de r\u00e9aliser efficacement des t\u00e2ches telles que le d\u00e9broussaillage de sentiers et le fendage de bois.<\/p>\n<p>Simultan\u00e9ment, ses mat\u00e9riaux et sa fabrication de qualit\u00e9 sup\u00e9rieure, ainsi que son aspect et son design imposants, lui conf\u00e8rent la valeur distincte d'une pi\u00e8ce de collection haut de gamme.<\/p>","protected":false},"excerpt":{"rendered":"<p>Esth\u00e9tique de collection robuste La taille massive de 18 pouces (460 mm), associ\u00e9e \u00e0 un manche en bois de weng\u00e9 exquis et \u00e0 un \u00e9tui en bois personnalis\u00e9, cr\u00e9e un aspect premium et imposant. Au-del\u00e0 d'un outil de survie robuste, il s'agit d'une pi\u00e8ce d'exposition pour les amateurs de couteaux, id\u00e9ale pour les collections ou comme cadeau.<\/p>\n<p>Acier de qualit\u00e9 sup\u00e9rieure Acier inoxydable AUS-10 haut de gamme trait\u00e9 thermiquement \u00e0 62 HRC. Il offre une excellente r\u00e9sistance \u00e0 la corrosion et une r\u00e9tention exceptionnelle du tranchant.<\/p>\n<p>\u00c9paisseur de 6 mm et puissance de coupe ultime La colonne vert\u00e9brale extra-\u00e9paisse de 6 mm et le poids de 866 g, combin\u00e9s au profil du Kukri orient\u00e9 vers l'avant, g\u00e9n\u00e8rent un \u00e9lan massif avec un minimum d'effort. Id\u00e9al pour le d\u00e9frichage de la jungle, la coupe de bois et les br\u00e8ches tactiques.<\/p>\n<p>Construction robuste Full Tang La conception int\u00e9gr\u00e9e Full Tang garantit l'int\u00e9grit\u00e9 structurelle m\u00eame en cas d'abus extr\u00eames. Le manche en bois massif offre une bonne prise en main et absorbe efficacement les chocs lors de la coupe de gros morceaux.<\/p>","protected":false},"featured_media":1461,"comment_status":"open","ping_status":"closed","template":"","meta":{"_acf_changed":false,"inline_featured_image":false,"slim_seo":{"description":"AC032 Machette Kukri large et robuste : Esth\u00e9tique de collection avec fourreau en bois. R\u00e9pond aux exigences de la survie tactique et de l'exposition. Maintenant disponible, cliquez pour plus de d\u00e9tails !","title":"AC032 Heavy Duty Large Kukri Machete - ACECOLL"}},"product_brand":[],"product_cat":[16,17,26],"product_tag":[],"class_list":{"0":"post-1456","1":"product","2":"type-product","3":"status-publish","4":"has-post-thumbnail","6":"product_cat-fixed-blade-knife","7":"product_cat-full-tang-knives","8":"product_cat-kukri-style-knives","10":"first","11":"instock","12":"taxable","13":"shipping-taxable","14":"purchasable","15":"product-type-simple"},"acf":[],"_links":{"self":[{"href":"https:\/\/acecoll.com\/fr\/wp-json\/wp\/v2\/product\/1456","targetHints":{"allow":["GET"]}}],"collection":[{"href":"https:\/\/acecoll.com\/fr\/wp-json\/wp\/v2\/product"}],"about":[{"href":"https:\/\/acecoll.com\/fr\/wp-json\/wp\/v2\/types\/product"}],"replies":[{"embeddable":true,"href":"https:\/\/acecoll.com\/fr\/wp-json\/wp\/v2\/comments?post=1456"}],"version-history":[{"count":4,"href":"https:\/\/acecoll.com\/fr\/wp-json\/wp\/v2\/product\/1456\/revisions"}],"predecessor-version":[{"id":2032,"href":"https:\/\/acecoll.com\/fr\/wp-json\/wp\/v2\/product\/1456\/revisions\/2032"}],"wp:featuredmedia":[{"embeddable":true,"href":"https:\/\/acecoll.com\/fr\/wp-json\/wp\/v2\/media\/1461"}],"wp:attachment":[{"href":"https:\/\/acecoll.com\/fr\/wp-json\/wp\/v2\/media?parent=1456"}],"wp:term":[{"taxonomy":"product_brand","embeddable":true,"href":"https:\/\/acecoll.com\/fr\/wp-json\/wp\/v2\/product_brand?post=1456"},{"taxonomy":"product_cat","embeddable":true,"href":"https:\/\/acecoll.com\/fr\/wp-json\/wp\/v2\/product_cat?post=1456"},{"taxonomy":"product_tag","embeddable":true,"href":"https:\/\/acecoll.com\/fr\/wp-json\/wp\/v2\/product_tag?post=1456"}],"curies":[{"name":"wp","href":"https:\/\/api.w.org\/{rel}","templated":true}]}}