{"id":1473,"date":"2025-11-20T13:41:54","date_gmt":"2025-11-20T13:41:54","guid":{"rendered":"https:\/\/acecoll.com\/?post_type=product&#038;p=1473"},"modified":"2026-04-07T08:13:18","modified_gmt":"2026-04-07T08:13:18","slug":"ac034-kukri-machete-surdimensionnee-extra-longue-a-collectionner","status":"publish","type":"product","link":"https:\/\/acecoll.com\/fr\/produit\/ac034-kukri-machete-surdimensionnee-extra-longue-a-collectionner\/","title":{"rendered":"AC034 Machette Kukri de collection surdimensionn\u00e9e et extra-longue"},"content":{"rendered":"<p>L'AC034 est une machette Kukri de collection surdimensionn\u00e9e. Son design est ax\u00e9 sur une pr\u00e9sentation haut de gamme et ce couteau offre des performances exceptionnelles.<\/p>\n<p>Avec une longueur totale imposante de $600mm (23.62 pouces)$, l'AC034 \u00e9tablit son statut d'objet de collection extra-large.La lame utilise de l'acier DC53 de haute qualit\u00e9. L'\u00e9paisseur de la lame atteint $6mm$. Il offre une robustesse, une r\u00e9sistance \u00e0 l'usure et une duret\u00e9 exceptionnelles.<\/p>\n<p>Le manche est fabriqu\u00e9 en bois rare de Pao Ferro avec un beau grain naturel. Il offre une prise en main confortable.<\/p>\n<p>Il est accompagn\u00e9 d'un \u00e9tui en cuir \u00e9pais de haute qualit\u00e9. La combinaison de ces deux \u00e9l\u00e9ments garantit la distinction de l'instrument, tant au niveau de sa pr\u00e9sentation que de son rangement. La valeur de collection et le prestige g\u00e9n\u00e9ral de l'AC034 s'en trouvent consid\u00e9rablement rehauss\u00e9s.<\/p>","protected":false},"excerpt":{"rendered":"<p>Sp\u00e9cifications surdimensionn\u00e9es : Longueur totale impressionnante de $600mm\\ (23.62\\ pouces)$, \u00e9tablissant son statut d'objet de collection extra-large. Con\u00e7ue pour les amateurs de haut niveau, elle offre un impact visuel puissant et une valeur d'investissement significative.<br \/>\nManche en bois de premi\u00e8re qualit\u00e9 : Manche en bois rare de Pao Ferro (bois noir africain) au grain naturel magnifique. Il offre une prise en main confortable et s\u00fbre ; le mat\u00e9riau et la finition sont le reflet d'une qualit\u00e9 et d'un luxe sans compromis.<br \/>\n\u00c9tui en cuir personnalis\u00e9 : Comprend un \u00e9tui en cuir v\u00e9ritable \u00e9pais, con\u00e7u sur mesure. L'\u00e9tui rehausse la pr\u00e9sentation du couteau et offre une solution distingu\u00e9e pour l'exposer et le ranger.<br \/>\nAcier haute performance DC53 : La lame est fabriqu\u00e9e en acier DC53 de haute qualit\u00e9. Ce mat\u00e9riau offre une t\u00e9nacit\u00e9, une r\u00e9sistance \u00e0 l'usure et une duret\u00e9 exceptionnelles, garantissant des capacit\u00e9s de coupe et de hachage sup\u00e9rieures ainsi qu'une valeur de collection.<br \/>\nCadeau id\u00e9al et pi\u00e8ce d'exposition : Il s'agit d'une pi\u00e8ce ma\u00eetresse embl\u00e9matique pour les collectionneurs de couteaux militaires\/de plein air ou d'un cadeau haut de gamme pour les passionn\u00e9s, offrant une valeur in\u00e9gal\u00e9e et une pr\u00e9sence frappante.<\/p>","protected":false},"featured_media":1479,"comment_status":"open","ping_status":"closed","template":"","meta":{"_acf_changed":false,"inline_featured_image":false,"slim_seo":{"title":"AC034 Oversized & Extra-Long Collectible Kukri Machete - ACECOLL","description":"Sp\u00e9cifications surdimensionn\u00e9es : Longueur totale impressionnante de $600mm\\ (23.62\\ pouces)$, \u00e9tablissant son statut d'objet de collection extra-large. Con\u00e7u pour les passionn\u00e9s de haut"}},"product_brand":[],"product_cat":[16,26],"product_tag":[],"class_list":{"0":"post-1473","1":"product","2":"type-product","3":"status-publish","4":"has-post-thumbnail","6":"product_cat-fixed-blade-knife","7":"product_cat-kukri-style-knives","9":"first","10":"instock","11":"taxable","12":"shipping-taxable","13":"purchasable","14":"product-type-simple"},"acf":[],"_links":{"self":[{"href":"https:\/\/acecoll.com\/fr\/wp-json\/wp\/v2\/product\/1473","targetHints":{"allow":["GET"]}}],"collection":[{"href":"https:\/\/acecoll.com\/fr\/wp-json\/wp\/v2\/product"}],"about":[{"href":"https:\/\/acecoll.com\/fr\/wp-json\/wp\/v2\/types\/product"}],"replies":[{"embeddable":true,"href":"https:\/\/acecoll.com\/fr\/wp-json\/wp\/v2\/comments?post=1473"}],"version-history":[{"count":3,"href":"https:\/\/acecoll.com\/fr\/wp-json\/wp\/v2\/product\/1473\/revisions"}],"predecessor-version":[{"id":2035,"href":"https:\/\/acecoll.com\/fr\/wp-json\/wp\/v2\/product\/1473\/revisions\/2035"}],"wp:featuredmedia":[{"embeddable":true,"href":"https:\/\/acecoll.com\/fr\/wp-json\/wp\/v2\/media\/1479"}],"wp:attachment":[{"href":"https:\/\/acecoll.com\/fr\/wp-json\/wp\/v2\/media?parent=1473"}],"wp:term":[{"taxonomy":"product_brand","embeddable":true,"href":"https:\/\/acecoll.com\/fr\/wp-json\/wp\/v2\/product_brand?post=1473"},{"taxonomy":"product_cat","embeddable":true,"href":"https:\/\/acecoll.com\/fr\/wp-json\/wp\/v2\/product_cat?post=1473"},{"taxonomy":"product_tag","embeddable":true,"href":"https:\/\/acecoll.com\/fr\/wp-json\/wp\/v2\/product_tag?post=1473"}],"curies":[{"name":"wp","href":"https:\/\/api.w.org\/{rel}","templated":true}]}}