{"id":1940,"date":"2026-01-05T14:01:53","date_gmt":"2026-01-05T14:01:53","guid":{"rendered":"https:\/\/acecoll.com\/?post_type=product&#038;p=1940"},"modified":"2026-04-08T13:53:32","modified_gmt":"2026-04-08T13:53:32","slug":"ac036-display-grade-long-fixed-blade-knife","status":"publish","type":"product","link":"https:\/\/acecoll.com\/fr\/produit\/ac036-display-grade-long-fixed-blade-knife\/","title":{"rendered":"AC036 Display-Grade Long Fixed Blade Knife (couteau \u00e0 lame fixe)"},"content":{"rendered":"<p>Le couteau \u00e0 lame fixe longue de collection AC036 de qualit\u00e9 exposition pr\u00e9sente un profil de lame droit et net avec un look raffin\u00e9 et minimaliste. Forg\u00e9 en acier AUS-10 et accompagn\u00e9 d'un \u00e9tui en cuir, il est con\u00e7u pour la collection et l'exposition.<\/p>","protected":false},"excerpt":{"rendered":"<ul>\n<li>Profil de lame long, droit et propre<\/li>\n<li>Forg\u00e9 en acier AUS-10<\/li>\n<li>Comprend un \u00e9tui en cuir<\/li>\n<li>Convient pour la collection et l'exposition<\/li>\n<\/ul>","protected":false},"featured_media":2052,"comment_status":"open","ping_status":"closed","template":"","meta":{"_acf_changed":false,"inline_featured_image":false,"slim_seo":{"description":"AC036 Display-Grade Collector's Long Fixed Blade Knife forg\u00e9 en acier AUS-10 avec un profil de lame droit. Comprend un \u00e9tui en cuir, Cliquez pour en savoir plus !","title":"AC036 Display-Grade Long Fixed Blade Knife - ACECOLL"}},"product_brand":[],"product_cat":[16],"product_tag":[],"class_list":{"0":"post-1940","1":"product","2":"type-product","3":"status-publish","4":"has-post-thumbnail","6":"product_cat-fixed-blade-knife","8":"first","9":"instock","10":"taxable","11":"shipping-taxable","12":"purchasable","13":"product-type-simple"},"acf":[],"_links":{"self":[{"href":"https:\/\/acecoll.com\/fr\/wp-json\/wp\/v2\/product\/1940","targetHints":{"allow":["GET"]}}],"collection":[{"href":"https:\/\/acecoll.com\/fr\/wp-json\/wp\/v2\/product"}],"about":[{"href":"https:\/\/acecoll.com\/fr\/wp-json\/wp\/v2\/types\/product"}],"replies":[{"embeddable":true,"href":"https:\/\/acecoll.com\/fr\/wp-json\/wp\/v2\/comments?post=1940"}],"version-history":[{"count":7,"href":"https:\/\/acecoll.com\/fr\/wp-json\/wp\/v2\/product\/1940\/revisions"}],"predecessor-version":[{"id":2060,"href":"https:\/\/acecoll.com\/fr\/wp-json\/wp\/v2\/product\/1940\/revisions\/2060"}],"wp:featuredmedia":[{"embeddable":true,"href":"https:\/\/acecoll.com\/fr\/wp-json\/wp\/v2\/media\/2052"}],"wp:attachment":[{"href":"https:\/\/acecoll.com\/fr\/wp-json\/wp\/v2\/media?parent=1940"}],"wp:term":[{"taxonomy":"product_brand","embeddable":true,"href":"https:\/\/acecoll.com\/fr\/wp-json\/wp\/v2\/product_brand?post=1940"},{"taxonomy":"product_cat","embeddable":true,"href":"https:\/\/acecoll.com\/fr\/wp-json\/wp\/v2\/product_cat?post=1940"},{"taxonomy":"product_tag","embeddable":true,"href":"https:\/\/acecoll.com\/fr\/wp-json\/wp\/v2\/product_tag?post=1940"}],"curies":[{"name":"wp","href":"https:\/\/api.w.org\/{rel}","templated":true}]}}