{"id":2135,"date":"2026-05-12T03:17:23","date_gmt":"2026-05-12T03:17:23","guid":{"rendered":"https:\/\/acecoll.com\/?post_type=product&#038;p=2135"},"modified":"2026-05-12T03:25:21","modified_gmt":"2026-05-12T03:25:21","slug":"acm01-mid-size-drop-point-fixed-blade-knife","status":"publish","type":"product","link":"https:\/\/acecoll.com\/fr\/produit\/acm01-mid-size-drop-point-fixed-blade-knife\/","title":{"rendered":"ACM01 Mid-Size Drop Point Fixed Blade Knife (couteau \u00e0 lame fixe de taille moyenne)"},"content":{"rendered":"<p>Le couteau ACM01 Mid-Size Drop Point Fixed Blade est un couteau \u00e0 lame fixe de taille moyenne avec une structure pleine soie, des \u00e9cailles de manche en G10 et un \u00e9tui en Kydex. Con\u00e7u avec un profil classique pour un usage quotidien en ext\u00e9rieur et pour la collection.<\/p>","protected":false},"excerpt":{"rendered":"<ul>\n<li>Poign\u00e9e confortable et esth\u00e9tique<\/li>\n<li>\u00c9tui en Kydex pour un transport pratique et un acc\u00e8s rapide<\/li>\n<li>Construction pleine soie<\/li>\n<li>Profil classique<\/li>\n<\/ul>","protected":false},"featured_media":2131,"comment_status":"open","ping_status":"closed","template":"","meta":{"_acf_changed":false,"inline_featured_image":false,"slim_seo":{"description":"L'ACM01 est un couteau \u00e0 lame fixe avec une structure pleine soie, un manche en G10 et un \u00e9tui en Kydex. Con\u00e7u avec un profil classique pour une utilisation quotidienne en ext\u00e9rieur et en collection.","title":"ACM01 Mid-Size Drop Point Fixed Blade Knife - ACECOLL"}},"product_brand":[],"product_cat":[16],"product_tag":[],"class_list":{"0":"post-2135","1":"product","2":"type-product","3":"status-publish","4":"has-post-thumbnail","6":"product_cat-fixed-blade-knife","8":"first","9":"instock","10":"taxable","11":"shipping-taxable","12":"purchasable","13":"product-type-simple"},"acf":[],"_links":{"self":[{"href":"https:\/\/acecoll.com\/fr\/wp-json\/wp\/v2\/product\/2135","targetHints":{"allow":["GET"]}}],"collection":[{"href":"https:\/\/acecoll.com\/fr\/wp-json\/wp\/v2\/product"}],"about":[{"href":"https:\/\/acecoll.com\/fr\/wp-json\/wp\/v2\/types\/product"}],"replies":[{"embeddable":true,"href":"https:\/\/acecoll.com\/fr\/wp-json\/wp\/v2\/comments?post=2135"}],"version-history":[{"count":3,"href":"https:\/\/acecoll.com\/fr\/wp-json\/wp\/v2\/product\/2135\/revisions"}],"predecessor-version":[{"id":2139,"href":"https:\/\/acecoll.com\/fr\/wp-json\/wp\/v2\/product\/2135\/revisions\/2139"}],"wp:featuredmedia":[{"embeddable":true,"href":"https:\/\/acecoll.com\/fr\/wp-json\/wp\/v2\/media\/2131"}],"wp:attachment":[{"href":"https:\/\/acecoll.com\/fr\/wp-json\/wp\/v2\/media?parent=2135"}],"wp:term":[{"taxonomy":"product_brand","embeddable":true,"href":"https:\/\/acecoll.com\/fr\/wp-json\/wp\/v2\/product_brand?post=2135"},{"taxonomy":"product_cat","embeddable":true,"href":"https:\/\/acecoll.com\/fr\/wp-json\/wp\/v2\/product_cat?post=2135"},{"taxonomy":"product_tag","embeddable":true,"href":"https:\/\/acecoll.com\/fr\/wp-json\/wp\/v2\/product_tag?post=2135"}],"curies":[{"name":"wp","href":"https:\/\/api.w.org\/{rel}","templated":true}]}}