{"id":219,"date":"2025-10-28T07:38:40","date_gmt":"2025-10-28T07:38:40","guid":{"rendered":"https:\/\/acecoll.com\/?post_type=product&#038;p=219"},"modified":"2025-11-12T16:29:18","modified_gmt":"2025-11-12T16:29:18","slug":"af004-medium-tanto-tactical-survival-knife","status":"publish","type":"product","link":"https:\/\/acecoll.com\/fr\/produit\/af004-medium-tanto-tactical-survival-knife\/","title":{"rendered":"AC004 Medium Tanto Tactical &amp; Survival Knife (couteau tactique et de survie)"},"content":{"rendered":"<p>ACECOLL AC004, con\u00e7u pour l'exploration en plein air et l'utilisation polyvalente. La lame en acier SKD-11 est dot\u00e9e d'une finition satin\u00e9e \u00e0 la main, \u00e0 la fois attrayante et pratique.<\/p>\n<p>La construction \u00e0 angle droit et la poign\u00e9e ergonomique antid\u00e9rapante en G10 garantissent une prise en main solide et fiable, m\u00eame en cas d'utilisation intensive ou sur sol mouill\u00e9.<\/p>\n<p>L'\u00e9tui r\u00e9glable en Kydex avec un trou pour la lani\u00e8re \u00e0 l'extr\u00e9mit\u00e9 de la poign\u00e9e permet de le ranger et de le transporter facilement, que ce soit \u00e0 la ceinture ou sur un sac \u00e0 dos.<\/p>\n<p>Que ce soit pour le camping, la randonn\u00e9e, le bushcraft ou d'autres aventures en plein air, l'AC004 est un compagnon fiable.<\/p>","protected":false},"excerpt":{"rendered":"<p>Design professionnel de la lame : lame Tanto de 8,46 pouces avec une finition satin\u00e9e \u00e0 la main. \u00c9paisseur de 6 mm, combinant les performances de coupe, de perforation et de hachage pour diverses t\u00e2ches d'ext\u00e9rieur.<\/p>\n<p>Acier de premi\u00e8re qualit\u00e9 : Acier SKD-11 forg\u00e9 \u00e0 la main d'une duret\u00e9 de 61 HRC. Tranchant, durable et r\u00e9sistant \u00e0 l'usure et \u00e0 la corrosion.<\/p>\n<p>Construction Full-Tang : Lame monobloc associ\u00e9e \u00e0 une poign\u00e9e antid\u00e9rapante en G10 pour une prise en main solide et s\u00fbre.<\/p>\n<p>\u00c9tui en Kydex : \u00c9tui ajustable noir et rouge, supporte plusieurs angles de portage, pratique pour attacher \u00e0 la ceinture ou au sac \u00e0 dos.<\/p>\n<p>Utilisation polyvalente : Convient pour le camping, la randonn\u00e9e et les activit\u00e9s de survie dans la jungle.<\/p>","protected":false},"featured_media":249,"comment_status":"open","ping_status":"closed","template":"","meta":{"_acf_changed":false,"inline_featured_image":false,"slim_seo":{"description":"Couteau de survie tactique AC004 Tanto, acier SKD-11 forg\u00e9 \u00e0 la main, lame lav\u00e9e satin\u00e9e, pleine soie, manche G10, \u00e9tui Kydex. Id\u00e9al pour le camping, la randonn\u00e9e et le bushcraft. Achetez maintenant pour en savoir plus.","title":"AC004 Medium Tanto Tactical & Survival Knife - ACECOLL"}},"product_brand":[],"product_cat":[16,18,19,21],"product_tag":[],"class_list":{"0":"post-219","1":"product","2":"type-product","3":"status-publish","4":"has-post-thumbnail","6":"product_cat-fixed-blade-knife","7":"product_cat-survival-knives","8":"product_cat-tactical-knives","9":"product_cat-tanto-knives","11":"first","12":"instock","13":"taxable","14":"shipping-taxable","15":"purchasable","16":"product-type-simple"},"acf":[],"_links":{"self":[{"href":"https:\/\/acecoll.com\/fr\/wp-json\/wp\/v2\/product\/219","targetHints":{"allow":["GET"]}}],"collection":[{"href":"https:\/\/acecoll.com\/fr\/wp-json\/wp\/v2\/product"}],"about":[{"href":"https:\/\/acecoll.com\/fr\/wp-json\/wp\/v2\/types\/product"}],"replies":[{"embeddable":true,"href":"https:\/\/acecoll.com\/fr\/wp-json\/wp\/v2\/comments?post=219"}],"version-history":[{"count":4,"href":"https:\/\/acecoll.com\/fr\/wp-json\/wp\/v2\/product\/219\/revisions"}],"predecessor-version":[{"id":1221,"href":"https:\/\/acecoll.com\/fr\/wp-json\/wp\/v2\/product\/219\/revisions\/1221"}],"wp:featuredmedia":[{"embeddable":true,"href":"https:\/\/acecoll.com\/fr\/wp-json\/wp\/v2\/media\/249"}],"wp:attachment":[{"href":"https:\/\/acecoll.com\/fr\/wp-json\/wp\/v2\/media?parent=219"}],"wp:term":[{"taxonomy":"product_brand","embeddable":true,"href":"https:\/\/acecoll.com\/fr\/wp-json\/wp\/v2\/product_brand?post=219"},{"taxonomy":"product_cat","embeddable":true,"href":"https:\/\/acecoll.com\/fr\/wp-json\/wp\/v2\/product_cat?post=219"},{"taxonomy":"product_tag","embeddable":true,"href":"https:\/\/acecoll.com\/fr\/wp-json\/wp\/v2\/product_tag?post=219"}],"curies":[{"name":"wp","href":"https:\/\/api.w.org\/{rel}","templated":true}]}}