{"id":220,"date":"2025-10-28T07:38:40","date_gmt":"2025-10-28T07:38:40","guid":{"rendered":"https:\/\/acecoll.com\/?post_type=product&#038;p=220"},"modified":"2026-02-11T07:19:06","modified_gmt":"2026-02-11T07:19:06","slug":"af005-couteau-bowie-de-survie-argent-95x18-acier-vanadium","status":"publish","type":"product","link":"https:\/\/acecoll.com\/fr\/produit\/af005-couteau-bowie-de-survie-argent-95x18-acier-vanadium\/","title":{"rendered":"Couteau Bowie plein tranchant AC005"},"content":{"rendered":"<p>ACECOLL est un couteau Bowie con\u00e7u pour les aventures en plein air et les t\u00e2ches difficiles :<\/p>\n<p>Il mesure 13,39 pouces de longueur totale, avec une lame de 8,46 pouces et une \u00e9pine dorsale de 6 mm d'\u00e9paisseur. Il est capable de couper du bois, de d\u00e9couper et d'effectuer des t\u00e2ches quotidiennes en plein air avec facilit\u00e9.<\/p>\n<p>La construction \u00e0 angle droit avec trois rivets traversants sur le manche renforce encore la solidit\u00e9 et la fiabilit\u00e9 de l'ensemble.<\/p>\n<p>Le manche en bois noir pr\u00e9sente une texture concave antid\u00e9rapante, assurant une prise en main confortable et s\u00fbre, m\u00eame dans des conditions humides ou d'utilisation intensive.<\/p>\n<p>Livr\u00e9 avec un \u00e9tui en cuir noir r\u00e9sistant et l\u00e9ger, avec un passant de ceinture. Il peut \u00eatre port\u00e9 verticalement \u00e0 la taille pour un transport facile et un acc\u00e8s rapide.<\/p>\n<p>Que ce soit pour le camping, la randonn\u00e9e, le bushcraft ou d'autres aventures en plein air, l'AC005 est un couteau Bowie pratique sur lequel vous pouvez compter.<\/p>","protected":false},"excerpt":{"rendered":"<p>Acier de premi\u00e8re qualit\u00e9 : Acier au vanadium 95\u00d718 forg\u00e9 \u00e0 la main, d'une grande duret\u00e9 et d'une excellente r\u00e9sistance \u00e0 l'usure, garantissant un tranchant et une durabilit\u00e9 exceptionnels.<br \/>\nConstruction Full-Tang : Conception de la lame en une seule pi\u00e8ce avec trois rivets traversants pour une plus grande stabilit\u00e9 et fiabilit\u00e9.<br \/>\nManche ergonomique : Manche en bois micarta noir avec texture antid\u00e9rapante concave, offrant une prise ferme m\u00eame dans des conditions humides ou d'utilisation intensive.<br \/>\n\u00c9tui en cuir : \u00c9tui durable et l\u00e9ger avec un passant de ceinture, facile \u00e0 transporter et permettant un acc\u00e8s rapide.<br \/>\nUtilisation polyvalente : Parfait pour le camping, la randonn\u00e9e, couper du bois, les urgences de survie ou d'autres aventures en plein air. Un compagnon fiable pour les activit\u00e9s de plein air.<\/p>","protected":false},"featured_media":255,"comment_status":"open","ping_status":"closed","template":"","meta":{"_acf_changed":false,"inline_featured_image":false,"slim_seo":{"description":"AC005 Large Full-Tang Bowie Knife, acier de premi\u00e8re qualit\u00e9, construction full-tang. Parfait pour le camping, la randonn\u00e9e, la coupe de bois, le bushcraft et les aventures en plein air. Vente rapide, cliquez pour en savoir plus !","title":"AC005 Full-Tang Bowie Knife - ACECOLL"}},"product_brand":[],"product_cat":[22,16,18],"product_tag":[],"class_list":{"0":"post-220","1":"product","2":"type-product","3":"status-publish","4":"has-post-thumbnail","6":"product_cat-bowie-knife","7":"product_cat-fixed-blade-knife","8":"product_cat-survival-knives","10":"first","11":"instock","12":"taxable","13":"shipping-taxable","14":"purchasable","15":"product-type-simple"},"acf":[],"_links":{"self":[{"href":"https:\/\/acecoll.com\/fr\/wp-json\/wp\/v2\/product\/220","targetHints":{"allow":["GET"]}}],"collection":[{"href":"https:\/\/acecoll.com\/fr\/wp-json\/wp\/v2\/product"}],"about":[{"href":"https:\/\/acecoll.com\/fr\/wp-json\/wp\/v2\/types\/product"}],"replies":[{"embeddable":true,"href":"https:\/\/acecoll.com\/fr\/wp-json\/wp\/v2\/comments?post=220"}],"version-history":[{"count":5,"href":"https:\/\/acecoll.com\/fr\/wp-json\/wp\/v2\/product\/220\/revisions"}],"predecessor-version":[{"id":1235,"href":"https:\/\/acecoll.com\/fr\/wp-json\/wp\/v2\/product\/220\/revisions\/1235"}],"wp:featuredmedia":[{"embeddable":true,"href":"https:\/\/acecoll.com\/fr\/wp-json\/wp\/v2\/media\/255"}],"wp:attachment":[{"href":"https:\/\/acecoll.com\/fr\/wp-json\/wp\/v2\/media?parent=220"}],"wp:term":[{"taxonomy":"product_brand","embeddable":true,"href":"https:\/\/acecoll.com\/fr\/wp-json\/wp\/v2\/product_brand?post=220"},{"taxonomy":"product_cat","embeddable":true,"href":"https:\/\/acecoll.com\/fr\/wp-json\/wp\/v2\/product_cat?post=220"},{"taxonomy":"product_tag","embeddable":true,"href":"https:\/\/acecoll.com\/fr\/wp-json\/wp\/v2\/product_tag?post=220"}],"curies":[{"name":"wp","href":"https:\/\/api.w.org\/{rel}","templated":true}]}}