{"id":221,"date":"2025-10-28T07:38:40","date_gmt":"2025-10-28T07:38:40","guid":{"rendered":"https:\/\/acecoll.com\/?post_type=product&#038;p=221"},"modified":"2026-02-11T07:19:18","modified_gmt":"2026-02-11T07:19:18","slug":"couteau-de-chasse-af006-en-acier-m390-pour-la-chasse-en-plein-air-et-la-survie","status":"publish","type":"product","link":"https:\/\/acecoll.com\/fr\/produit\/couteau-de-chasse-af006-en-acier-m390-pour-la-chasse-en-plein-air-et-la-survie\/","title":{"rendered":"Couteau Bowie de chasse AC006 pour la chasse et la survie en ext\u00e9rieur"},"content":{"rendered":"<p>AC006 Classic Hunting Bowie Knife is a premium outdoor knife that combines practicality with collectible value.<\/p>\n<p>Fabriqu\u00e9 en acier \u00e0 poudre M390 de haute qualit\u00e9 et forg\u00e9 \u00e0 la main pour un tranchant durable. La construction \u00e0 angle droit garantit la solidit\u00e9 et la fiabilit\u00e9 de la lame, qui conserve une excellente stabilit\u00e9 m\u00eame en cas d'utilisation intensive.<\/p>\n<p>La poign\u00e9e est fabriqu\u00e9e en bois de rose naturel et est livr\u00e9e avec un \u00e9tui en cuir de haute qualit\u00e9 pour faciliter le port \u00e0 la ceinture et la portabilit\u00e9. Que ce soit pour la chasse, le camping, la survie ou l'exploration en plein air, l'AC006 offre des performances de coupe et un contr\u00f4le exceptionnels.<\/p>","protected":false},"excerpt":{"rendered":"<p>Lame en acier poudr\u00e9 M390 de premi\u00e8re qualit\u00e9 : Fabriqu\u00e9e en acier \u00e0 poudre inoxydable M390 pour un tranchant et une durabilit\u00e9 exceptionnels.<br \/>\nFabriqu\u00e9 \u00e0 la main avec pr\u00e9cision : Chaque couteau est forg\u00e9 et poli par des artisans qualifi\u00e9s, mettant en valeur un savoir-faire exceptionnel et une valeur de collection.<br \/>\nConstruction Full-Tang : La lame et le manche sont int\u00e9gralement form\u00e9s, ce qui leur conf\u00e8re une grande solidit\u00e9 et une excellente stabilit\u00e9.<br \/>\nManche en bois de rose : Le manche en bois de rose offre une prise solide et antid\u00e9rapante qui reste confortable lors d'une utilisation prolong\u00e9e.<br \/>\n\u00c9tui en cuir de haute qualit\u00e9 : Livr\u00e9 avec un \u00e9tui en cuir finement travaill\u00e9, dot\u00e9 de motifs d\u00e9taill\u00e9s, d'un passant de ceinture et d'une fermeture \u00e0 bouton-pression pour un transport pratique.<br \/>\nUtilisation polyvalente en ext\u00e9rieur : Parfait pour la chasse, le camping, la survie et la protection ext\u00e9rieure - votre compagnon fiable dans toutes les aventures en pleine nature.<\/p>","protected":false},"featured_media":262,"comment_status":"open","ping_status":"closed","template":"","meta":{"_acf_changed":false,"inline_featured_image":false,"slim_seo":{"title":"Couteau Bowie de chasse pour la chasse et la survie en ext\u00e9rieur - ACECOLL","description":"Le couteau Bowie de chasse classique AC006 est fabriqu\u00e9 en acier de premi\u00e8re qualit\u00e9, forg\u00e9 \u00e0 la main, et accompagn\u00e9 d'un \u00e9tui en cuir de haute qualit\u00e9 pour un transport facile. Parfait pour la chasse, le camping, la survie et les aventures en plein air. Vente rapide - cliquez pour en savoir plus !"}},"product_brand":[],"product_cat":[16,23],"product_tag":[],"class_list":{"0":"post-221","1":"product","2":"type-product","3":"status-publish","4":"has-post-thumbnail","6":"product_cat-fixed-blade-knife","7":"product_cat-hunting-knives","9":"first","10":"instock","11":"taxable","12":"shipping-taxable","13":"purchasable","14":"product-type-simple"},"acf":[],"_links":{"self":[{"href":"https:\/\/acecoll.com\/fr\/wp-json\/wp\/v2\/product\/221","targetHints":{"allow":["GET"]}}],"collection":[{"href":"https:\/\/acecoll.com\/fr\/wp-json\/wp\/v2\/product"}],"about":[{"href":"https:\/\/acecoll.com\/fr\/wp-json\/wp\/v2\/types\/product"}],"replies":[{"embeddable":true,"href":"https:\/\/acecoll.com\/fr\/wp-json\/wp\/v2\/comments?post=221"}],"version-history":[{"count":8,"href":"https:\/\/acecoll.com\/fr\/wp-json\/wp\/v2\/product\/221\/revisions"}],"predecessor-version":[{"id":1322,"href":"https:\/\/acecoll.com\/fr\/wp-json\/wp\/v2\/product\/221\/revisions\/1322"}],"wp:featuredmedia":[{"embeddable":true,"href":"https:\/\/acecoll.com\/fr\/wp-json\/wp\/v2\/media\/262"}],"wp:attachment":[{"href":"https:\/\/acecoll.com\/fr\/wp-json\/wp\/v2\/media?parent=221"}],"wp:term":[{"taxonomy":"product_brand","embeddable":true,"href":"https:\/\/acecoll.com\/fr\/wp-json\/wp\/v2\/product_brand?post=221"},{"taxonomy":"product_cat","embeddable":true,"href":"https:\/\/acecoll.com\/fr\/wp-json\/wp\/v2\/product_cat?post=221"},{"taxonomy":"product_tag","embeddable":true,"href":"https:\/\/acecoll.com\/fr\/wp-json\/wp\/v2\/product_tag?post=221"}],"curies":[{"name":"wp","href":"https:\/\/api.w.org\/{rel}","templated":true}]}}