{"id":222,"date":"2025-10-28T07:38:40","date_gmt":"2025-10-28T07:38:40","guid":{"rendered":"https:\/\/acecoll.com\/?post_type=product&#038;p=222"},"modified":"2026-02-11T07:19:31","modified_gmt":"2026-02-11T07:19:31","slug":"af007-couteau-tactique-tanto-finition-miroir-acier-10cr18mov","status":"publish","type":"product","link":"https:\/\/acecoll.com\/fr\/produit\/af007-couteau-tactique-tanto-finition-miroir-acier-10cr18mov\/","title":{"rendered":"AC007 Tanto Fixed Blade Knife (couteau \u00e0 lame fixe)"},"content":{"rendered":"<p>Le couteau \u00e0 lame fixe AC007 Full-Tang Japanese-Style Tanto est une lame haut de gamme qui allie l'esth\u00e9tique orientale \u00e0 la performance pratique.<\/p>\n<p>La lame est forg\u00e9e \u00e0 la main dans un acier 10Cr18MoV de premi\u00e8re qualit\u00e9, ce qui la rend solide et tranchante comme une lame de rasoir. Sa pointe g\u00e9om\u00e9trique Tanto offre une excellente capacit\u00e9 de perforation tout en mettant en valeur l'art raffin\u00e9 de l'artisanat japonais traditionnel.<\/p>\n<p>Le manche est en bois de fr\u00eane naturel, soigneusement sculpt\u00e9 et poli par des artisans qualifi\u00e9s pour une prise en main confortable et s\u00fbre. Associ\u00e9 \u00e0 la construction \u00e0 crochet int\u00e9gral, il garantit un contr\u00f4le fiable dans tout environnement ext\u00e9rieur.<\/p>\n<p>L'\u00e9tui en cuir de haute qualit\u00e9 permet un transport s\u00fbr et pratique.<\/p>\n<p>Qu'il soit destin\u00e9 \u00e0 l'aventure en plein air, au camping ou \u00e0 la collection et \u00e0 l'exposition, l'AC007 est un chef-d'\u0153uvre qui allie beaut\u00e9 et performance.<\/p>","protected":false},"excerpt":{"rendered":"<div class=\"chat-turn-container model render\" tabindex=\"-1\" data-immersive-translate-walked=\"48a44ed9-a323-49f0-9b89-81f8dcac3def\">\n<div class=\"model-prompt-container\" data-turn-role=\"Model\" data-immersive-translate-walked=\"48a44ed9-a323-49f0-9b89-81f8dcac3def\">\n<div class=\"turn-content\" data-immersive-translate-walked=\"48a44ed9-a323-49f0-9b89-81f8dcac3def\">\n<div class=\"chat-turn-container model render\" tabindex=\"-1\" data-immersive-translate-walked=\"48a44ed9-a323-49f0-9b89-81f8dcac3def\">\n<div class=\"model-prompt-container\" data-turn-role=\"Model\" data-immersive-translate-walked=\"48a44ed9-a323-49f0-9b89-81f8dcac3def\">\n<div class=\"turn-content\" data-immersive-translate-walked=\"48a44ed9-a323-49f0-9b89-81f8dcac3def\">\n<ul>\n<li><strong>Combinez l'artisanat et la collectionnabilit\u00e9 :<\/strong> son aspect classique, sa finition raffin\u00e9e et ses mat\u00e9riaux de premi\u00e8re qualit\u00e9 en font non seulement un outil pratique, mais aussi une pi\u00e8ce artistique de collection.<\/li>\n<li><strong>Acier de premi\u00e8re qualit\u00e9 :<\/strong> Forg\u00e9 \u00e0 la main dans un acier haut de gamme \u201c10Cr18MoV\u201d.<\/li>\n<li><strong>Un travail artisanal de meulage \u00e0 la main exquis :<\/strong> La surface de la lame est brillante et lisse, avec un reflet d'acier poli qui met en valeur des techniques d'aff\u00fbtage avanc\u00e9es et un travail artisanal de qualit\u00e9.<\/li>\n<li><strong>Lame Tanto g\u00e9om\u00e9trique Pointe de la lame :<\/strong> La pointe ac\u00e9r\u00e9e offre un fort pouvoir de perforation et un attrait esth\u00e9tique exceptionnel.<\/li>\n<li><strong>Poign\u00e9e en bois de fr\u00eane :<\/strong> Soigneusement sculpt\u00e9s et polis par des artisans exp\u00e9riment\u00e9s, ils allient confort et aspect raffin\u00e9.<\/li>\n<li><strong>Fourreau en cuir de haute qualit\u00e9 :<\/strong> Cousu \u00e0 la main avec des motifs d\u00e9taill\u00e9s et un ajustement souple lorsqu'il est ferm\u00e9, il refl\u00e8te l'esth\u00e9tique forte du style japonais.<\/li>\n<\/ul>\n<\/div>\n<\/div>\n<\/div>\n<\/div>\n<\/div>\n<\/div>","protected":false},"featured_media":269,"comment_status":"open","ping_status":"closed","template":"","meta":{"_acf_changed":false,"inline_featured_image":false,"slim_seo":{"description":"AC007 Couteau japonais Tanto \u00e0 lame fixe, que vous l'utilisiez pour vos aventures en plein air ou pour pr\u00e9senter votre collection. Disponible d\u00e8s maintenant. Cliquez ici pour plus de d\u00e9tails.","title":"AC007 Tanto Fixed Blade Knife - ACECOLL"}},"product_brand":[],"product_cat":[16,21],"product_tag":[],"class_list":{"0":"post-222","1":"product","2":"type-product","3":"status-publish","4":"has-post-thumbnail","6":"product_cat-fixed-blade-knife","7":"product_cat-tanto-knives","9":"first","10":"instock","11":"taxable","12":"shipping-taxable","13":"purchasable","14":"product-type-simple"},"acf":[],"_links":{"self":[{"href":"https:\/\/acecoll.com\/fr\/wp-json\/wp\/v2\/product\/222","targetHints":{"allow":["GET"]}}],"collection":[{"href":"https:\/\/acecoll.com\/fr\/wp-json\/wp\/v2\/product"}],"about":[{"href":"https:\/\/acecoll.com\/fr\/wp-json\/wp\/v2\/types\/product"}],"replies":[{"embeddable":true,"href":"https:\/\/acecoll.com\/fr\/wp-json\/wp\/v2\/comments?post=222"}],"version-history":[{"count":5,"href":"https:\/\/acecoll.com\/fr\/wp-json\/wp\/v2\/product\/222\/revisions"}],"predecessor-version":[{"id":897,"href":"https:\/\/acecoll.com\/fr\/wp-json\/wp\/v2\/product\/222\/revisions\/897"}],"wp:featuredmedia":[{"embeddable":true,"href":"https:\/\/acecoll.com\/fr\/wp-json\/wp\/v2\/media\/269"}],"wp:attachment":[{"href":"https:\/\/acecoll.com\/fr\/wp-json\/wp\/v2\/media?parent=222"}],"wp:term":[{"taxonomy":"product_brand","embeddable":true,"href":"https:\/\/acecoll.com\/fr\/wp-json\/wp\/v2\/product_brand?post=222"},{"taxonomy":"product_cat","embeddable":true,"href":"https:\/\/acecoll.com\/fr\/wp-json\/wp\/v2\/product_cat?post=222"},{"taxonomy":"product_tag","embeddable":true,"href":"https:\/\/acecoll.com\/fr\/wp-json\/wp\/v2\/product_tag?post=222"}],"curies":[{"name":"wp","href":"https:\/\/api.w.org\/{rel}","templated":true}]}}