{"id":223,"date":"2025-10-28T07:38:40","date_gmt":"2025-10-28T07:38:40","guid":{"rendered":"https:\/\/acecoll.com\/?post_type=product&#038;p=223"},"modified":"2025-11-29T03:53:10","modified_gmt":"2025-11-29T03:53:10","slug":"af008-couteau-tactique-style-usmc-d2-acier-manche-bois-empile","status":"publish","type":"product","link":"https:\/\/acecoll.com\/fr\/produit\/af008-couteau-tactique-style-usmc-d2-acier-manche-bois-empile\/","title":{"rendered":"AC008 Clip Point Marine-Style Tactical Knife (couteau tactique)"},"content":{"rendered":"<p>AC008 Clip Point Marine-Style Tactical &amp; Survival Knife is a classic-style tactical field knife.<\/p>\n<p>La lame est forg\u00e9e \u00e0 la main dans un acier D2 tr\u00e8s r\u00e9sistant, ce qui la rend solide et tranchante. Le design classique du Clip Point offre un excellent pouvoir de perforation et un contr\u00f4le de la coupe, incarnant pleinement la praticit\u00e9 et la force du couteau de style marin.<\/p>\n<p>Le manche en bois empil\u00e9 est finement poli pour une prise en main s\u00fbre et confortable, permettant un contr\u00f4le fiable m\u00eame dans des conditions humides ou extr\u00eames.<\/p>\n<p>Il est livr\u00e9 avec un \u00e9tui en cuir de haute qualit\u00e9 qui peut \u00eatre port\u00e9 verticalement sur une ceinture ou une sangle pour un acc\u00e8s et un transport pratiques.<\/p>\n<p>Que ce soit pour la chasse, le camping, la survie ou l'aventure en plein air, l'AC008 est un compagnon fiable qui allie un style classique \u00e0 des performances sup\u00e9rieures.<\/p>","protected":false},"excerpt":{"rendered":"<ul>\n<li><strong>Design classique :<\/strong> Inspir\u00e9 par le couteau tactique traditionnel de style marin, il pr\u00e9sente un aspect robuste qui allie puissance et valeur de collection.<\/li>\n<li><strong>Acier de premi\u00e8re qualit\u00e9 :<\/strong> Forg\u00e9 \u00e0 la main en acier D2 haute r\u00e9sistance, dur et tranchant.<\/li>\n<li><strong>Poign\u00e9e en bois empil\u00e9 :<\/strong> Le design classique et profil\u00e9 assure une prise en main confortable et antid\u00e9rapante dans toutes les conditions.<\/li>\n<li><strong>Fourreau en cuir :<\/strong> Livr\u00e9 avec un \u00e9tui en cuir pour un port facile \u00e0 la ceinture ou \u00e0 la verticale, pratique pour l'acc\u00e8s et le rangement.<\/li>\n<li><strong>Utilisation polyvalente :<\/strong> Convient \u00e0 la d\u00e9coupe en ext\u00e9rieur, \u00e0 l'allumage du feu, \u00e0 la pr\u00e9paration des aliments et \u00e0 la survie - votre compagnon fiable pour toutes les aventures.<\/li>\n<\/ul>","protected":false},"featured_media":275,"comment_status":"open","ping_status":"closed","template":"","meta":{"_acf_changed":false,"inline_featured_image":false,"slim_seo":{"description":"Le couteau tactique et de survie AC008 est votre compagnon de confiance pour la chasse, le camping, la survie et les aventures en plein air. En vente d\u00e8s maintenant - cliquez pour en savoir plus !","title":"AC008 Clip Point Marine-Style Tactical Knife - ACECOLL"}},"product_brand":[],"product_cat":[16,19],"product_tag":[],"class_list":{"0":"post-223","1":"product","2":"type-product","3":"status-publish","4":"has-post-thumbnail","6":"product_cat-fixed-blade-knife","7":"product_cat-tactical-knives","9":"first","10":"instock","11":"taxable","12":"shipping-taxable","13":"purchasable","14":"product-type-variable"},"acf":[],"_links":{"self":[{"href":"https:\/\/acecoll.com\/fr\/wp-json\/wp\/v2\/product\/223","targetHints":{"allow":["GET"]}}],"collection":[{"href":"https:\/\/acecoll.com\/fr\/wp-json\/wp\/v2\/product"}],"about":[{"href":"https:\/\/acecoll.com\/fr\/wp-json\/wp\/v2\/types\/product"}],"replies":[{"embeddable":true,"href":"https:\/\/acecoll.com\/fr\/wp-json\/wp\/v2\/comments?post=223"}],"version-history":[{"count":5,"href":"https:\/\/acecoll.com\/fr\/wp-json\/wp\/v2\/product\/223\/revisions"}],"predecessor-version":[{"id":1688,"href":"https:\/\/acecoll.com\/fr\/wp-json\/wp\/v2\/product\/223\/revisions\/1688"}],"wp:featuredmedia":[{"embeddable":true,"href":"https:\/\/acecoll.com\/fr\/wp-json\/wp\/v2\/media\/275"}],"wp:attachment":[{"href":"https:\/\/acecoll.com\/fr\/wp-json\/wp\/v2\/media?parent=223"}],"wp:term":[{"taxonomy":"product_brand","embeddable":true,"href":"https:\/\/acecoll.com\/fr\/wp-json\/wp\/v2\/product_brand?post=223"},{"taxonomy":"product_cat","embeddable":true,"href":"https:\/\/acecoll.com\/fr\/wp-json\/wp\/v2\/product_cat?post=223"},{"taxonomy":"product_tag","embeddable":true,"href":"https:\/\/acecoll.com\/fr\/wp-json\/wp\/v2\/product_tag?post=223"}],"curies":[{"name":"wp","href":"https:\/\/api.w.org\/{rel}","templated":true}]}}