{"id":224,"date":"2025-10-28T07:38:41","date_gmt":"2025-10-28T07:38:41","guid":{"rendered":"https:\/\/acecoll.com\/?post_type=product&#038;p=224"},"modified":"2026-02-11T07:19:57","modified_gmt":"2026-02-11T07:19:57","slug":"af009-couteau-tactique-tanto","status":"publish","type":"product","link":"https:\/\/acecoll.com\/fr\/produit\/af009-couteau-tactique-tanto\/","title":{"rendered":"AC009 Tanto Couteau tactique et de survie"},"content":{"rendered":"<p>AC009 Tanto Tactical &amp; Survival Knife, a high-end outdoor knife that combines power and precision craftsmanship.<br \/>\nForged from high-strength Z-Wear stainless steel with a hardness of 60\u00b1HRC.<br \/>\nLa construction \u00e0 angle droit et la lame de 7 mm d'\u00e9paisseur garantissent la stabilit\u00e9 et la fiabilit\u00e9 en cas d'utilisation intensive.<br \/>\nLe manche en G10 est ergonomique, antid\u00e9rapant, r\u00e9sistant \u00e0 la chaleur et confortable.<br \/>\nLivr\u00e9 avec un \u00e9tui en Kydex l\u00e9ger, durable et permettant un transport facile et un acc\u00e8s rapide.<br \/>\nQue ce soit pour le camping, la chasse, la p\u00eache, l'aventure, la survie en plein air ou la collection, l'AF009 offre des performances exceptionnelles avec une qualit\u00e9 et un savoir-faire raffin\u00e9s.<\/p>","protected":false},"excerpt":{"rendered":"<p><strong>Tanto de style samoura\u00ef Conception de la lame :<\/strong> Le bord droit et tranchant comme un rasoir permet de percer et de couper puissamment, ce qui convient \u00e0 un large \u00e9ventail de t\u00e2ches en plein air.<br \/>\n<strong>Lame \u00e9paissie en acier inoxydable Z-Wear :<\/strong> Forg\u00e9 \u00e0 partir d'un acier \u00e0 haute r\u00e9sistance Z-Wear d'une duret\u00e9 de 60\u00b1HRC. Tranchant, r\u00e9sistant \u00e0 l'usure et \u00e0 la corrosion. La lame de 7 mm d'\u00e9paisseur offre une puissance et une durabilit\u00e9 accrues.<br \/>\n<strong>Construction fixe Full-Tang :<\/strong> La structure monobloc garantit la stabilit\u00e9 et la fiabilit\u00e9 en cas d'utilisation intensive.<br \/>\n<strong>Fibre de nylon G10 Poign\u00e9e :<\/strong> Conception ergonomique, antid\u00e9rapante, r\u00e9sistante \u00e0 la chaleur et offrant une prise en main s\u00fbre et confortable.<br \/>\n<strong>Fourreau en Kydex haute r\u00e9sistance :<\/strong> L\u00e9ger et durable, il permet un acc\u00e8s rapide et facile.<br \/>\n<strong>Application professionnelle multi-sc\u00e8ne :<\/strong> Id\u00e9al pour le camping, la chasse, la p\u00eache, l'exploration et la survie en plein air. Convient \u00e9galement pour la collection.<\/p>","protected":false},"featured_media":281,"comment_status":"open","ping_status":"closed","template":"","meta":{"_acf_changed":false,"inline_featured_image":false,"slim_seo":{"description":"AC009 Tanto Tactical &amp; Survival Knife, fabriqu\u00e9 avec un acier de premi\u00e8re qualit\u00e9 et une finition sup\u00e9rieure. Con\u00e7u pour une utilisation en ext\u00e9rieur et pour la collection. Qualit\u00e9 exceptionnelle - cliquez pour en savoir plus !","title":"AC009 Tanto Tactical & survival Knife - ACECOLL"}},"product_brand":[],"product_cat":[16,17,19,21],"product_tag":[],"class_list":{"0":"post-224","1":"product","2":"type-product","3":"status-publish","4":"has-post-thumbnail","6":"product_cat-fixed-blade-knife","7":"product_cat-full-tang-knives","8":"product_cat-tactical-knives","9":"product_cat-tanto-knives","11":"first","12":"instock","13":"purchasable","14":"product-type-simple"},"acf":[],"_links":{"self":[{"href":"https:\/\/acecoll.com\/fr\/wp-json\/wp\/v2\/product\/224","targetHints":{"allow":["GET"]}}],"collection":[{"href":"https:\/\/acecoll.com\/fr\/wp-json\/wp\/v2\/product"}],"about":[{"href":"https:\/\/acecoll.com\/fr\/wp-json\/wp\/v2\/types\/product"}],"replies":[{"embeddable":true,"href":"https:\/\/acecoll.com\/fr\/wp-json\/wp\/v2\/comments?post=224"}],"version-history":[{"count":4,"href":"https:\/\/acecoll.com\/fr\/wp-json\/wp\/v2\/product\/224\/revisions"}],"predecessor-version":[{"id":1319,"href":"https:\/\/acecoll.com\/fr\/wp-json\/wp\/v2\/product\/224\/revisions\/1319"}],"wp:featuredmedia":[{"embeddable":true,"href":"https:\/\/acecoll.com\/fr\/wp-json\/wp\/v2\/media\/281"}],"wp:attachment":[{"href":"https:\/\/acecoll.com\/fr\/wp-json\/wp\/v2\/media?parent=224"}],"wp:term":[{"taxonomy":"product_brand","embeddable":true,"href":"https:\/\/acecoll.com\/fr\/wp-json\/wp\/v2\/product_brand?post=224"},{"taxonomy":"product_cat","embeddable":true,"href":"https:\/\/acecoll.com\/fr\/wp-json\/wp\/v2\/product_cat?post=224"},{"taxonomy":"product_tag","embeddable":true,"href":"https:\/\/acecoll.com\/fr\/wp-json\/wp\/v2\/product_tag?post=224"}],"curies":[{"name":"wp","href":"https:\/\/api.w.org\/{rel}","templated":true}]}}