{"id":225,"date":"2025-10-28T07:38:41","date_gmt":"2025-10-28T07:38:41","guid":{"rendered":"https:\/\/acecoll.com\/?post_type=product&#038;p=225"},"modified":"2026-02-11T07:21:38","modified_gmt":"2026-02-11T07:21:38","slug":"af010-kukri-nepalais-machete-65mn-acier-manche-en-bois-dur","status":"publish","type":"product","link":"https:\/\/acecoll.com\/fr\/produit\/af010-kukri-nepalais-machete-65mn-acier-manche-en-bois-dur\/","title":{"rendered":"Machette Kukri \u00e0 usage intensif AC010"},"content":{"rendered":"<p>La machette AC010 Heavy Duty Gurkha Kukri s'inspire du design traditionnel des soldats n\u00e9palais Gurkha. La lame courb\u00e9e vers l'avant d\u00e9place naturellement l'\u00e9quilibre vers l'avant, g\u00e9n\u00e9rant un plus grand \u00e9lan \u00e0 chaque coup. La pointe l\u00e9g\u00e8rement \u00e9largie augmente la puissance de coupe tout en permettant au couteau d'effectuer des t\u00e2ches de coupe, de hachage et de fendage de mani\u00e8re efficace.<\/p>\n<p>L'AC010 est enti\u00e8rement forg\u00e9 \u00e0 la main dans un acier \u00e0 haute teneur en mangan\u00e8se 65Mn et trait\u00e9 thermiquement pour une duret\u00e9 et une r\u00e9sistance sup\u00e9rieures. Sa construction full-tang int\u00e8gre la lame et le manche en une seule pi\u00e8ce solide, ce qui le rend id\u00e9al pour le d\u00e9broussaillage, les travaux forestiers et toute t\u00e2che exigeante de coupe ou de hachage en ext\u00e9rieur.<\/p>\n<p>Le manche est fabriqu\u00e9 en bois dur naturel, ce qui permet une prise en main ferme et confortable. Il est livr\u00e9 avec un \u00e9tui en cuir v\u00e9ritable et un trou de lani\u00e8re pour un transport pratique et un acc\u00e8s rapide.<\/p>\n<p>Qu'il soit utilis\u00e9 pour le nettoyage de la jungle, le travail au camp, le bushcraft ou l'entra\u00eenement \u00e0 la survie, l'AC010 fait preuve d'une solidit\u00e9 et d'une qualit\u00e9 de fabrication exceptionnelles, ce qui en fait un couteau robuste et fiable pour les amateurs d'activit\u00e9s de plein air et les professionnels de la survie.<\/p>","protected":false},"excerpt":{"rendered":"<p>Design Gurkha classique : La lame courb\u00e9e vers l'avant offre une plus grande puissance de coupe tout en assurant d'excellentes performances de coupe, de tranchage et de fendage.<br \/>\nColonne vert\u00e9brale extra-\u00e9paisse : Un \u00e9quilibre pond\u00e9r\u00e9 vers l'avant et une colonne vert\u00e9brale de 10 mm d'\u00e9paisseur offrent une force de coupe et une stabilit\u00e9 sup\u00e9rieures.<br \/>\nConstruction Full-Tang : Forg\u00e9 \u00e0 partir d'acier \u00e0 haute teneur en mangan\u00e8se (65), avec des goupilles en laiton fixant la poign\u00e9e pour une durabilit\u00e9 et une s\u00e9curit\u00e9 exceptionnelles.<br \/>\nManche en bois dur : Fabriqu\u00e9 en bois dur naturel, il offre une prise en main ferme et confortable, m\u00eame en cas d'utilisation prolong\u00e9e.<br \/>\nFourreau en cuir et portabilit\u00e9 : Livr\u00e9 avec un \u00e9tui de ceinture en cuir v\u00e9ritable et un trou de lani\u00e8re pour un transport pratique et flexible sur le terrain.<br \/>\nUtilisation polyvalente en ext\u00e9rieur : Parfait pour le bushcraft, le camping, le nettoyage des sentiers et les t\u00e2ches ext\u00e9rieures exigeantes, l'AC010 est capable de tout faire.<\/p>","protected":false},"featured_media":289,"comment_status":"open","ping_status":"closed","template":"","meta":{"_acf_changed":false,"inline_featured_image":false,"slim_seo":{"title":"AC010 Heavy Duty Kukri Machete - ACECOLL","description":"Design Gurkha classique : La lame courb\u00e9e vers l'avant offre une plus grande puissance de coupe tout en assurant d'excellentes performances de coupe, de tranchage et de fendage. Extra-T"}},"product_brand":[],"product_cat":[16,17,26],"product_tag":[],"class_list":{"0":"post-225","1":"product","2":"type-product","3":"status-publish","4":"has-post-thumbnail","6":"product_cat-fixed-blade-knife","7":"product_cat-full-tang-knives","8":"product_cat-kukri-style-knives","10":"first","11":"instock","12":"taxable","13":"shipping-taxable","14":"purchasable","15":"product-type-simple"},"acf":[],"_links":{"self":[{"href":"https:\/\/acecoll.com\/fr\/wp-json\/wp\/v2\/product\/225","targetHints":{"allow":["GET"]}}],"collection":[{"href":"https:\/\/acecoll.com\/fr\/wp-json\/wp\/v2\/product"}],"about":[{"href":"https:\/\/acecoll.com\/fr\/wp-json\/wp\/v2\/types\/product"}],"replies":[{"embeddable":true,"href":"https:\/\/acecoll.com\/fr\/wp-json\/wp\/v2\/comments?post=225"}],"version-history":[{"count":4,"href":"https:\/\/acecoll.com\/fr\/wp-json\/wp\/v2\/product\/225\/revisions"}],"predecessor-version":[{"id":1682,"href":"https:\/\/acecoll.com\/fr\/wp-json\/wp\/v2\/product\/225\/revisions\/1682"}],"wp:featuredmedia":[{"embeddable":true,"href":"https:\/\/acecoll.com\/fr\/wp-json\/wp\/v2\/media\/289"}],"wp:attachment":[{"href":"https:\/\/acecoll.com\/fr\/wp-json\/wp\/v2\/media?parent=225"}],"wp:term":[{"taxonomy":"product_brand","embeddable":true,"href":"https:\/\/acecoll.com\/fr\/wp-json\/wp\/v2\/product_brand?post=225"},{"taxonomy":"product_cat","embeddable":true,"href":"https:\/\/acecoll.com\/fr\/wp-json\/wp\/v2\/product_cat?post=225"},{"taxonomy":"product_tag","embeddable":true,"href":"https:\/\/acecoll.com\/fr\/wp-json\/wp\/v2\/product_tag?post=225"}],"curies":[{"name":"wp","href":"https:\/\/api.w.org\/{rel}","templated":true}]}}