{"id":226,"date":"2025-10-28T07:38:41","date_gmt":"2025-10-28T07:38:41","guid":{"rendered":"https:\/\/acecoll.com\/?post_type=product&#038;p=226"},"modified":"2026-02-11T07:21:02","modified_gmt":"2026-02-11T07:21:02","slug":"af011-couteau-tactique-de-survie-acier-dc53-manche-g10-noir","status":"publish","type":"product","link":"https:\/\/acecoll.com\/fr\/produit\/af011-couteau-tactique-de-survie-acier-dc53-manche-g10-noir\/","title":{"rendered":"AC011 Couteau de survie tactique post-apocalyptique"},"content":{"rendered":"<p>Le couteau de survie tactique post-apocalyptique AC011 est un couteau d'ext\u00e9rieur robuste qui allie performance tactique et attrait visuel. La lame est fabriqu\u00e9e en acier DC53 haute performance, atteignant une duret\u00e9 de 57-61 HRC, et offre un excellent tranchant, une grande robustesse et une r\u00e9sistance \u00e0 la corrosion.<\/p>\n<p>La surface pr\u00e9sente une finition lav\u00e9e \u00e0 la pierre avec une texture unique en forme de chauve-souris, ce qui lui conf\u00e8re un aspect agressif tout en am\u00e9liorant efficacement la r\u00e9sistance \u00e0 la rouille et \u00e0 l'oxydation.<\/p>\n<p>La lame traverse le manche et est renforc\u00e9e par des vis et des rivets pour une solidit\u00e9 et une stabilit\u00e9 sup\u00e9rieures.<\/p>\n<p>La poign\u00e9e est fabriqu\u00e9e dans un mat\u00e9riau durable et antid\u00e9rapant qui offre une prise confortable et s\u00fbre, permettant de garder un excellent contr\u00f4le m\u00eame lors d'une utilisation prolong\u00e9e.<\/p>\n<p>Il est livr\u00e9 avec un \u00e9tui en nylon robuste qui peut \u00eatre attach\u00e9 \u00e0 une ceinture ou \u00e0 un sac \u00e0 dos pour un transport facile et un acc\u00e8s rapide.<\/p>\n<p>Que ce soit pour le camping, la chasse, le bushcraft, la p\u00eache ou la survie en ext\u00e9rieur, l'AC011 offre des performances fiables et un style tactique audacieux, ce qui en fait un choix id\u00e9al pour les amateurs d'activit\u00e9s de plein air et les professionnels de la tactique.<\/p>","protected":false},"excerpt":{"rendered":"<p>Design tactique post-apocalyptique : Un style post-apocalyptique distinctif, associant un aspect agressif \u00e0 une fonctionnalit\u00e9 pratique.<br \/>\nAcier DC53 haute performance : Duret\u00e9 de 57 \u00e0 61 HRC, excellente r\u00e9sistance \u00e0 l'usure et \u00e0 la corrosion et t\u00e9nacit\u00e9 exceptionnelle.<br \/>\nFinition de surface \"Stonewashed\" : La finition de la lame en forme de chauve-souris donne un aspect saisissant tout en am\u00e9liorant la r\u00e9sistance \u00e0 l'oxydation et \u00e0 la rouille.<br \/>\nConstruction Full-Tang : Une seule pi\u00e8ce d'acier traverse le manche, renforc\u00e9e par des vis et des rivets pour une solidit\u00e9 et une stabilit\u00e9 sup\u00e9rieures.<br \/>\nPoign\u00e9e antid\u00e9rapante en G10 : Fabriqu\u00e9 en mat\u00e9riau composite \u00e0 base de fibre de verre, il offre une prise en main durable, antid\u00e9rapante et confortable, adapt\u00e9e \u00e0 une utilisation prolong\u00e9e.<br \/>\nFourreau en nylon pour la portabilit\u00e9 : Durable et fiable, il peut \u00eatre attach\u00e9 \u00e0 une ceinture ou \u00e0 un sac \u00e0 dos pour un acc\u00e8s rapide en cas d'urgence en plein air.<br \/>\nUtilisation polyvalente en ext\u00e9rieur : Parfait pour le camping, la chasse, la p\u00eache, le bushcraft et les missions de survie - un choix id\u00e9al pour les utilisateurs tactiques et les collectionneurs.<\/p>","protected":false},"featured_media":295,"comment_status":"open","ping_status":"closed","template":"","meta":{"_acf_changed":false,"inline_featured_image":false,"slim_seo":{"description":"Le couteau de survie tactique post-apocalyptique AC011 combine un design frappant et des performances r\u00e9sistantes \u00e0 la rouille. Parfait pour le camping, la chasse, le bushcraft et la survie en ext\u00e9rieur. Cliquez ici pour en savoir plus.","title":"AC011 Post-Apocalyptic Tactical Survival Knife - ACECOLL"}},"product_brand":[],"product_cat":[16,18],"product_tag":[],"class_list":{"0":"post-226","1":"product","2":"type-product","3":"status-publish","4":"has-post-thumbnail","6":"product_cat-fixed-blade-knife","7":"product_cat-survival-knives","9":"first","10":"instock","11":"taxable","12":"shipping-taxable","13":"purchasable","14":"product-type-simple"},"acf":[],"_links":{"self":[{"href":"https:\/\/acecoll.com\/fr\/wp-json\/wp\/v2\/product\/226","targetHints":{"allow":["GET"]}}],"collection":[{"href":"https:\/\/acecoll.com\/fr\/wp-json\/wp\/v2\/product"}],"about":[{"href":"https:\/\/acecoll.com\/fr\/wp-json\/wp\/v2\/types\/product"}],"replies":[{"embeddable":true,"href":"https:\/\/acecoll.com\/fr\/wp-json\/wp\/v2\/comments?post=226"}],"version-history":[{"count":5,"href":"https:\/\/acecoll.com\/fr\/wp-json\/wp\/v2\/product\/226\/revisions"}],"predecessor-version":[{"id":1965,"href":"https:\/\/acecoll.com\/fr\/wp-json\/wp\/v2\/product\/226\/revisions\/1965"}],"wp:featuredmedia":[{"embeddable":true,"href":"https:\/\/acecoll.com\/fr\/wp-json\/wp\/v2\/media\/295"}],"wp:attachment":[{"href":"https:\/\/acecoll.com\/fr\/wp-json\/wp\/v2\/media?parent=226"}],"wp:term":[{"taxonomy":"product_brand","embeddable":true,"href":"https:\/\/acecoll.com\/fr\/wp-json\/wp\/v2\/product_brand?post=226"},{"taxonomy":"product_cat","embeddable":true,"href":"https:\/\/acecoll.com\/fr\/wp-json\/wp\/v2\/product_cat?post=226"},{"taxonomy":"product_tag","embeddable":true,"href":"https:\/\/acecoll.com\/fr\/wp-json\/wp\/v2\/product_tag?post=226"}],"curies":[{"name":"wp","href":"https:\/\/api.w.org\/{rel}","templated":true}]}}