{"id":227,"date":"2025-10-28T07:38:41","date_gmt":"2025-10-28T07:38:41","guid":{"rendered":"https:\/\/acecoll.com\/?post_type=product&#038;p=227"},"modified":"2026-02-11T07:21:20","modified_gmt":"2026-02-11T07:21:20","slug":"af012-couteau-bowie-de-chasse-cpm-t440v-acier","status":"publish","type":"product","link":"https:\/\/acecoll.com\/fr\/produit\/af012-couteau-bowie-de-chasse-cpm-t440v-acier\/","title":{"rendered":"AC012 Medium-Large Clip Point Bowie Knife"},"content":{"rendered":"<p>AC012 Medium-Large Clip Point Bowie Knife:** A premium outdoor knife that combines practical performance with refined craftsmanship.<\/p>\n<p>La lame est forg\u00e9e avec pr\u00e9cision dans un acier inoxydable \u00e0 haute teneur en carbone **CPM-T440V**, avec une construction **full-tang** qui s'\u00e9tend jusqu'au manche pour une r\u00e9sistance et une durabilit\u00e9 exceptionnelles. Elle reste stable et fiable m\u00eame apr\u00e8s une utilisation prolong\u00e9e pour couper, hacher ou percer.<\/p>\n<p>Le **manche en bois dur noir** offre une prise confortable, antid\u00e9rapante et s\u00fbre.<\/p>\n<p>L'\u00e9tui en cuir v\u00e9ritable noir** est muni d'un bouton-pression de s\u00e9curit\u00e9 et d'un passant de ceinture, ce qui permet de le transporter et de le ranger facilement lors des activit\u00e9s de plein air.<\/p>\n<p>Whether for hunting, camping, bushcraft, or collection, the AC012 stands out with its solid build and sleek appearance\u2014an ideal and trustworthy companion for outdoor enthusiasts and hunters alike.<\/p>","protected":false},"excerpt":{"rendered":"<p>Un design remarquable : Profil de type Bowie qui allie praticit\u00e9 et esth\u00e9tique. La pointe ac\u00e9r\u00e9e offre d'excellentes performances de perforation et de coupe.<br \/>\nAcier haute performance : Fabriqu\u00e9 en acier inoxydable \u00e0 haute teneur en carbone CPM-T440V, il reste solide et tranchant comme un rasoir, m\u00eame apr\u00e8s une utilisation prolong\u00e9e.<br \/>\nForme classique de la pointe \u00e0 pince : Pointe aiguis\u00e9e comme un rasoir avec une p\u00e9n\u00e9tration exceptionnelle. Le dos courb\u00e9 permet de trancher avec pr\u00e9cision tout en rehaussant l'attrait visuel du couteau.<br \/>\nManche en bois dur : La paume profil\u00e9e offre une prise confortable et antid\u00e9rapante pour une manipulation s\u00fbre et stable.<br \/>\nConstruction Full-Tang : La lame d'une seule pi\u00e8ce \u00e0 angle droit traversant le manche assure une solidit\u00e9 et une durabilit\u00e9 sup\u00e9rieures.<br \/>\n\u00c9tui en cuir v\u00e9ritable : \u00c9tui en cuir de premi\u00e8re qualit\u00e9 avec bouton-pression et passant de ceinture pour un transport facile et une protection de la lame.<br \/>\nApplication polyvalente : Id\u00e9al pour la chasse, le camping, l'entra\u00eenement \u00e0 la survie et la collecte - un excellent choix pour les amateurs de plein air et les chasseurs.<\/p>","protected":false},"featured_media":302,"comment_status":"open","ping_status":"closed","template":"","meta":{"_acf_changed":false,"inline_featured_image":false,"slim_seo":{"description":"Le couteau Bowie AC012 Medium-Large Clip Point offre d'excellentes performances de per\u00e7age et de coupe. Que ce soit pour la chasse, le camping, l'entra\u00eenement \u00e0 la survie ou les aventures en plein air, l'AC012 est un compagnon fiable. D\u00e9couvrez ce couteau d'ext\u00e9rieur haut de gamme qui allie robustesse et savoir-faire.","title":"AC012 Medium-Large Clip Point Bowie Knife - ACECOLL"}},"product_brand":[],"product_cat":[22,16,18],"product_tag":[],"class_list":{"0":"post-227","1":"product","2":"type-product","3":"status-publish","4":"has-post-thumbnail","6":"product_cat-bowie-knife","7":"product_cat-fixed-blade-knife","8":"product_cat-survival-knives","10":"first","11":"instock","12":"taxable","13":"shipping-taxable","14":"purchasable","15":"product-type-simple"},"acf":[],"_links":{"self":[{"href":"https:\/\/acecoll.com\/fr\/wp-json\/wp\/v2\/product\/227","targetHints":{"allow":["GET"]}}],"collection":[{"href":"https:\/\/acecoll.com\/fr\/wp-json\/wp\/v2\/product"}],"about":[{"href":"https:\/\/acecoll.com\/fr\/wp-json\/wp\/v2\/types\/product"}],"replies":[{"embeddable":true,"href":"https:\/\/acecoll.com\/fr\/wp-json\/wp\/v2\/comments?post=227"}],"version-history":[{"count":3,"href":"https:\/\/acecoll.com\/fr\/wp-json\/wp\/v2\/product\/227\/revisions"}],"predecessor-version":[{"id":940,"href":"https:\/\/acecoll.com\/fr\/wp-json\/wp\/v2\/product\/227\/revisions\/940"}],"wp:featuredmedia":[{"embeddable":true,"href":"https:\/\/acecoll.com\/fr\/wp-json\/wp\/v2\/media\/302"}],"wp:attachment":[{"href":"https:\/\/acecoll.com\/fr\/wp-json\/wp\/v2\/media?parent=227"}],"wp:term":[{"taxonomy":"product_brand","embeddable":true,"href":"https:\/\/acecoll.com\/fr\/wp-json\/wp\/v2\/product_brand?post=227"},{"taxonomy":"product_cat","embeddable":true,"href":"https:\/\/acecoll.com\/fr\/wp-json\/wp\/v2\/product_cat?post=227"},{"taxonomy":"product_tag","embeddable":true,"href":"https:\/\/acecoll.com\/fr\/wp-json\/wp\/v2\/product_tag?post=227"}],"curies":[{"name":"wp","href":"https:\/\/api.w.org\/{rel}","templated":true}]}}