{"id":228,"date":"2025-10-28T07:38:41","date_gmt":"2025-10-28T07:38:41","guid":{"rendered":"https:\/\/acecoll.com\/?post_type=product&#038;p=228"},"modified":"2026-02-11T07:21:29","modified_gmt":"2026-02-11T07:21:29","slug":"af013-fantasy-kukri-tactical-knife-aus-10-steel-black-handle","status":"publish","type":"product","link":"https:\/\/acecoll.com\/fr\/produit\/af013-fantasy-kukri-tactical-knife-aus-10-steel-black-handle\/","title":{"rendered":"Couteau de survie tactique AC013 Kukri"},"content":{"rendered":"<p class=\"ng-star-inserted\"><span class=\"ng-star-inserted\">Pr\u00e9parez-vous \u00e0 l'impact. Les\u00a0<\/span><strong class=\"ng-star-inserted\"><span class=\"ng-star-inserted\">Havoc<\/span><\/strong><span class=\"ng-star-inserted\">\u00a0is a fixed blade born from raw power and aggressive design, a true beast in both form and function. This is a knife that doesn&#8217;t just perform; it makes a statement.<\/span><\/p>\n<p class=\"ng-star-inserted\"><strong class=\"ng-star-inserted\"><span class=\"ng-star-inserted\">La lame : Une symphonie de puissance<\/span><\/strong><br class=\"ng-star-inserted\" \/><span class=\"ng-star-inserted\">Le Havoc est dot\u00e9 d'une lame massive de 7,8 pouces forg\u00e9e \u00e0 partir de mat\u00e9riaux de haute performance.\u00a0<\/span><strong class=\"ng-star-inserted\"><span class=\"ng-star-inserted\">Acier inoxydable AUS-10<\/span><\/strong><span class=\"ng-star-inserted\">. R\u00e9put\u00e9e pour son excellente t\u00e9nacit\u00e9, la conservation de son tranchant et sa r\u00e9sistance sup\u00e9rieure \u00e0 la corrosion, cette lame est tremp\u00e9e \u00e0 59-61 HRC pour des performances fiables. Le puissant\u00a0<\/span><strong class=\"ng-star-inserted\"><span class=\"ng-star-inserted\">recurve &#8220;dog-leg&#8221; profile<\/span><\/strong><span class=\"ng-star-inserted\">\u00a0excelle dans l'art de hacher et de trancher en profondeur et avec puissance. Ce qui le distingue vraiment, c'est l'\u00e9tonnante\u00a0<\/span><strong class=\"ng-star-inserted\"><span class=\"ng-star-inserted\">finition personnalis\u00e9e bicolore<\/span><\/strong><span class=\"ng-star-inserted\">, combining a non-reflective blackwash on the flats with a satin-finished cutting edge, separated by a unique, aggressive &#8220;bat-wing&#8221; pattern.<\/span><\/p>\n<p class=\"ng-star-inserted\"><strong class=\"ng-star-inserted\"><span class=\"ng-star-inserted\">La poign\u00e9e : Ergonomique et indestructible<\/span><\/strong><br class=\"ng-star-inserted\" \/><span class=\"ng-star-inserted\">The full-tang handle is engineered for absolute control. It&#8217;s fitted with scales made from\u00a0<\/span><strong class=\"ng-star-inserted\"><span class=\"ng-star-inserted\">nylon renforc\u00e9 en fibre de verre de haute densit\u00e9<\/span><\/strong><span class=\"ng-star-inserted\">\u2014an advanced composite material that is even more stable and durable than standard G10. It\u2019s impervious to temperature, moisture, and wear, and will not shrink or swell. The ergonomic design and deep texturing provide a secure, non-slip grip for any hard-use scenario comfortable and convenient carry, ensuring this powerful tool can be deployed in an instant.<\/span><\/p>\n<p class=\"ng-star-inserted\"><strong class=\"ng-star-inserted\"><span class=\"ng-star-inserted\">Une b\u00eate de lame<\/span><\/strong><br class=\"ng-star-inserted\" \/><span class=\"ng-star-inserted\">The Havoc is more than a knife; it&#8217;s a centerpiece. Its sheer power and unique design make it a standout choice for collectors, a formidable tool for clearing a campsite, and an impressive piece of gear for any outdoor adventure. It&#8217;s a stunning.<\/span><\/p>\n<p class=\"ng-star-inserted\"><strong class=\"ng-star-inserted\"><span class=\"ng-star-inserted\">Le fourreau : Moderne et polyvalente<\/span><\/strong><br class=\"ng-star-inserted\" \/><span class=\"ng-star-inserted\">Une b\u00eate comme le Havoc a besoin d'une cage \u00e0 sa mesure. Elle est \u00e9quip\u00e9e d'une cage l\u00e9g\u00e8re et durable.\u00a0<\/span><strong class=\"ng-star-inserted\"><span class=\"ng-star-inserted\">Fourreau en Kydex<\/span><\/strong><span class=\"ng-star-inserted\">, custom-molded for a perfect, rattle-free fit. The sheath is paired with a heavy-duty, reinforced nylon belt loop, allowing for secure and comfortable carry, ready for rapid deployment at a moment&#8217;s notice.<\/span><\/p>\n<p class=\"ng-star-inserted\"><strong class=\"ng-star-inserted\"><span class=\"ng-star-inserted\">La pi\u00e8ce d'apparat par excellence<\/span><\/strong><br class=\"ng-star-inserted\" \/><span class=\"ng-star-inserted\">Cr\u00e9\u00e9 par Ashenforge pour les hommes exigeants, ce cadeau inoubliable est destin\u00e9 \u00e0 ceux qui appr\u00e9cient le design audacieux et la force sans compromis.<\/span><\/p>","protected":false},"excerpt":{"rendered":"<p>Lame en acier AUS-10 de premi\u00e8re qualit\u00e9 : Fabriqu\u00e9e en acier inoxydable AUS-10 de haute performance avec une duret\u00e9 de 59-61HRC. Tranchante comme un rasoir, robuste et r\u00e9sistante \u00e0 la corrosion pour une longue dur\u00e9e de vie.<br \/>\nConstruction Full-Tang : Offre une r\u00e9sistance et une stabilit\u00e9 sup\u00e9rieures pour une utilisation ext\u00e9rieure exigeante.<br \/>\nFinition frappante de la lame : La surface de la lame est orn\u00e9e d'un motif de chauve-souris distinctif qui am\u00e9liore \u00e0 la fois l'attrait tactique et l'impact visuel.<br \/>\nPoign\u00e9e ergonomique : Fabriqu\u00e9 dans un nouveau mat\u00e9riau antid\u00e9rapant et r\u00e9sistant \u00e0 l'usure. Il offre une prise s\u00fbre et confortable et une excellente ergonomie pour une utilisation prolong\u00e9e.<br \/>\nFourreau en Kydex durable : Livr\u00e9 avec un passant de ceinture en tissu Oxford renforc\u00e9. S\u00fbr, l\u00e9ger et facile \u00e0 transporter ou \u00e0 monter lors d'activit\u00e9s de plein air.<br \/>\nOutil tactique polyvalent : Id\u00e9al pour le camping, la chasse, la survie, la p\u00eache et l'aventure. Sa forme unique en fait \u00e9galement une pi\u00e8ce de collection de grande valeur.<\/p>","protected":false},"featured_media":309,"comment_status":"open","ping_status":"closed","template":"","meta":{"_acf_changed":false,"inline_featured_image":false,"slim_seo":{"description":"Le couteau de survie tactique AC013 Kukri est forg\u00e9 avec pr\u00e9cision et sa lame est orn\u00e9e d'un motif de chauve-souris, alliant robustesse et style. Id\u00e9al pour le camping, la chasse, la survie et l'aventure. Cliquez ici pour en savoir plus !","title":"AC013 Kukri Tactical Survival Knife - ACECOLL"}},"product_brand":[],"product_cat":[16,26,19],"product_tag":[],"class_list":{"0":"post-228","1":"product","2":"type-product","3":"status-publish","4":"has-post-thumbnail","6":"product_cat-fixed-blade-knife","7":"product_cat-kukri-style-knives","8":"product_cat-tactical-knives","10":"first","11":"instock","12":"taxable","13":"shipping-taxable","14":"purchasable","15":"product-type-simple"},"acf":[],"_links":{"self":[{"href":"https:\/\/acecoll.com\/fr\/wp-json\/wp\/v2\/product\/228","targetHints":{"allow":["GET"]}}],"collection":[{"href":"https:\/\/acecoll.com\/fr\/wp-json\/wp\/v2\/product"}],"about":[{"href":"https:\/\/acecoll.com\/fr\/wp-json\/wp\/v2\/types\/product"}],"replies":[{"embeddable":true,"href":"https:\/\/acecoll.com\/fr\/wp-json\/wp\/v2\/comments?post=228"}],"version-history":[{"count":5,"href":"https:\/\/acecoll.com\/fr\/wp-json\/wp\/v2\/product\/228\/revisions"}],"predecessor-version":[{"id":1427,"href":"https:\/\/acecoll.com\/fr\/wp-json\/wp\/v2\/product\/228\/revisions\/1427"}],"wp:featuredmedia":[{"embeddable":true,"href":"https:\/\/acecoll.com\/fr\/wp-json\/wp\/v2\/media\/309"}],"wp:attachment":[{"href":"https:\/\/acecoll.com\/fr\/wp-json\/wp\/v2\/media?parent=228"}],"wp:term":[{"taxonomy":"product_brand","embeddable":true,"href":"https:\/\/acecoll.com\/fr\/wp-json\/wp\/v2\/product_brand?post=228"},{"taxonomy":"product_cat","embeddable":true,"href":"https:\/\/acecoll.com\/fr\/wp-json\/wp\/v2\/product_cat?post=228"},{"taxonomy":"product_tag","embeddable":true,"href":"https:\/\/acecoll.com\/fr\/wp-json\/wp\/v2\/product_tag?post=228"}],"curies":[{"name":"wp","href":"https:\/\/api.w.org\/{rel}","templated":true}]}}