{"id":229,"date":"2025-10-28T07:38:41","date_gmt":"2025-10-28T07:38:41","guid":{"rendered":"https:\/\/acecoll.com\/?post_type=product&#038;p=229"},"modified":"2026-02-11T07:22:10","modified_gmt":"2026-02-11T07:22:10","slug":"af014-couteau-kukri-bois-brun-dc53-acier","status":"publish","type":"product","link":"https:\/\/acecoll.com\/fr\/produit\/af014-couteau-kukri-bois-brun-dc53-acier\/","title":{"rendered":"AC014 Couteau de survie Kukri moyen"},"content":{"rendered":"<p>The AC014 Medium Kukri Survival Knife is a high-end outdoor blade that combines traditional craftsmanship with modern precision. Its design is inspired by the classic Nepali Kukri, featuring a forward-curved blade that delivers greater leverage and cutting efficiency with every swing.<\/p>\n<p>La lame est forg\u00e9e \u00e0 partir d'un acier \u00e0 outils DC53 \u00e0 haute teneur en carbone, gr\u00e2ce \u00e0 des techniques de forgeage avanc\u00e9es. Elle atteint une duret\u00e9 de 60+ HRC, garantissant un tranchant durable ainsi qu'une excellente t\u00e9nacit\u00e9 et r\u00e9sistance \u00e0 l'usure.<\/p>\n<p>Construit avec une structure full-tang, la lame traverse l'ensemble du manche pour une solidit\u00e9 et une stabilit\u00e9 maximales.<\/p>\n<p>Le manche en bois dur pr\u00e9sente un contour ergonomique qui offre une prise confortable et antid\u00e9rapante, permettant un contr\u00f4le stable m\u00eame lors d'une utilisation prolong\u00e9e.<\/p>\n<p>Le couteau est livr\u00e9 avec un \u00e9tui en cuir v\u00e9ritable marron fonc\u00e9 \u00e9quip\u00e9 d'une sangle de s\u00e9curit\u00e9 et d'un passant de ceinture pour un transport et un rangement pratiques.<\/p>\n<p>Whether for camping, hunting, bushcraft, or survival missions, the AC014 stands as a reliable companion\u2014embodying a perfect balance of power and craftsmanship.<\/p>","protected":false},"excerpt":{"rendered":"<p>Design de la lame Kukri : Le profil classique incurv\u00e9 du Kukri offre une force de coupe puissante avec moins d'effort.<br \/>\nAcier haute performance : Fabriqu\u00e9 en acier \u00e0 outils DC53 \u00e0 haute teneur en carbone avec une technologie avanc\u00e9e de traitement thermique, atteignant 60+ HRC pour un tranchant et une r\u00e9sistance exceptionnels.<br \/>\nStable et fiable : La construction \u00e0 crochet int\u00e9gral s'\u00e9tend sur toute la longueur du manche, garantissant une stabilit\u00e9 et une durabilit\u00e9 sup\u00e9rieures.<br \/>\nPoign\u00e9e confortable et antid\u00e9rapante : Le manche en bois dur de premi\u00e8re qualit\u00e9, de forme ergonomique et incurv\u00e9e, offre une prise s\u00fbre et confortable et permet de conserver un excellent contr\u00f4le lors d'une utilisation prolong\u00e9e.<br \/>\nS\u00fbr et portable : Livr\u00e9 avec un \u00e9tui en cuir v\u00e9ritable dot\u00e9 d'une sangle de s\u00e9curit\u00e9 et d'un passant de ceinture pour un transport facile et un acc\u00e8s rapide sur le terrain.<br \/>\nUtilisation polyvalente en ext\u00e9rieur : id\u00e9al pour le camping, la chasse, la survie et les aventures en for\u00eat - un outil polyvalent pour les t\u00e2ches exigeantes en ext\u00e9rieur.<\/p>","protected":false},"featured_media":1391,"comment_status":"open","ping_status":"closed","template":"","meta":{"_acf_changed":false,"inline_featured_image":false,"slim_seo":{"description":"Le couteau de survie AC014 Medium Kukri combine l'artisanat traditionnel et la pr\u00e9cision moderne. Parfait pour le camping, la chasse, le bushcraft et la survie en ext\u00e9rieur. D\u00e9couvrez d'autres couteaux d'ext\u00e9rieur de qualit\u00e9 sup\u00e9rieure, cliquez pour en savoir plus !","title":"AC014 Medium Kukri Survival Knife - ACECOLL"}},"product_brand":[],"product_cat":[16,26],"product_tag":[],"class_list":{"0":"post-229","1":"product","2":"type-product","3":"status-publish","4":"has-post-thumbnail","6":"product_cat-fixed-blade-knife","7":"product_cat-kukri-style-knives","9":"first","10":"instock","11":"taxable","12":"shipping-taxable","13":"purchasable","14":"product-type-simple"},"acf":[],"_links":{"self":[{"href":"https:\/\/acecoll.com\/fr\/wp-json\/wp\/v2\/product\/229","targetHints":{"allow":["GET"]}}],"collection":[{"href":"https:\/\/acecoll.com\/fr\/wp-json\/wp\/v2\/product"}],"about":[{"href":"https:\/\/acecoll.com\/fr\/wp-json\/wp\/v2\/types\/product"}],"replies":[{"embeddable":true,"href":"https:\/\/acecoll.com\/fr\/wp-json\/wp\/v2\/comments?post=229"}],"version-history":[{"count":5,"href":"https:\/\/acecoll.com\/fr\/wp-json\/wp\/v2\/product\/229\/revisions"}],"predecessor-version":[{"id":1393,"href":"https:\/\/acecoll.com\/fr\/wp-json\/wp\/v2\/product\/229\/revisions\/1393"}],"wp:featuredmedia":[{"embeddable":true,"href":"https:\/\/acecoll.com\/fr\/wp-json\/wp\/v2\/media\/1391"}],"wp:attachment":[{"href":"https:\/\/acecoll.com\/fr\/wp-json\/wp\/v2\/media?parent=229"}],"wp:term":[{"taxonomy":"product_brand","embeddable":true,"href":"https:\/\/acecoll.com\/fr\/wp-json\/wp\/v2\/product_brand?post=229"},{"taxonomy":"product_cat","embeddable":true,"href":"https:\/\/acecoll.com\/fr\/wp-json\/wp\/v2\/product_cat?post=229"},{"taxonomy":"product_tag","embeddable":true,"href":"https:\/\/acecoll.com\/fr\/wp-json\/wp\/v2\/product_tag?post=229"}],"curies":[{"name":"wp","href":"https:\/\/api.w.org\/{rel}","templated":true}]}}