{"id":230,"date":"2025-10-28T07:38:41","date_gmt":"2025-10-28T07:38:41","guid":{"rendered":"https:\/\/acecoll.com\/?post_type=product&#038;p=230"},"modified":"2026-02-11T07:22:20","modified_gmt":"2026-02-11T07:22:20","slug":"af015-couteau-a-lame-fixe-tanto-argent-d2-acier-manche-ebene","status":"publish","type":"product","link":"https:\/\/acecoll.com\/fr\/produit\/af015-couteau-a-lame-fixe-tanto-argent-d2-acier-manche-ebene\/","title":{"rendered":"AC015 Couteau Tanto \u00e0 manche en \u00e9b\u00e8ne"},"content":{"rendered":"<p>AC015 Ebony Handle Tanto Knife combines strength with refined craftsmanship.<br \/>\nLa lame est fabriqu\u00e9e en acier D2 haute performance d'une duret\u00e9 sup\u00e9rieure \u00e0 60 HRC, offrant un excellent tranchant et une grande durabilit\u00e9.<br \/>\nLe manche est renforc\u00e9 par des rivets en laiton pour une solidit\u00e9 et une stabilit\u00e9 accrues.<br \/>\nLe manche en \u00e9b\u00e8ne sculpt\u00e9 offre une texture lisse, une prise en main confortable et une performance antid\u00e9rapante fiable, alliant praticit\u00e9 et valeur de collection.<br \/>\nIl est livr\u00e9 avec un \u00e9tui en cuir et en bois fabriqu\u00e9 \u00e0 la main, ajust\u00e9 avec pr\u00e9cision et finement con\u00e7u pour prot\u00e9ger le couteau tout en lui conf\u00e9rant un aspect \u00e9l\u00e9gant et haut de gamme.<br \/>\nA truly collectible premium Tanto knife.<\/p>","protected":false},"excerpt":{"rendered":"<p data-start=\"1551\" data-end=\"1641\">Lame en acier D2 de premi\u00e8re qualit\u00e9 - Duret\u00e9 \u00e9lev\u00e9e et excellente conservation du tranchant pour une utilisation en ext\u00e9rieur.<\/p>\n<p data-start=\"1644\" data-end=\"1727\">Construction pleine longueur - Garantit la durabilit\u00e9 et la solidit\u00e9 pour les t\u00e2ches exigeantes.<\/p>\n<p data-start=\"1730\" data-end=\"1806\">Manche en \u00e9b\u00e8ne sculpt\u00e9 - Prise en main confortable avec un design \u00e9l\u00e9gant et antid\u00e9rapant.<\/p>\n<p data-start=\"1809\" data-end=\"1883\">Fourreau en cuir et en bois - S\u00fbr, \u00e9l\u00e9gant et durable pour le port \u00e0 la ceinture.<\/p>\n<p data-start=\"1886\" data-end=\"1972\">Outil polyvalent pour l'ext\u00e9rieur - Parfait pour la chasse, la survie, le camping et la collecte.<\/p>","protected":false},"featured_media":320,"comment_status":"open","ping_status":"closed","template":"","meta":{"_acf_changed":false,"inline_featured_image":false,"slim_seo":{"description":"Le couteau Tanto AC015 est dot\u00e9 d'un acier D2 haute performance, d'un manche ergonomique en \u00e9b\u00e8ne et d'un \u00e9tui en cuir et bois fabriqu\u00e9 \u00e0 la main. Un couteau haut de gamme qui allie durabilit\u00e9, \u00e9l\u00e9gance et savoir-faire.","title":"AC015 Ebony Handle Tanto Knife - ACECOLL"}},"product_brand":[],"product_cat":[16,21],"product_tag":[],"class_list":{"0":"post-230","1":"product","2":"type-product","3":"status-publish","4":"has-post-thumbnail","6":"product_cat-fixed-blade-knife","7":"product_cat-tanto-knives","9":"first","10":"instock","11":"taxable","12":"shipping-taxable","13":"purchasable","14":"product-type-simple"},"acf":[],"_links":{"self":[{"href":"https:\/\/acecoll.com\/fr\/wp-json\/wp\/v2\/product\/230","targetHints":{"allow":["GET"]}}],"collection":[{"href":"https:\/\/acecoll.com\/fr\/wp-json\/wp\/v2\/product"}],"about":[{"href":"https:\/\/acecoll.com\/fr\/wp-json\/wp\/v2\/types\/product"}],"replies":[{"embeddable":true,"href":"https:\/\/acecoll.com\/fr\/wp-json\/wp\/v2\/comments?post=230"}],"version-history":[{"count":6,"href":"https:\/\/acecoll.com\/fr\/wp-json\/wp\/v2\/product\/230\/revisions"}],"predecessor-version":[{"id":1635,"href":"https:\/\/acecoll.com\/fr\/wp-json\/wp\/v2\/product\/230\/revisions\/1635"}],"wp:featuredmedia":[{"embeddable":true,"href":"https:\/\/acecoll.com\/fr\/wp-json\/wp\/v2\/media\/320"}],"wp:attachment":[{"href":"https:\/\/acecoll.com\/fr\/wp-json\/wp\/v2\/media?parent=230"}],"wp:term":[{"taxonomy":"product_brand","embeddable":true,"href":"https:\/\/acecoll.com\/fr\/wp-json\/wp\/v2\/product_brand?post=230"},{"taxonomy":"product_cat","embeddable":true,"href":"https:\/\/acecoll.com\/fr\/wp-json\/wp\/v2\/product_cat?post=230"},{"taxonomy":"product_tag","embeddable":true,"href":"https:\/\/acecoll.com\/fr\/wp-json\/wp\/v2\/product_tag?post=230"}],"curies":[{"name":"wp","href":"https:\/\/api.w.org\/{rel}","templated":true}]}}