{"id":231,"date":"2025-10-28T07:38:41","date_gmt":"2025-10-28T07:38:41","guid":{"rendered":"https:\/\/acecoll.com\/?post_type=product&#038;p=231"},"modified":"2025-11-03T14:34:32","modified_gmt":"2025-11-03T14:34:32","slug":"af016-couteau-de-survie-tactique-a-lame-fixe-acier-d2","status":"publish","type":"product","link":"https:\/\/acecoll.com\/fr\/produit\/af016-couteau-de-survie-tactique-a-lame-fixe-acier-d2\/","title":{"rendered":"AC016 Medium Clip Point Tactical Survival Knife (couteau de survie tactique)"},"content":{"rendered":"<p>AC016 Medium Clip Point Tactical Survival Knife is a versatile outdoor tactical blade.<\/p>\n<p>The blade is forged from high-performance D2 tool steel with a hardness of 59\u201361 HRC, offering long-lasting sharpness and durability.<\/p>\n<p>La construction \u00e0 crochet int\u00e9gral s'\u00e9tend jusqu'\u00e0 la poign\u00e9e, assurant stabilit\u00e9 et fiabilit\u00e9 en cas d'utilisation intensive.<\/p>\n<p>La poign\u00e9e est en nylon renforc\u00e9 de fibres de verre (GFN) tr\u00e8s r\u00e9sistant, offrant une prise confortable, antid\u00e9rapante et s\u00fbre pour un excellent contr\u00f4le \u00e0 tout moment.<\/p>\n<p>Il est livr\u00e9 avec un \u00e9tui en Kydex durable et l\u00e9ger, dot\u00e9 d'un syst\u00e8me de verrouillage s\u00e9curis\u00e9 et d'un clip de ceinture r\u00e9glable pour un transport pratique et un d\u00e9ploiement rapide.<\/p>\n<p>Que ce soit pour le camping, la chasse, la p\u00eache, la randonn\u00e9e, l'exploration en plein air ou l'utilisation quotidienne de l'EDC, l'AC016 offre des performances fiables et une exp\u00e9rience utilisateur exceptionnelle.<\/p>\n<p>A professional-grade survival knife designed for true outdoor adventurers and tactical enthusiasts.<\/p>","protected":false},"excerpt":{"rendered":"<p data-start=\"1512\" data-end=\"1612\">Lame en acier D2 de premi\u00e8re qualit\u00e9 : Fabriqu\u00e9e en acier D2 haute performance d'une duret\u00e9 de 59-61 HRC, elle garantit un tranchant exceptionnel et une conservation durable des ar\u00eates.<br \/>\nSolidit\u00e9 fiable : Construction plein angle avec la lame traversant le manche pour une rigidit\u00e9 et une durabilit\u00e9 sup\u00e9rieures en cas d'utilisation intensive \u00e0 l'ext\u00e9rieur.<br \/>\nPoign\u00e9e ergonomique : Fabriqu\u00e9 en nylon renforc\u00e9 de fibres de verre de haute r\u00e9sistance avec des rainures pour les doigts pour une prise s\u00fbre, confortable et antid\u00e9rapante qui permet une manipulation en toute s\u00e9curit\u00e9.<br \/>\n\u00c9tui en Kydex durable et l\u00e9ger : Comprend un syst\u00e8me de verrouillage s\u00e9curis\u00e9 et un clip de ceinture r\u00e9glable pour un transport facile et un d\u00e9ploiement rapide.<br \/>\nUtilisation polyvalente : id\u00e9al pour le camping, la chasse, la p\u00eache, la randonn\u00e9e, la survie en plein air et l'EDC.<\/p>","protected":false},"featured_media":966,"comment_status":"open","ping_status":"closed","template":"","meta":{"_acf_changed":false,"inline_featured_image":false,"slim_seo":{"description":"L'AC016 est tranchant, durable et polyvalent. Parfait pour le camping, la chasse, la p\u00eache, l'EDC et la survie en ext\u00e9rieur. Un compagnon fiable pour toutes les aventures. Tendance actuelle - cliquez pour en savoir plus","title":"AC016 Medium Clip Point Tactical Survival Knife - ACECOLL"}},"product_brand":[],"product_cat":[16,18,19],"product_tag":[],"class_list":{"0":"post-231","1":"product","2":"type-product","3":"status-publish","4":"has-post-thumbnail","6":"product_cat-fixed-blade-knife","7":"product_cat-survival-knives","8":"product_cat-tactical-knives","10":"first","11":"instock","12":"taxable","13":"shipping-taxable","14":"purchasable","15":"product-type-simple"},"acf":[],"_links":{"self":[{"href":"https:\/\/acecoll.com\/fr\/wp-json\/wp\/v2\/product\/231","targetHints":{"allow":["GET"]}}],"collection":[{"href":"https:\/\/acecoll.com\/fr\/wp-json\/wp\/v2\/product"}],"about":[{"href":"https:\/\/acecoll.com\/fr\/wp-json\/wp\/v2\/types\/product"}],"replies":[{"embeddable":true,"href":"https:\/\/acecoll.com\/fr\/wp-json\/wp\/v2\/comments?post=231"}],"version-history":[{"count":3,"href":"https:\/\/acecoll.com\/fr\/wp-json\/wp\/v2\/product\/231\/revisions"}],"predecessor-version":[{"id":974,"href":"https:\/\/acecoll.com\/fr\/wp-json\/wp\/v2\/product\/231\/revisions\/974"}],"wp:featuredmedia":[{"embeddable":true,"href":"https:\/\/acecoll.com\/fr\/wp-json\/wp\/v2\/media\/966"}],"wp:attachment":[{"href":"https:\/\/acecoll.com\/fr\/wp-json\/wp\/v2\/media?parent=231"}],"wp:term":[{"taxonomy":"product_brand","embeddable":true,"href":"https:\/\/acecoll.com\/fr\/wp-json\/wp\/v2\/product_brand?post=231"},{"taxonomy":"product_cat","embeddable":true,"href":"https:\/\/acecoll.com\/fr\/wp-json\/wp\/v2\/product_cat?post=231"},{"taxonomy":"product_tag","embeddable":true,"href":"https:\/\/acecoll.com\/fr\/wp-json\/wp\/v2\/product_tag?post=231"}],"curies":[{"name":"wp","href":"https:\/\/api.w.org\/{rel}","templated":true}]}}